{"id":328,"date":"2020-06-10T12:56:38","date_gmt":"2020-06-10T10:56:38","guid":{"rendered":"http:\/\/wp.stec.local\/?page_id=328"},"modified":"2025-04-01T10:49:43","modified_gmt":"2025-04-01T08:49:43","slug":"die-zukunft-gemeinsam-voranbringen","status":"publish","type":"page","link":"https:\/\/websites.fraunhofer.de\/s-tec\/die-zukunft-gemeinsam-voranbringen\/","title":{"rendered":"Die Zukunft gemeinsam voranbringen"},"content":{"rendered":"\n\n<div class=\"wp-block-group MainContent MainContent--page\"><div class=\"wp-block-group__inner-container is-layout-flow wp-block-group-is-layout-flow\">\n<div class=\"wp-block-v4core-inner-blocks MainContent-left\">\n<div class=\"wp-block-v4core-layout undefined alignwide--left\"><div class=\"\">\n<div class=\"wp-block-v4core-slider Slider swiper-container\"><div class=\"swiper-wrapper\">\n<div class=\"wp-block-v4core-slider-item Slider-item swiper-slide\">\n<figure class=\"wp-block-image size-full\"><img fetchpriority=\"high\" decoding=\"async\" width=\"1920\" height=\"819\" src=\"https:\/\/websites.fraunhofer.de\/s-tec\/wp-content\/uploads\/2021\/11\/IM7A3700-3.jpg\" alt=\"Wir schreiben Zusammenarbeit gro\u00df: Die Kooperation von Unternehmen und Forschungseinrichtungen ist unser Anliegen.\" class=\"wp-image-5496\" srcset=\"https:\/\/websites.fraunhofer.de\/s-tec\/wp-content\/uploads\/2021\/11\/IM7A3700-3.jpg 1920w, https:\/\/websites.fraunhofer.de\/s-tec\/wp-content\/uploads\/2021\/11\/IM7A3700-3-1100x469.jpg 1100w, https:\/\/websites.fraunhofer.de\/s-tec\/wp-content\/uploads\/2021\/11\/IM7A3700-3-768x328.jpg 768w, https:\/\/websites.fraunhofer.de\/s-tec\/wp-content\/uploads\/2021\/11\/IM7A3700-3-1536x655.jpg 1536w\" sizes=\"(max-width: 1920px) 100vw, 1920px\" \/><figcaption class=\"wp-element-caption\">\u00a9 Fraunhofer IPA; Foto: Rainer Bez<\/figcaption><\/figure>\n<\/div>\n\n\n\n<div class=\"wp-block-v4core-slider-item Slider-item swiper-slide\">\n<figure class=\"wp-block-image size-large\"><img decoding=\"async\" width=\"1920\" height=\"710\" src=\"https:\/\/websites.fraunhofer.de\/s-tec\/wp-content\/uploads\/2020\/07\/STEC_KeyVisual_Geschaeftsmodell_Master-e1595326405118.jpg\" alt=\"Der Stuttgarter Technologie- und Innovationscampus vernetzt Unternehmen und Wissenschaft f\u00fcr eine effiziente Zusammenarbeit.\" class=\"wp-image-1149\" srcset=\"https:\/\/websites.fraunhofer.de\/s-tec\/wp-content\/uploads\/2020\/07\/STEC_KeyVisual_Geschaeftsmodell_Master-e1595326405118.jpg 1920w, https:\/\/websites.fraunhofer.de\/s-tec\/wp-content\/uploads\/2020\/07\/STEC_KeyVisual_Geschaeftsmodell_Master-e1595326405118-1100x407.jpg 1100w, https:\/\/websites.fraunhofer.de\/s-tec\/wp-content\/uploads\/2020\/07\/STEC_KeyVisual_Geschaeftsmodell_Master-e1595326405118-768x284.jpg 768w, https:\/\/websites.fraunhofer.de\/s-tec\/wp-content\/uploads\/2020\/07\/STEC_KeyVisual_Geschaeftsmodell_Master-e1595326405118-1536x568.jpg 1536w\" sizes=\"(max-width: 1920px) 100vw, 1920px\" \/><figcaption class=\"wp-element-caption\">\u00a9 Fraunhofer IPA<\/figcaption><\/figure>\n<\/div>\n<\/div><div class=\"swiper-buttons Content\"><div class=\"swiper-button swiper-button-prev\"><\/div><div class=\"swiper-button swiper-button-next\"><\/div><\/div><\/div>\n<\/div><\/div>\n\n\n\n<h3 class=\"wp-block-heading\">Wir schreiben Zusammenarbeit gro\u00df<\/h3>\n\n\n\n<p>S-TEC ist der Dreh- und Angelpunkt f\u00fcr Vernetzung. Der Campus setzt auf eine Vielzahl von Innovations- und Transferinstrumenten, um Industrie, Wissenschaft und Politik branchen\u00fcbergreifend miteinander zu verbinden und deren geb\u00fcndelte Kompetenz am Standort Stuttgart einzusetzen. Die Organisation und Koordination in <a href=\"https:\/\/websites.fraunhofer.de\/s-tec\/zentren\/\" target=\"_blank\" rel=\"noreferrer noopener\">S-TEC Zentren<\/a> erm\u00f6glicht Partnern eine systematische Erarbeitung strategischer Innovationsthemen au\u00dferhalb der eigenen Unternehmensstruktur. Auf diese Weise werden Themen aus verschiedenen Perspektiven kooperativ angegangen, Infrastrukturen geteilt und Netzwerke gemeinsam institutionalisiert. <\/p>\n\n\n\n<p>Dieser Rahmen bildet die ideale Basis f\u00fcr die Realisierung individueller durch das Land Baden-W\u00fcrttemberg gef\u00f6rderter und damit f\u00fcr Sie <strong>kostenfreier Projektformate<\/strong>. Ein Blick und Klick in die einzelnen Projektformate lohnt sich daher zweifach, um Ihrer Idee Auftrieb zu geben: <\/p>\n\n\n\n<ul class=\"wp-block-list\">\n<li><a href=\"https:\/\/websites.fraunhofer.de\/s-tec\/wp-content\/uploads\/2021\/06\/AI-Explorer_One-Pager.pdf\" target=\"_blank\" rel=\"noreferrer noopener\">AI Explorer<\/a> &#8211; Potenzialeinsch\u00e4tzung durch KI-Anwendungen<\/li>\n\n\n\n<li><a href=\"https:\/\/websites.fraunhofer.de\/s-tec\/wp-content\/uploads\/2021\/06\/Quick-Check_One-Pager-1.pdf\" target=\"_blank\" rel=\"noreferrer noopener\">Quick Checks<\/a> &#8211; Machbarkeitsanalyse<\/li>\n\n\n\n<li><a href=\"https:\/\/websites.fraunhofer.de\/s-tec\/wp-content\/uploads\/2021\/06\/Exploring-Project_One-Pager.pdf\" target=\"_blank\" rel=\"noreferrer noopener\">Exploring Projects<\/a> &#8211; Kurzfristige Umsetzungsstrategie auf Basis des Quick Checks<\/li>\n<\/ul>\n\n\n\n<div class=\"wp-block-buttons is-layout-flex wp-block-buttons-is-layout-flex\">\n<div class=\"wp-block-button\"><a class=\"wp-block-button__link has-light-grey-color has-blue-background-color has-text-color has-background wp-element-button\" href=\"https:\/\/websites.fraunhofer.de\/s-tec\/kontakt\/\">Jetzt anfragen<\/a><\/div>\n<\/div>\n\n\n\n<h3 class=\"wp-block-heading\">Unsere Expertise &#8211; Ihr Vorteil<\/h3>\n\n\n\n<ul class=\"wp-block-list\">\n<li>Transfer von Innovationen in praktische Applikationen<\/li>\n\n\n\n<li>Auf Ihre Bed\u00fcrfnisse zugeschnittene Projektteams<\/li>\n\n\n\n<li>Exzellentes Netzwerk aus Forschung und Industrie<\/li>\n\n\n\n<li>M\u00f6glichkeit begleitender Veranstaltungen (z.B. Workshops) und Studien<\/li>\n\n\n\n<li>Neutrale Beratung als unabh\u00e4ngiger Ansprechpartner<\/li>\n<\/ul>\n\n\n<\/div>\n\n\n\n<div class=\"wp-block-v4core-inner-blocks MainContent-right\">\n<div class=\"wp-block-v4core-layout undefined alignwide--right\"><div class=\"\"><div class='Sidebar'>\n\n<div class=\"wp-block-v4core-sidebar-item Sidebar-item\">\n<p class=\"Sidebar-item-title h6\">Bewerbungsformulare<\/p>\n\n\n\n<div class=\"wp-block-v4core-sidebar-item-content Sidebar-item-content\">\n<div class=\"wp-block-buttons is-layout-flex wp-block-buttons-is-layout-flex\">\n<div class=\"wp-block-button\"><a class=\"wp-block-button__link has-blue-background-color has-background wp-element-button\" href=\"https:\/\/websites.fraunhofer.de\/s-tec\/wp-content\/uploads\/2024\/10\/S-TEC-Bewerbungsformular_QuickCheck_ZKP_2024.pdf\" target=\"_blank\" rel=\"noreferrer noopener\"><strong>Zentrum f\u00fcr Klimaneutrale Produktion und Ganzheitliche Bilanzierung<\/strong> <\/a><\/div>\n\n\n\n<div class=\"wp-block-button\"><a class=\"wp-block-button__link has-blue-background-color has-background wp-element-button\" href=\"https:\/\/websites.fraunhofer.de\/s-tec\/wp-content\/uploads\/2024\/10\/S-TEC-Bewerbungsformular_QuickCheck_ZKP_2024.pdf\" target=\"_blank\" rel=\"noreferrer noopener\">Hier f\u00fcr einen <strong>Quick Check<\/strong> bewerben (PDF)<\/a><\/div>\n\n\n\n<div class=\"wp-block-button\"><a class=\"wp-block-button__link has-light-grey-color has-blue-background-color has-text-color has-background wp-element-button\" href=\"https:\/\/websites.fraunhofer.de\/s-tec\/wp-content\/uploads\/2024\/09\/S-TEC_Bewerbungsformular_ExploringProject.pdf\">Hier f\u00fcr ein <strong>Exploring Project<\/strong> bewerben (PDF)<\/a><\/div>\n<\/div>\n<\/div>\n<\/div>\n\n<\/div>\n\n\n<p><\/p>\n<\/div><\/div>\n<\/div>\n<\/div><\/div>\n\n\n\n\n<div class=\"wp-block-group\"><div class=\"wp-block-group__inner-container is-layout-flow wp-block-group-is-layout-flow\">\n<h2 class=\"wp-block-heading\">Arten der Zusammenarbeit<\/h2>\n\n\n<div id=\"block_cbf55f8811f630f2eb2d2148720a70a9\" class=\"Plus alignfull\">\n    <img decoding=\"async\" width=\"1843\" height=\"768\" src=\"https:\/\/websites.fraunhofer.de\/s-tec\/wp-content\/uploads\/2020\/07\/MG_6756-2_Fraunhofer-IPA_Rainer-Bez-e1595324633914.jpg?wsr\" class=\"attachment-hd size-hd\" alt=\"Zusammenarbeit wird bei S-TEC gro\u00df geschrieben\" srcset=\"https:\/\/websites.fraunhofer.de\/s-tec\/wp-content\/uploads\/2020\/07\/MG_6756-2_Fraunhofer-IPA_Rainer-Bez-e1595324633914.jpg 1843w, https:\/\/websites.fraunhofer.de\/s-tec\/wp-content\/uploads\/2020\/07\/MG_6756-2_Fraunhofer-IPA_Rainer-Bez-e1595324633914-1100x458.jpg 1100w, https:\/\/websites.fraunhofer.de\/s-tec\/wp-content\/uploads\/2020\/07\/MG_6756-2_Fraunhofer-IPA_Rainer-Bez-e1595324633914-768x320.jpg 768w, https:\/\/websites.fraunhofer.de\/s-tec\/wp-content\/uploads\/2020\/07\/MG_6756-2_Fraunhofer-IPA_Rainer-Bez-e1595324633914-1536x640.jpg 1536w\" sizes=\"(max-width: 1843px) 100vw, 1843px\" \/>\n    <div class=\"Plus-overlay\"><\/div>\n            <div class=\"Plus-marker Plus-marker--left has-color has-white-color\" data-for=\"Plus-content-0\"\n             style=\"left: 10%; bottom: 80%;\">\n                <span class=\"Plus-marker-icon has-background-color has-gradient-background-color\">\n                    <svg xmlns=\"http:\/\/www.w3.org\/2000\/svg\" width=\"24\" height=\"24\" viewBox=\"0 0 24 24\" fill=\"none\" stroke=\"#ffffff\" stroke-width=\"2\" stroke-linecap=\"round\" stroke-linejoin=\"round\" class=\"feather feather-plus\">\n                        <line x1=\"12\" y1=\"5\" x2=\"12\" y2=\"19\"><\/line><line x1=\"5\" y1=\"12\" x2=\"19\" y2=\"12\"><\/line>\n                    <\/svg>\n                <\/span>\n            <span class=\"Plus-marker-title h6\">\n                    Einzelauftr\u00e4ge\n                <\/span>\n        <\/div>\n        <div class=\"Plus-content-wrapper\" id=\"Plus-content-0\">\n            <div class=\"Plus-content has-color has-black-color has-background-color has-white-background-color\">\n                <div class=\"Plus-content-text\">\n                    <p class=\"h6\">Einzelauftr\u00e4ge<\/p>\n                    <p>Klassische Kooperation, um eine Produktinnovation auf den Markt zu bringen, ein Verfahren zu verbessern oder einen Prozess zu pr\u00fcfen und zertifizieren zu lassen.<\/p>\n                <\/div>\n                                <div class=\"Plus-content-close\">\n                    <svg xmlns=\"http:\/\/www.w3.org\/2000\/svg\" width=\"24\" height=\"24\" viewBox=\"0 0 24 24\" fill=\"none\" stroke=\"#A8A8A8\" stroke-width=\"2\" stroke-linecap=\"round\" stroke-linejoin=\"round\" class=\"feather feather-x\"><line x1=\"18\" y1=\"6\" x2=\"6\" y2=\"18\"><\/line><line x1=\"6\" y1=\"6\" x2=\"18\" y2=\"18\"><\/line><\/svg>\n                <\/div>\n            <\/div>\n        <\/div>\n            <div class=\"Plus-marker Plus-marker--left has-color has-white-color\" data-for=\"Plus-content-1\"\n             style=\"left: 35%; bottom: 80%;\">\n                <span class=\"Plus-marker-icon has-background-color has-gradient-background-color\">\n                    <svg xmlns=\"http:\/\/www.w3.org\/2000\/svg\" width=\"24\" height=\"24\" viewBox=\"0 0 24 24\" fill=\"none\" stroke=\"#ffffff\" stroke-width=\"2\" stroke-linecap=\"round\" stroke-linejoin=\"round\" class=\"feather feather-plus\">\n                        <line x1=\"12\" y1=\"5\" x2=\"12\" y2=\"19\"><\/line><line x1=\"5\" y1=\"12\" x2=\"19\" y2=\"12\"><\/line>\n                    <\/svg>\n                <\/span>\n            <span class=\"Plus-marker-title h6\">\n                    Ausgr\u00fcndungen\n                <\/span>\n        <\/div>\n        <div class=\"Plus-content-wrapper\" id=\"Plus-content-1\">\n            <div class=\"Plus-content has-color has-black-color has-background-color has-white-background-color\">\n                <div class=\"Plus-content-text\">\n                    <p class=\"h6\">Ausgr\u00fcndungen<\/p>\n                    <p>Aufgrund unserer Vielzahl an Gr\u00fcndungsaktivit\u00e4ten besteht permanent Interesse an Kooperationen mit Investoren. Inkubation und Akzeleration von erfahrener Seite sind willkommen.<\/p>\n                <\/div>\n                                <div class=\"Plus-content-close\">\n                    <svg xmlns=\"http:\/\/www.w3.org\/2000\/svg\" width=\"24\" height=\"24\" viewBox=\"0 0 24 24\" fill=\"none\" stroke=\"#A8A8A8\" stroke-width=\"2\" stroke-linecap=\"round\" stroke-linejoin=\"round\" class=\"feather feather-x\"><line x1=\"18\" y1=\"6\" x2=\"6\" y2=\"18\"><\/line><line x1=\"6\" y1=\"6\" x2=\"18\" y2=\"18\"><\/line><\/svg>\n                <\/div>\n            <\/div>\n        <\/div>\n            <div class=\"Plus-marker Plus-marker--left has-color has-white-color\" data-for=\"Plus-content-2\"\n             style=\"left: 60%; bottom: 80%;\">\n                <span class=\"Plus-marker-icon has-background-color has-gradient-background-color\">\n                    <svg xmlns=\"http:\/\/www.w3.org\/2000\/svg\" width=\"24\" height=\"24\" viewBox=\"0 0 24 24\" fill=\"none\" stroke=\"#ffffff\" stroke-width=\"2\" stroke-linecap=\"round\" stroke-linejoin=\"round\" class=\"feather feather-plus\">\n                        <line x1=\"12\" y1=\"5\" x2=\"12\" y2=\"19\"><\/line><line x1=\"5\" y1=\"12\" x2=\"19\" y2=\"12\"><\/line>\n                    <\/svg>\n                <\/span>\n            <span class=\"Plus-marker-title h6\">\n                    Gro\u00dfprojekte mit vielen Partnern\n                <\/span>\n        <\/div>\n        <div class=\"Plus-content-wrapper\" id=\"Plus-content-2\">\n            <div class=\"Plus-content has-color has-black-color has-background-color has-white-background-color\">\n                <div class=\"Plus-content-text\">\n                    <p class=\"h6\">Gro\u00dfprojekte mit vielen Partnern<\/p>\n                    <p>Auftraggebern steht das gesamte Umfeld der Fraunhofer-Institute zur Verf\u00fcgung, auch externe Partner und weitere Unternehmen sowie eventuelle staatliche F\u00f6rderung.<\/p>\n                <\/div>\n                                <div class=\"Plus-content-close\">\n                    <svg xmlns=\"http:\/\/www.w3.org\/2000\/svg\" width=\"24\" height=\"24\" viewBox=\"0 0 24 24\" fill=\"none\" stroke=\"#A8A8A8\" stroke-width=\"2\" stroke-linecap=\"round\" stroke-linejoin=\"round\" class=\"feather feather-x\"><line x1=\"18\" y1=\"6\" x2=\"6\" y2=\"18\"><\/line><line x1=\"6\" y1=\"6\" x2=\"18\" y2=\"18\"><\/line><\/svg>\n                <\/div>\n            <\/div>\n        <\/div>\n            <div class=\"Plus-marker Plus-marker--left has-color has-white-color\" data-for=\"Plus-content-3\"\n             style=\"left: 10%; bottom: 20%;\">\n                <span class=\"Plus-marker-icon has-background-color has-gradient-background-color\">\n                    <svg xmlns=\"http:\/\/www.w3.org\/2000\/svg\" width=\"24\" height=\"24\" viewBox=\"0 0 24 24\" fill=\"none\" stroke=\"#ffffff\" stroke-width=\"2\" stroke-linecap=\"round\" stroke-linejoin=\"round\" class=\"feather feather-plus\">\n                        <line x1=\"12\" y1=\"5\" x2=\"12\" y2=\"19\"><\/line><line x1=\"5\" y1=\"12\" x2=\"19\" y2=\"12\"><\/line>\n                    <\/svg>\n                <\/span>\n            <span class=\"Plus-marker-title h6\">\n                    Lizenzen\n                <\/span>\n        <\/div>\n        <div class=\"Plus-content-wrapper\" id=\"Plus-content-3\">\n            <div class=\"Plus-content has-color has-black-color has-background-color has-white-background-color\">\n                <div class=\"Plus-content-text\">\n                    <p class=\"h6\">Lizenzen<\/p>\n                    <p>Auch f\u00fcr Ihr Unternehmen lassen sich in der breiten Palette an gesch\u00fctztem Know-how und erteilten Patenten bei Fraunhofer Schutzrechte finden. <\/p>\n                <\/div>\n                                <div class=\"Plus-content-close\">\n                    <svg xmlns=\"http:\/\/www.w3.org\/2000\/svg\" width=\"24\" height=\"24\" viewBox=\"0 0 24 24\" fill=\"none\" stroke=\"#A8A8A8\" stroke-width=\"2\" stroke-linecap=\"round\" stroke-linejoin=\"round\" class=\"feather feather-x\"><line x1=\"18\" y1=\"6\" x2=\"6\" y2=\"18\"><\/line><line x1=\"6\" y1=\"6\" x2=\"18\" y2=\"18\"><\/line><\/svg>\n                <\/div>\n            <\/div>\n        <\/div>\n            <div class=\"Plus-marker Plus-marker--left has-color has-white-color\" data-for=\"Plus-content-4\"\n             style=\"left: 60%; bottom: 20%;\">\n                <span class=\"Plus-marker-icon has-background-color has-gradient-background-color\">\n                    <svg xmlns=\"http:\/\/www.w3.org\/2000\/svg\" width=\"24\" height=\"24\" viewBox=\"0 0 24 24\" fill=\"none\" stroke=\"#ffffff\" stroke-width=\"2\" stroke-linecap=\"round\" stroke-linejoin=\"round\" class=\"feather feather-plus\">\n                        <line x1=\"12\" y1=\"5\" x2=\"12\" y2=\"19\"><\/line><line x1=\"5\" y1=\"12\" x2=\"19\" y2=\"12\"><\/line>\n                    <\/svg>\n                <\/span>\n            <span class=\"Plus-marker-title h6\">\n                    Strategische Partnerschaften\n                <\/span>\n        <\/div>\n        <div class=\"Plus-content-wrapper\" id=\"Plus-content-4\">\n            <div class=\"Plus-content has-color has-black-color has-background-color has-white-background-color\">\n                <div class=\"Plus-content-text\">\n                    <p class=\"h6\">Strategische Partnerschaften<\/p>\n                    <p>Aus unserer Vorlaufforschung, die zun\u00e4chst unabh\u00e4ngig von Auftr\u00e4gen erfolgt, ergeben sich oft lang dauernde Partnerschaften mit Unternehmen. <\/p>\n                <\/div>\n                                <div class=\"Plus-content-close\">\n                    <svg xmlns=\"http:\/\/www.w3.org\/2000\/svg\" width=\"24\" height=\"24\" viewBox=\"0 0 24 24\" fill=\"none\" stroke=\"#A8A8A8\" stroke-width=\"2\" stroke-linecap=\"round\" stroke-linejoin=\"round\" class=\"feather feather-x\"><line x1=\"18\" y1=\"6\" x2=\"6\" y2=\"18\"><\/line><line x1=\"6\" y1=\"6\" x2=\"18\" y2=\"18\"><\/line><\/svg>\n                <\/div>\n            <\/div>\n        <\/div>\n            <div class=\"Plus-marker Plus-marker--left has-color has-white-color\" data-for=\"Plus-content-5\"\n             style=\"left: 35%; bottom: 20%;\">\n                <span class=\"Plus-marker-icon has-background-color has-gradient-background-color\">\n                    <svg xmlns=\"http:\/\/www.w3.org\/2000\/svg\" width=\"24\" height=\"24\" viewBox=\"0 0 24 24\" fill=\"none\" stroke=\"#ffffff\" stroke-width=\"2\" stroke-linecap=\"round\" stroke-linejoin=\"round\" class=\"feather feather-plus\">\n                        <line x1=\"12\" y1=\"5\" x2=\"12\" y2=\"19\"><\/line><line x1=\"5\" y1=\"12\" x2=\"19\" y2=\"12\"><\/line>\n                    <\/svg>\n                <\/span>\n            <span class=\"Plus-marker-title h6\">\n                    Weiterbildung\n                <\/span>\n        <\/div>\n        <div class=\"Plus-content-wrapper\" id=\"Plus-content-5\">\n            <div class=\"Plus-content has-color has-black-color has-background-color has-white-background-color\">\n                <div class=\"Plus-content-text\">\n                    <p class=\"h6\">Weiterbildung<\/p>\n                    <p>Wir qualifizieren Ihre Mitarbeiter*innen f\u00fcr die aktuellen und k\u00fcnftigen Herausforderungen, indem wir Fach-, Methoden-, Sozial- und Selbstkompetenzen auf- und ausbauen.<\/p>\n                <\/div>\n                                <div class=\"Plus-content-close\">\n                    <svg xmlns=\"http:\/\/www.w3.org\/2000\/svg\" width=\"24\" height=\"24\" viewBox=\"0 0 24 24\" fill=\"none\" stroke=\"#A8A8A8\" stroke-width=\"2\" stroke-linecap=\"round\" stroke-linejoin=\"round\" class=\"feather feather-x\"><line x1=\"18\" y1=\"6\" x2=\"6\" y2=\"18\"><\/line><line x1=\"6\" y1=\"6\" x2=\"18\" y2=\"18\"><\/line><\/svg>\n                <\/div>\n            <\/div>\n        <\/div>\n    <\/div><\/div><\/div>\n\n\n\n\n<div class=\"wp-block-group\"><div class=\"wp-block-group__inner-container is-layout-flow wp-block-group-is-layout-flow\">\n<div class=\"wp-block-columns is-layout-flex wp-container-core-columns-is-layout-9d6595d7 wp-block-columns-is-layout-flex\">\n<div class=\"wp-block-column is-layout-flow wp-block-column-is-layout-flow\">\n<h2 class=\"wp-block-heading\">Ein starkes Team f\u00fcr eine starke Zukunft<\/h2>\n<\/div>\n\n\n\n<div class=\"wp-block-column is-layout-flow wp-block-column-is-layout-flow\">\n<p>Wir schaffen Synergien zwischen Unternehmen und wissenschaftlichen Einrichtungen. Gerne unterst\u00fctzen wir Sie bei Ihrer spezifischen Fragestellung. Nehmen Sie Kontakt mit unseren Ansprechpartner*innen auf.<\/p>\n<\/div>\n<\/div>\n\n\n\n    \n    \n<div id=\"v4core-post-list--1\" class=\"PostList PostList--contact PostList--static\">\n\n    \n        <article class=\"PostList-no-results\">\n    <div class=\"PostList-item-link-content\">\n        <p class=\"PostList-item-link-content-title\">\n            <span class=\"PostList-item-link-content-category h6 has-magenta-color\">Keine Ergebnisse gefunden<\/span><br>\n            Versuchen Sie die Filterung anzupassen\n        <\/p>\n    <\/div>\n<\/article>\n\n        \n            <div class=\"PostList-posts PostList-posts--contact\">\n                \n    \n    <article\n        class=\"PostList-item PostList-item--contact post_type-contact-373 \"\n        data-post=\"373\">\n\n    <div class=\"PostList-item-image\">\n        <img loading=\"lazy\" decoding=\"async\" width=\"662\" height=\"662\" src=\"https:\/\/websites.fraunhofer.de\/s-tec\/wp-content\/uploads\/2020\/07\/IM7A0519-geschnitten2-rund.jpg?wsr\" class=\"attachment-hd size-hd\" alt=\"S-TEC Ansprechpartner\" srcset=\"https:\/\/websites.fraunhofer.de\/s-tec\/wp-content\/uploads\/2020\/07\/IM7A0519-geschnitten2-rund.jpg 662w, https:\/\/websites.fraunhofer.de\/s-tec\/wp-content\/uploads\/2020\/07\/IM7A0519-geschnitten2-rund-150x150.jpg 150w\" sizes=\"(max-width: 662px) 100vw, 662px\" \/>\n    <\/div>\n\n    <div class=\"PostList-item-content\">\n                        <p class=\"h6\">Dr. Kai Kohler<\/p>\n        <p><a href=\"tel:+49 711 970-1600\">+49 711 970-1600<\/a><\/p>\n        <p><a class=\"PostList-item-mail\" href=\"mailto:kai.kohler@ipa.fraunhofer.de\">E-Mail senden<\/a><\/p>\n    <\/div>\n<\/article>    <article\n        class=\"PostList-item PostList-item--contact post_type-contact-566 \"\n        data-post=\"566\">\n\n    <div class=\"PostList-item-image\">\n        <img loading=\"lazy\" decoding=\"async\" width=\"836\" height=\"836\" src=\"https:\/\/websites.fraunhofer.de\/s-tec\/wp-content\/uploads\/2020\/09\/Passfoto-Rueger.jpg?wsr\" class=\"attachment-hd size-hd\" alt=\"\" srcset=\"https:\/\/websites.fraunhofer.de\/s-tec\/wp-content\/uploads\/2020\/09\/Passfoto-Rueger.jpg 836w, https:\/\/websites.fraunhofer.de\/s-tec\/wp-content\/uploads\/2020\/09\/Passfoto-Rueger-150x150.jpg 150w, https:\/\/websites.fraunhofer.de\/s-tec\/wp-content\/uploads\/2020\/09\/Passfoto-Rueger-768x768.jpg 768w\" sizes=\"(max-width: 836px) 100vw, 836px\" \/>\n    <\/div>\n\n    <div class=\"PostList-item-content\">\n                        <p class=\"h6\">Prof. Dr.-Ing. Marc R\u00fcger<\/p>\n        <p><a href=\"tel:+49 711 970-2044\">+49 711 970-2044<\/a><\/p>\n        <p><a class=\"PostList-item-mail\" href=\"mailto:marc.rueger@iao.\u200bfraunhofer\u200b.de\">E-Mail senden<\/a><\/p>\n    <\/div>\n<\/article>            <\/div>\n\n            \n        <div class=\"PostList-meta\">\n\n            \n            \n        <\/div>\n\n        \n<\/div><\/div><\/div>\n\n\n\n\n<p><\/p>\n\n\n\n<p><\/p>\n","protected":false},"excerpt":{"rendered":"<p>Arten der Zusammenarbeit<\/p>\n","protected":false},"author":1,"featured_media":0,"parent":0,"menu_order":17,"comment_status":"closed","ping_status":"closed","template":"","meta":{"_acf_changed":false,"footnotes":""},"class_list":["post-328","page","type-page","status-publish","hentry"],"acf":[],"_links":{"self":[{"href":"https:\/\/websites.fraunhofer.de\/s-tec\/wp-json\/wp\/v2\/pages\/328","targetHints":{"allow":["GET"]}}],"collection":[{"href":"https:\/\/websites.fraunhofer.de\/s-tec\/wp-json\/wp\/v2\/pages"}],"about":[{"href":"https:\/\/websites.fraunhofer.de\/s-tec\/wp-json\/wp\/v2\/types\/page"}],"author":[{"embeddable":true,"href":"https:\/\/websites.fraunhofer.de\/s-tec\/wp-json\/wp\/v2\/users\/1"}],"replies":[{"embeddable":true,"href":"https:\/\/websites.fraunhofer.de\/s-tec\/wp-json\/wp\/v2\/comments?post=328"}],"version-history":[{"count":181,"href":"https:\/\/websites.fraunhofer.de\/s-tec\/wp-json\/wp\/v2\/pages\/328\/revisions"}],"predecessor-version":[{"id":7839,"href":"https:\/\/websites.fraunhofer.de\/s-tec\/wp-json\/wp\/v2\/pages\/328\/revisions\/7839"}],"wp:attachment":[{"href":"https:\/\/websites.fraunhofer.de\/s-tec\/wp-json\/wp\/v2\/media?parent=328"}],"curies":[{"name":"wp","href":"https:\/\/api.w.org\/{rel}","templated":true}]}}