{"id":3,"date":"2020-05-14T16:56:26","date_gmt":"2020-05-14T14:56:26","guid":{"rendered":"http:\/\/wp.stec.local\/?page_id=3"},"modified":"2025-07-28T09:39:16","modified_gmt":"2025-07-28T07:39:16","slug":"datenschutz","status":"publish","type":"page","link":"https:\/\/websites.fraunhofer.de\/s-tec\/datenschutz\/","title":{"rendered":"Datenschutzerkl\u00e4rung"},"content":{"rendered":"\n<p>Wir freuen uns sehr \u00fcber Ihr Interesse an unserer Organisation. Den Schutz Ihrer pers\u00f6nlichen Daten nehmen wir sehr ernst, auch anl\u00e4sslich Ihres Besuches auf unserer Webseite. Ihre Daten werden so gesch\u00fctzt, wie es die gesetzlichen Vorschriften, insbesondere die DSGVO und das BDSG vorsehen.<br><br>Im Rahmen der Nutzung dieser Webseite werden personenbezogene Daten von Ihnen durch uns als den f\u00fcr die Datenverarbeitung Verantwortlichen verarbeitet und f\u00fcr die Dauer gespeichert, die zur Erf\u00fcllung der festgelegten Zwecke und gesetzlicher Verpflichtungen erforderlich ist. Im Folgenden informieren wir Sie dar\u00fcber, um welche Daten es sich dabei handelt, auf welche Weise sie verarbeitet werden und welche Rechte Ihnen diesbez\u00fcglich zustehen.<br><br>Personenbezogene Daten sind gem\u00e4\u00df Art. 4 Nr. 1 Datenschutzgrundverordnung (DSGVO) alle Informationen, die sich auf eine identifizierte oder identifizierbare nat\u00fcrliche Person beziehen.<\/p>\n\n\n\n<h3 class=\"wp-block-heading\">1. Geltungsbereich<\/h3>\n\n\n\n<p>Diese Datenschutzinformation gilt f\u00fcr Datenverarbeitungen auf der S-TEC-Webseite sowie aller im Zusammenhang mit der S-TEC Webseite angebotenen Diensten als Webdienst oder als mobile App (zur besseren Lesbarkeit im Folgenden: Webseite), sofern jeweils auf diese Datenschutzinformation verwiesen wird.<\/p>\n\n\n\n<h3 class=\"wp-block-heading\">2. Name und Kontaktdaten des f\u00fcr die Verarbeitung Verantwortlichen sowie des betrieblichen Datenschutzbeauftragten<\/h3>\n\n\n\n<p>Verantwortlicher im Sinne von Art. 4 Nr. 7 DSGVO: <br><br>Fraunhofer-Gesellschaft<br>zur F\u00f6rderung der angewandten Forschung e.V. <br><br>Hansastra\u00dfe 27c,<br>80686 M\u00fcnchen<br><br>f\u00fcr ihr Fraunhofer-Institut f\u00fcr Produktionstechnik und Automatisierung IPA<br>Nobelstra\u00dfe 12, 70569 Stuttgart<br>(im Folgenden \u201e<strong>Fraunhofer IPA<\/strong>\u201c)<br><br>E-Mail: <a href=\"mailto:datenschutz@ipa.fraunhofer.de\" target=\"_blank\" rel=\"noreferrer noopener\">datenschutz(at)ipa.fraunhofer.de<\/a><br><br>Der Datenschutzbeauftragte von Fraunhofer ist unter der o.g. Anschrift in M\u00fcnchen, zu Hd. Datenschutzbeauftragter bzw. unter <a href=\"mailto:datenschutz@zv.fraunhofer.de\" target=\"_blank\" rel=\"noreferrer noopener\">datenschutz(at)zv.fraunhofer.de <\/a>erreichbar.<br>Sie k\u00f6nnen sich jederzeit bei Fragen zum Datenschutzrecht oder Ihren Betroffenenrechten direkt an unseren Datenschutzbeauftragten wenden.<\/p>\n\n\n\n<h3 class=\"wp-block-heading\">3. Verarbeitung personenbezogener Daten und Zwecke der Verarbeitung<\/h3>\n\n\n\n<h4 class=\"wp-block-heading\">a) Beim Besuch der Webseite<\/h4>\n\n\n\n<p>Sie k\u00f6nnen unsere Webseite aufrufen, ohne Angaben zu Ihrer Identit\u00e4t preisgeben zu m\u00fcssen. Der auf Ihrem Endger\u00e4t eingesetzte Browser sendet lediglich automatisch Informationen an den Server unserer Webseite (z.B. Browsertyp und \u2013version, Datum und Uhrzeit des Zugriffs), um einen Verbindungsaufbau der Webseite zu erm\u00f6glichen. Hierzu geh\u00f6rt auch die IP-Adresse Ihres anfragenden Endger\u00e4tes. Diese wird tempor\u00e4r in einem sog. Logfile gespeichert und sp\u00e4testens nach 4 Tagen gel\u00f6scht. <br><br>Die Verarbeitung der IP-Adresse erfolgt zu technischen und administrativen Zwecken des Verbindungsaufbaus und \u2013stabilit\u00e4t, um die Sicherheit und Funktionsf\u00e4higkeit unserer Webseite zu gew\u00e4hrleisten und etwaige rechtswidrige Angriffe hierauf notfalls verfolgen zu k\u00f6nnen. Die Rechtsgrundlage f\u00fcr die Verarbeitung der IP-Adresse ist Art. 6 Abs. 1 S. 1 lit. f DSGVO. Unser berechtigtes Interesse folgt aus dem erw\u00e4hnten Sicherheitsinteresse und der Erforderlichkeit einer st\u00f6rungsfreien Bereitstellung unserer Webseite. Aus der Verarbeitung der IP-Adresse und anderer Information in dem Logfile k\u00f6nnen wir keine unmittelbaren R\u00fcckschl\u00fcsse auf Ihre Identit\u00e4t ziehen. <br><br>Dar\u00fcber hinaus setzen wir beim Besuch unserer Webseite Cookies ein. N\u00e4here Erl\u00e4uterungen dazu erhalten Sie unter Ziffer 5.<\/p>\n\n\n\n<h4 class=\"wp-block-heading\">b) Bei Nutzung von Kontaktformularen<\/h4>\n\n\n\n<p>Auf einigen unserer Webseiten bieten wir Ihnen die M\u00f6glichkeit, mit uns \u00fcber ein auf der Webseite bereitgestelltes Formular Kontakt aufzunehmen. Dabei sind einige Angaben als Pflichtangaben erforderlich (Anrede, Nachname, E-Mail-Adresse). Ihre Daten ben\u00f6tigen wir, um festzustellen, von wem die Anfrage stammt und um diese bearbeiten und beantworten zu k\u00f6nnen. <br><br>Die Datenverarbeitung erfolgt auf Ihre Anfrage hin und ist im Rahmen der Beantwortung einer Kontaktanfrage auf unsere berechtigten Interessen gem. Art. 6 Abs. 1 S. 1 lit. f DSGVO gest\u00fctzt. Die f\u00fcr die Benutzung des Kontaktformulars von uns erhobenen personenbezogenen Daten werden nach Erledigung der von Ihnen gestellten Anfrage gel\u00f6scht, sofern keine gesetzlichen Aufbewahrungsfristen einer L\u00f6schung Ihrer Daten entgegenstehen.<\/p>\n\n\n\n<h3 class=\"wp-block-heading\">4. Weitergabe von personenbezogenen Daten an Dritte<\/h3>\n\n\n\n<p>Wir geben die Sie betreffenden personenbezogenen Daten nur an Dritte weiter, wenn:<\/p>\n\n\n\n<ul class=\"wp-block-list\"><li>Sie gem. Art. 6 Abs. 1 S. 1 lit. a DSGVO Ihre ausdr\u00fcckliche Einwilligung dazu erteilt haben,<\/li><li>dies gem. Art. 6 Abs. 1 S. 1 lit. b DSGVO f\u00fcr die Erf\u00fcllung eines Vertrages mit Ihnen erforderlich ist,<\/li><li>f\u00fcr die Weitergabe nach Art. 6 Abs. 1 S. 1 lit. c DSGVO eine gesetzliche Verpflichtung besteht.<\/li><\/ul>\n\n\n\n<p>Die weitergegebenen Daten d\u00fcrfen von dem Dritten ausschlie\u00dflich zu den genannten Zwecken verwendet werden.<\/p>\n\n\n\n<h3 class=\"wp-block-heading\">5. Cookies<\/h3>\n\n\n\n<p>Au\u00dfer im unter Ziffer 6 beschriebenen Fall werden keine Cookies gesetzt.<\/p>\n\n\n\n<h3 class=\"wp-block-heading\">6. Webanalyse \/ Tracking<\/h3>\n\n\n\n<p>Wir setzen auf unserer Webseite die Open-Source-Software\u00a0<a href=\"https:\/\/matomo.org\/\">Matomo von InnoCraft Ltd<\/a>\u00a0aus Neuseeland ein, um das Nutzerverhalten bei Besuchen auf unserer Seite zu analysieren und unsere Seite und ihre Inhalte entsprechend darauf basierend zu optimieren. Dabei erhalten wir keine Informationen, die Sie unmittelbar identifizieren. In der von uns eingesetzten Variante von Matomo werden Vorkehrungen mittels der DoNotTrack-Technologie beachtet (siehe hierzu\u00a0<a href=\"http:\/\/www.donottrack.us\/\">www.donottrack.us<\/a>) mit der Folge, dass Ihr Webseitenbesuch nicht erfasst wird, wenn Sie in den Einstellungen Ihres Internet-Browsers vermerkt haben, dass Sie kein Tracking w\u00fcnschen.<\/p>\n\n\n\n<p>Im Zusammenhang mit dem Einsatz von Matomo werden Cookies eingesetzt, die eine statistische Analyse der Nutzung dieser Website durch Ihre Besuche erm\u00f6glichen. In dem Cookie werden Informationen \u2013 einschlie\u00dflich personenbezogener Informationen -zu Ihrem Besucherverhalten abgelegt und unter Verwendung eines Pseudonyms in einem Nutzungsprofil zum Zwecke der Analyse verarbeitet. Da Matomo auf unseren eigenen Server gehostet wird, ist f\u00fcr die Analyse eine Verarbeitung durch Dritte nicht erforderlich. Die dabei gewonnenen Daten werden ohne Ihre gesondert erteilte Zustimmung nicht benutzt, um Sie pers\u00f6nlich zu identifizieren und die Daten werden nicht mit personenbezogenen Daten \u00fcber Sie als Tr\u00e4ger des Pseudonyms zusammengef\u00fchrt. Soweit IP-Adressen erhoben werden, werden diese unverz\u00fcglich nach Erhebung durch L\u00f6schen des letzten Nummernblocks anonymisiert. Die Datenverarbeitung erfolgt auf Grund unseres berechtigten Interesses gem\u00e4\u00df Art. 6 Abs.1 S. 1 lit. f DSGVO zum Zwecke der Optimierung unseres Online-Angebotes und unseres Webauftritts.\u00a0<\/p>\n\n\n\n<h3 class=\"wp-block-heading\">7. Social Plugins<\/h3>\n\n\n\n<p>Wir setzen auf unserer Webseite sog. Social-Media-Buttons (auch Social-Media-Plugins) ein. Hierbei handelt es sich um kleine Schaltfl\u00e4chen mittels derer Sie Inhalte unserer Webseite in sozialen Netzwerken unter Ihrem Profil ver\u00f6ffentlichen k\u00f6nnen. <br><br>Sofern Sie eine solche Schaltfl\u00e4che aktivieren, wird eine Verbindung zwischen unserer Webseite und dem sozialen Netzwerk hergestellt. Neben den betreffenden Inhalten, erh\u00e4lt der Betreiber des sozialen Netzwerkes weitere zum Teil personenbezogene Information. Dazu geh\u00f6rt etwa der Umstand, dass Sie gerade unsere Seite besuchen. <br><br>Die Einbindung der Social-Media-Buttons erfolgt unter Einsatz der sog. Shariff-L\u00f6sung. Diese L\u00f6sung verhindert, dass bereits eine Verbindung zu einem sozialen Netzwerk aufgebaut wird, nur weil Sie eine Seite mit einem Social-Media-Button aufrufen, ohne diesen zu aktivieren. Das bedeutet, dass erst dann Informationen an das soziale Netzwerk \u00fcbermittelt werden, wenn Sie die Schaltfl\u00e4che einsetzen. <br><br>Die folgenden Social-Media-Plugins setzen wir ein:<\/p>\n\n\n\n<h4 class=\"wp-block-heading\">a) Twitter teilen der Twitter International Company<\/h4>\n\n\n\n<p>Teilweise werden Informationen an die Muttergesellschaft Twitter Inc. mit Sitz in den USA \u00fcbermittelt. Diese beachtet die Datenschutzbestimmungen des \u201eUS-Privacy-Shield\u201c und ist beim \u201eUS-Privacy Shield\u201c-Programm des US-Handelsministeriums registriert. Weitere Informationen zum Datenschutz bei Twitter finden Sie in der Datenschutzerkl\u00e4rung unter <a href=\"https:\/\/twitter.com\/en\/privacy\">https:\/\/twitter.com\/privacy<\/a>.<\/p>\n\n\n\n<h4 class=\"wp-block-heading\">b) LinkedIn teilen der LinkedIn Ireland Unlimited Company<\/h4>\n\n\n\n<p>Teilweise werden Informationen an die Muttergesellschaft LinkedIn Corporation mit Sitz in den USA \u00fcbermittelt. Diese beachtet die Datenschutzbestimmungen des \u201eUS-Privacy-Shield\u201c und ist beim \u201eUS-Privacy Shield\u201c-Programm des US-Handelsministeriums registriert. Weitere Informationen zum Datenschutz bei LinkedIn finden Sie in der Datenschutzrichtlinie von LinkedIn unter <a href=\"https:\/\/www.linkedin.com\/legal\/privacy-policy?trk=uno-reg-guest-home-privacy-policy\" target=\"_blank\" rel=\"noreferrer noopener\">https:\/\/www.linkedin.com\/privacy.<\/a><\/p>\n\n\n\n<h3 class=\"wp-block-heading\">8. Betroffenenrechte<\/h3>\n\n\n\n<p>Sie haben das Recht:<\/p>\n\n\n\n<ul class=\"wp-block-list\"><li>gem\u00e4\u00df Art. 7 Abs. 3 DSGVO Ihre einmal erteilte Einwilligung jederzeit gegen\u00fcber uns zu widerrufen. Dies hat zur Folge, dass wir die Datenverarbeitung, die auf dieser Einwilligung beruhte, f\u00fcr die Zukunft nicht mehr fortf\u00fchren d\u00fcrfen;<\/li><li>gem\u00e4\u00df Art. 15 DSGVO Auskunft \u00fcber Ihre von uns verarbeiteten personenbezogenen Daten zu verlangen. Insbesondere k\u00f6nnen Sie Auskunft \u00fcber die Verarbeitungszwecke, die Kategorie der personenbezogenen Daten, die Kategorien von Empf\u00e4ngern, gegen\u00fcber denen Ihre Daten offengelegt wurden oder werden, die geplante Speicherdauer, das Bestehen eines Rechts auf Berichtigung, L\u00f6schung, Einschr\u00e4nkung der Verarbeitung oder Widerspruch, das Bestehen eines Beschwerderechts, die Herkunft ihrer Daten, sofern diese nicht bei uns erhoben wurden, sowie \u00fcber das Bestehen einer automatisierten Entscheidungsfindung einschlie\u00dflich Profiling und ggf. aussagekr\u00e4ftigen Informationen zu deren Einzelheiten verlangen;<\/li><li>gem\u00e4\u00df Art. 16 DSGVO unverz\u00fcglich die Berichtigung unrichtiger oder Vervollst\u00e4ndigung Ihrer bei uns gespeicherten personenbezogenen Daten zu verlangen;<\/li><li>gem\u00e4\u00df Art. 17 DSGVO die L\u00f6schung Ihrer bei uns gespeicherten personenbezogenen Daten zu verlangen, soweit nicht die Verarbeitung zur Aus\u00fcbung des Rechts auf freie Meinungs\u00e4u\u00dferung und Information, zur Erf\u00fcllung einer rechtlichen Verpflichtung, aus Gr\u00fcnden des \u00f6ffentlichen Interesses oder zur Geltendmachung, Aus\u00fcbung oder Verteidigung von Rechtsanspr\u00fcchen erforderlich ist;<\/li><li>gem\u00e4\u00df Art. 18 DSGVO die Einschr\u00e4nkung der Verarbeitung Ihrer personenbezogenen Daten zu verlangen, soweit die Richtigkeit der Daten von Ihnen bestritten wird, die Verarbeitung unrechtm\u00e4\u00dfig ist, Sie aber deren L\u00f6schung ablehnen und wir die Daten nicht mehr ben\u00f6tigen, Sie jedoch diese zur Geltendmachung, Aus\u00fcbung oder Verteidigung von Rechtsanspr\u00fcchen ben\u00f6tigen oder Sie gem\u00e4\u00df Art. 21 DSGVO Widerspruch gegen die Verarbeitung eingelegt haben;<\/li><li>gem\u00e4\u00df Art. 20 DSGVO Ihre personenbezogenen Daten, die Sie uns bereitgestellt haben, in einem strukturierten, g\u00e4ngigen und maschinenlesbaren Format zu erhalten oder die \u00dcbermittlung an einen anderen Verantwortlichen zu verlangen und<\/li><li>gem\u00e4\u00df Art. 77 DSGVO sich bei einer Aufsichtsbeh\u00f6rde zu beschweren. In der Regel k\u00f6nnen Sie sich hierf\u00fcr an die Aufsichtsbeh\u00f6rde ihres \u00fcblichen Aufenthaltsortes oder Arbeitsplatzes oder unseres Vereinssitzes wenden.<\/li><\/ul>\n\n\n\n<div class=\"wp-block-group alignwide has-blue-background-color has-background\"><div class=\"wp-block-group__inner-container is-layout-flow wp-block-group-is-layout-flow\">\n<h3 class=\"has-text-align-center has-white-color has-text-color wp-block-heading\">Information \u00fcber Ihr Widerspruchsrecht nach Art. 21 DSGVO<\/h3>\n\n\n\n<p class=\"has-text-align-center\">Sie haben das Recht, aus Gr\u00fcnden, die sich aus Ihrer besonderen Situation ergeben, jederzeit gegen die Verarbeitung Sie betreffender personenbezogener Daten, die aufgrund von Artikel 6 Abs. 1 S. 1 lit. e DSGVO (Datenverarbeitung im \u00f6ffentlichen Interesse) und Artikel 6 Abs. 1 S. 1 lit. f DSGVO (Datenverarbeitung auf der Grundlage einer Interessenabw\u00e4gung) erfolgt, Widerspruch einzulegen; dies gilt auch f\u00fcr ein auf diese Bestimmung gest\u00fctztes Profiling von Artikel 4 Nr. 4 DSGVO. <br><br>Legen Sie Widerspruch ein, werden wir Ihre personenbezogenen Daten nicht mehr verarbeiten, es sei denn, wir k\u00f6nnen zwingende schutzw\u00fcrdige Gr\u00fcnde f\u00fcr die Verarbeitung nachweisen, die Ihre Interessen, Rechte und Freiheiten \u00fcberwiegen, oder die Verarbeitung dient der Geltendmachung, Aus\u00fcbung oder Verteidigung von Rechtsanspr\u00fcchen. Sofern sich Ihr Widerspruch gegen eine Verarbeitung von Daten zum Zwecke der Direktwerbung richtet, so werden wir die Verarbeitung umgehend einstellen. In diesem Fall ist die Angabe einer besonderen Situation nicht erforderlich. Dies gilt auch f\u00fcr das Profiling, soweit es mit solcher Direktwerbung in Verbindung steht. <br><br>M\u00f6chten Sie von Ihrem Widerspruchsrecht Gebrauch machen, gen\u00fcgt eine E-Mail an datenschutzkoordination(at)zv.fraunhofer.de. <\/p>\n<\/div><\/div>\n\n\n\n<h3 class=\"wp-block-heading\">9. Datensicherheit<\/h3>\n\n\n\n<p>Alle von Ihnen pers\u00f6nlich \u00fcbermittelten Daten werden mit dem allgemein \u00fcblichen und sicheren Standard TLS (Transport Layer Security) verschl\u00fcsselt \u00fcbertragen. TLS ist ein sicherer und erprobter Standard, der z.B. auch beim Onlinebanking Verwendung findet. Sie erkennen eine sichere TLS-Verbindung unter anderem an dem angeh\u00e4ngten s am http (also https:\/\/..) in der Adressleiste Ihres Browsers oder am Schloss-Symbol im unteren Bereich Ihres Browsers. <br><br>Wir bedienen uns im \u00dcbrigen geeigneter technischer und organisatorischer Sicherheitsma\u00dfnahmen, um Ihre Daten gegen zuf\u00e4llige oder vors\u00e4tzliche Manipulationen, teilweisen oder vollst\u00e4ndigen Verlust, Zerst\u00f6rung oder gegen den unbefugten Zugriff Dritter zu sch\u00fctzen. Unsere Sicherheitsma\u00dfnahmen werden entsprechend der technologischen Entwicklung fortlaufend verbessert.<\/p>\n\n\n\n<h3 class=\"wp-block-heading\">10. Akualit\u00e4t und \u00c4nderung dieser Datenschutzinformation<\/h3>\n\n\n\n<p>Durch die Weiterentwicklung unserer Webseite und Angebote dar\u00fcber oder aufgrund ge\u00e4nderter gesetzlicher bzw. beh\u00f6rdlicher Vorgaben kann es notwendig werden, diese Datenschutzinformation zu \u00e4ndern. Die jeweils aktuelle Datenschutzinformation kann jederzeit auf der Webseite von Ihnen abgerufen und ausgedruckt werden.<\/p>\n","protected":false},"excerpt":{"rendered":"<p>Wir freuen uns sehr \u00fcber Ihr Interesse an unserer Organisation. Den Schutz Ihrer pers\u00f6nlichen Daten nehmen wir sehr ernst, auch anl\u00e4sslich Ihres Besuches auf unserer Webseite. Ihre Daten werden so gesch\u00fctzt, wie es die gesetzlichen Vorschriften, insbesondere die DSGVO und das BDSG vorsehen. Im Rahmen der Nutzung dieser Webseite werden personenbezogene Daten von Ihnen durch [&hellip;]<\/p>\n","protected":false},"author":1,"featured_media":0,"parent":0,"menu_order":21,"comment_status":"closed","ping_status":"open","template":"","meta":{"_acf_changed":false,"footnotes":""},"class_list":["post-3","page","type-page","status-publish","hentry"],"acf":[],"_links":{"self":[{"href":"https:\/\/websites.fraunhofer.de\/s-tec\/wp-json\/wp\/v2\/pages\/3","targetHints":{"allow":["GET"]}}],"collection":[{"href":"https:\/\/websites.fraunhofer.de\/s-tec\/wp-json\/wp\/v2\/pages"}],"about":[{"href":"https:\/\/websites.fraunhofer.de\/s-tec\/wp-json\/wp\/v2\/types\/page"}],"author":[{"embeddable":true,"href":"https:\/\/websites.fraunhofer.de\/s-tec\/wp-json\/wp\/v2\/users\/1"}],"replies":[{"embeddable":true,"href":"https:\/\/websites.fraunhofer.de\/s-tec\/wp-json\/wp\/v2\/comments?post=3"}],"version-history":[{"count":44,"href":"https:\/\/websites.fraunhofer.de\/s-tec\/wp-json\/wp\/v2\/pages\/3\/revisions"}],"predecessor-version":[{"id":6875,"href":"https:\/\/websites.fraunhofer.de\/s-tec\/wp-json\/wp\/v2\/pages\/3\/revisions\/6875"}],"wp:attachment":[{"href":"https:\/\/websites.fraunhofer.de\/s-tec\/wp-json\/wp\/v2\/media?parent=3"}],"curies":[{"name":"wp","href":"https:\/\/api.w.org\/{rel}","templated":true}]}}