{"id":1247,"date":"2020-07-23T15:10:16","date_gmt":"2020-07-23T13:10:16","guid":{"rendered":"https:\/\/websites.fraunhofer.de\/stec\/?page_id=1247"},"modified":"2023-10-19T09:26:41","modified_gmt":"2023-10-19T07:26:41","slug":"ueber-uns","status":"publish","type":"page","link":"https:\/\/websites.fraunhofer.de\/s-tec\/ueber-uns\/","title":{"rendered":"\u00dcber uns"},"content":{"rendered":"\n\n<div class=\"wp-block-group MainContent MainContent--page\"><div class=\"wp-block-group__inner-container is-layout-flow wp-block-group-is-layout-flow\">\n<div class=\"wp-block-v4core-inner-blocks MainContent-left\">\n<div class=\"wp-block-v4core-layout undefined alignwide--left\"><div class=\"\">\n<div class=\"wp-block-v4core-slider Slider swiper-container\"><div class=\"swiper-wrapper\">\n<div class=\"wp-block-v4core-slider-item Slider-item swiper-slide\">\n<figure class=\"wp-block-image size-large\"><img fetchpriority=\"high\" decoding=\"async\" width=\"1264\" height=\"467\" src=\"https:\/\/websites.fraunhofer.de\/s-tec\/wp-content\/uploads\/2020\/07\/5567_Rainer-Bez_Uni-Stuttgart-IFF_IPA-1-e1595506895550.jpeg\" alt=\"Stuttgarter Technologie-und Innovationscampus\" class=\"wp-image-1248\" srcset=\"https:\/\/websites.fraunhofer.de\/s-tec\/wp-content\/uploads\/2020\/07\/5567_Rainer-Bez_Uni-Stuttgart-IFF_IPA-1-e1595506895550.jpeg 1264w, https:\/\/websites.fraunhofer.de\/s-tec\/wp-content\/uploads\/2020\/07\/5567_Rainer-Bez_Uni-Stuttgart-IFF_IPA-1-e1595506895550-1100x406.jpeg 1100w, https:\/\/websites.fraunhofer.de\/s-tec\/wp-content\/uploads\/2020\/07\/5567_Rainer-Bez_Uni-Stuttgart-IFF_IPA-1-e1595506895550-768x284.jpeg 768w\" sizes=\"(max-width: 1264px) 100vw, 1264px\" \/><figcaption class=\"wp-element-caption\">\u00a9 Universit\u00e4t Stuttgart IFF, Fraunhofer IPA; Foto: Rainer Bez<\/figcaption><\/figure>\n<\/div>\n<\/div><div class=\"swiper-buttons Content\"><div class=\"swiper-button swiper-button-prev\"><\/div><div class=\"swiper-button swiper-button-next\"><\/div><\/div><\/div>\n<\/div><\/div>\n\n\n\n<p class=\"has-big-font-size\">Der Stuttgarter Technologie- und Innovationscampus S-TEC ist die Stuttgarter Plattform mit internationaler Sichtbarkeit. Sie vernetzt gezielt Unternehmen mit wissenschaftlichen Einrichtungen, um zukunftsrelevante Forschungsprojekte mit hohem technischen Innovationscharakter anzugehen.<\/p>\n\n\n\n<p>So bringen zum einen Partner-Unternehmen ihre Erfahrungen mit ein und spiegeln den Bedarf f\u00fcr Innovationen. Zum anderen treiben wissenschaftliche Einrichtungen, wie die <a href=\"https:\/\/www.fraunhofer.de\/de\/institute.html\" target=\"_blank\" rel=\"noreferrer noopener\">Fraunhofer-Institute<\/a> am Standort Stuttgart oder die <a href=\"https:\/\/www.uni-stuttgart.de\/\" target=\"_blank\" rel=\"noreferrer noopener\">Universit\u00e4t Stuttgart<\/a>, mit ihren Ideen den Motor f\u00fcr Innovationen an. Auf diese Weise werden Kompetenzen gezielt geb\u00fcndelt, vernetzt und koordiniert. S-TEC bietet damit die Basis f\u00fcr eine zielf\u00fchrende Planung, Steuerung und Sichtbarkeit komplexer <a href=\"https:\/\/websites.fraunhofer.de\/s-tec\/projekte\/\" target=\"_blank\" rel=\"noreferrer noopener\">Projekte <\/a>zwischen Wirtschaft und Wissenschaft. Durch eine optimale B\u00fcndelung von Kompetenz, Wissen und Erfahrung st\u00e4rkt S-TEC Innovationsprozesse &#8211; f\u00fcr die Zukunft Stuttgarts, Baden-W\u00fcrttembergs und ganz Deutschland.<\/p>\n\n\n\n<p>Themen mit hohem technischen Innovationscharakter, wie Biointelligenz, Additive Produktion, Cybercognitive Intelligence, Cyberphysische Systeme und digitalisierte Batteriezellenproduktion, sind innerhalb von S-TEC in <a href=\"https:\/\/websites.fraunhofer.de\/s-tec\/zentren\/\" target=\"_blank\" rel=\"noreferrer noopener\">Zentren <\/a>geb\u00fcndelt und in <a href=\"https:\/\/websites.fraunhofer.de\/s-tec\/themenfelder\/\" target=\"_blank\" rel=\"noreferrer noopener\">Themenfelder <\/a>gruppiert &#8211; von neuartigen Produktionsverfahren und ver\u00e4nderten M\u00e4rkten \u00fcber Digitale Transformation und Gesch\u00e4ftsmodellentwicklung bis hin zu Resilienz und Nachhaltigkeit. Dabei wird in den Zentren selbst eine partnerschaftliche <a href=\"https:\/\/websites.fraunhofer.de\/s-tec\/die-zukunft-gemeinsam-voranbringen\/\" target=\"_blank\" rel=\"noreferrer noopener\">Zusammenarbeit <\/a>von Unternehmen und wissenschaftlichen Einrichtungen in unterschiedlichen Projektformen umgesetzt.<\/p>\n\n\n\n<p>Die S-TEC Zentren werden durch das <a href=\"https:\/\/wm.baden-wuerttemberg.de\/de\/startseite\/\" target=\"_blank\" rel=\"noreferrer noopener\">Ministerium f\u00fcr Wirtschaft, Arbeit und Tourismus <\/a>Baden-W\u00fcrttemberg gef\u00f6rdert. Das Leistungszentrum Mass Personalization erh\u00e4lt zudem F\u00f6rderung durch das <a href=\"https:\/\/mwk.baden-wuerttemberg.de\/de\/startseite\/\" target=\"_blank\" rel=\"noreferrer noopener\">Ministerium f\u00fcr Wissenschaft, Forschung und Kunst<\/a>. Das Projekt der Ultraeffizienz wird durch das <a href=\"https:\/\/um.baden-wuerttemberg.de\/de\/startseite\/\" target=\"_blank\" rel=\"noreferrer noopener\">Ministerium f\u00fcr Umwelt, Klima und Energiewirtschaft<\/a> gef\u00f6rdert. Zudem sind Lab-Projekte und neue Projektformen mit Unternehmen gemeinsam mit dem Ministerium f\u00fcr Wirtschaft, Arbeit und Tourismus Baden-W\u00fcrttemberg in Planung.<\/p>\n<\/div>\n\n\n\n<div class=\"wp-block-v4core-inner-blocks MainContent-right\">\n<div class=\"wp-block-v4core-layout undefined alignwide--right\"><div class=\"\"><div class='Sidebar'>\n\n<div class=\"wp-block-v4core-sidebar-item Sidebar-item\">\n<p class=\"Sidebar-item-title h6\">Ein starkes Team f\u00fcr eine starke Zukunft<\/p>\n\n\n\n<div class=\"wp-block-v4core-sidebar-item-content Sidebar-item-content\">\n<p>Vielf\u00e4ltige Kompetenzen und Projektmanagement. Zusammen mit Mitarbeitern aus der Industrie schaffen wir Synergien mit der Wissenschaft. Wir unterst\u00fctzen Sie gerne bei Ihrem Projekt.<\/p>\n<\/div>\n<\/div>\n\n\n\n<div class=\"wp-block-v4core-sidebar-item--contact Sidebar-item\">\n<p class=\"Sidebar-item-title h6\">Ihr Kontakt<\/p>\n\n\n\t\t\t<div class=\"Sidebar-item-content Sidebar-item-content--contact\">\r\n\t\t\t                <p>\r\n\t\t\t\t\t                        <span><img decoding=\"async\" width=\"150\" height=\"150\" src=\"https:\/\/websites.fraunhofer.de\/s-tec\/wp-content\/uploads\/2020\/07\/IM7A0519-geschnitten2-rund-150x150.jpg?wsr\" class=\"attachment-thumbnail size-thumbnail\" alt=\"S-TEC Ansprechpartner\" srcset=\"https:\/\/websites.fraunhofer.de\/s-tec\/wp-content\/uploads\/2020\/07\/IM7A0519-geschnitten2-rund-150x150.jpg 150w, https:\/\/websites.fraunhofer.de\/s-tec\/wp-content\/uploads\/2020\/07\/IM7A0519-geschnitten2-rund.jpg 662w\" sizes=\"(max-width: 150px) 100vw, 150px\" \/><\/span><br><br>\r\n\t\t\t\t\t\t                        <span class=\"Sidebar-item-subtitle Sidebar-item-subtitle--contact\">Dr. Kai Kohler<\/span><br>\r\n\t\t\t\t\t\t                        <span>Telefon +49 711 970-1600<\/span><br>\r\n\t\t\t\t\t\t                        <span><a href=\"mailto:kai.kohler@ipa.fraunhofer.de\">E-Mail senden<\/a><\/span><br><br>\r\n\t\t\t\t\t\t                <\/p>\r\n\t\t\t\t                <p>\r\n\t\t\t\t\t                        <span><img decoding=\"async\" width=\"150\" height=\"150\" src=\"https:\/\/websites.fraunhofer.de\/s-tec\/wp-content\/uploads\/2020\/09\/Passfoto-Rueger-150x150.jpg?wsr\" class=\"attachment-thumbnail size-thumbnail\" alt=\"\" srcset=\"https:\/\/websites.fraunhofer.de\/s-tec\/wp-content\/uploads\/2020\/09\/Passfoto-Rueger-150x150.jpg 150w, https:\/\/websites.fraunhofer.de\/s-tec\/wp-content\/uploads\/2020\/09\/Passfoto-Rueger-768x768.jpg 768w, https:\/\/websites.fraunhofer.de\/s-tec\/wp-content\/uploads\/2020\/09\/Passfoto-Rueger.jpg 836w\" sizes=\"(max-width: 150px) 100vw, 150px\" \/><\/span><br><br>\r\n\t\t\t\t\t\t                        <span class=\"Sidebar-item-subtitle Sidebar-item-subtitle--contact\">Prof. Dr.-Ing. Marc R\u00fcger<\/span><br>\r\n\t\t\t\t\t\t                        <span>Telefon +49 711 970-2044<\/span><br>\r\n\t\t\t\t\t\t                        <span><a href=\"mailto:marc.rueger@iao.\u200bfraunhofer\u200b.de\">E-Mail senden<\/a><\/span><br><br>\r\n\t\t\t\t\t\t                <\/p>\r\n\t\t\t\t                <p>\r\n\t\t\t\t\t                        <span><img loading=\"lazy\" decoding=\"async\" width=\"150\" height=\"150\" src=\"https:\/\/websites.fraunhofer.de\/s-tec\/wp-content\/uploads\/2024\/01\/MicrosoftTeams-image-13-150x150.jpg?wsr\" class=\"attachment-thumbnail size-thumbnail\" alt=\"\" srcset=\"https:\/\/websites.fraunhofer.de\/s-tec\/wp-content\/uploads\/2024\/01\/MicrosoftTeams-image-13-150x150.jpg 150w, https:\/\/websites.fraunhofer.de\/s-tec\/wp-content\/uploads\/2024\/01\/MicrosoftTeams-image-13.jpg 311w\" sizes=\"(max-width: 150px) 100vw, 150px\" \/><\/span><br><br>\r\n\t\t\t\t\t\t                        <span class=\"Sidebar-item-subtitle Sidebar-item-subtitle--contact\">Dr. Isabel Steller<\/span><br>\r\n\t\t\t\t\t\t                        <span><a href=\"mailto:isabel.steller@ipa.fraunhofer.de\">E-Mail senden<\/a><\/span><br><br>\r\n\t\t\t\t\t\t                <\/p>\r\n\t\t\t\t\t\t\t<\/div>\r\n\t\t<\/div>\n\n<\/div><\/div><\/div>\n<\/div>\n<\/div><\/div>\n\n\n\n<h2 class=\"wp-block-heading\">Unsere Werte<\/h2>\n\n\n\n<div class=\"wp-block-columns is-layout-flex wp-container-core-columns-is-layout-9d6595d7 wp-block-columns-is-layout-flex\">\n<div class=\"wp-block-column is-layout-flow wp-block-column-is-layout-flow\">\n<h3 class=\"wp-block-heading\">Dynamisch<\/h3>\n\n\n\n<p>Agilit\u00e4t steckt in unserer DNA. Neue Auftr\u00e4ge, Partner, Strategien: Herausforderung angenommen.<\/p>\n<\/div>\n\n\n\n<div class=\"wp-block-column is-layout-flow wp-block-column-is-layout-flow\">\n<h3 class=\"wp-block-heading\">Effizient<\/h3>\n\n\n\n<p>Wir vernetzen die kl\u00fcgsten K\u00f6pfe. F\u00fcr die optimale B\u00fcndelung von Kompetenz, Wissen und Erfahrung. F\u00fcr innovativste Ergebnisse.<\/p>\n<\/div>\n\n\n\n<div class=\"wp-block-column is-layout-flow wp-block-column-is-layout-flow\">\n<h3 class=\"wp-block-heading\">Partnerschaftlich<\/h3>\n\n\n\n<p>Wir glauben an Partizipation. Und daran, dass wir mehr bewegen k\u00f6nnen, wenn wir auf Augenh\u00f6he zusammenarbeiten.<\/p>\n<\/div>\n<\/div>\n\n","protected":false},"excerpt":{"rendered":"","protected":false},"author":16,"featured_media":0,"parent":0,"menu_order":19,"comment_status":"closed","ping_status":"closed","template":"","meta":{"_acf_changed":false,"footnotes":""},"class_list":["post-1247","page","type-page","status-publish","hentry"],"acf":[],"_links":{"self":[{"href":"https:\/\/websites.fraunhofer.de\/s-tec\/wp-json\/wp\/v2\/pages\/1247","targetHints":{"allow":["GET"]}}],"collection":[{"href":"https:\/\/websites.fraunhofer.de\/s-tec\/wp-json\/wp\/v2\/pages"}],"about":[{"href":"https:\/\/websites.fraunhofer.de\/s-tec\/wp-json\/wp\/v2\/types\/page"}],"author":[{"embeddable":true,"href":"https:\/\/websites.fraunhofer.de\/s-tec\/wp-json\/wp\/v2\/users\/16"}],"replies":[{"embeddable":true,"href":"https:\/\/websites.fraunhofer.de\/s-tec\/wp-json\/wp\/v2\/comments?post=1247"}],"version-history":[{"count":56,"href":"https:\/\/websites.fraunhofer.de\/s-tec\/wp-json\/wp\/v2\/pages\/1247\/revisions"}],"predecessor-version":[{"id":7298,"href":"https:\/\/websites.fraunhofer.de\/s-tec\/wp-json\/wp\/v2\/pages\/1247\/revisions\/7298"}],"wp:attachment":[{"href":"https:\/\/websites.fraunhofer.de\/s-tec\/wp-json\/wp\/v2\/media?parent=1247"}],"curies":[{"name":"wp","href":"https:\/\/api.w.org\/{rel}","templated":true}]}}