{"id":23,"date":"2025-08-29T09:57:00","date_gmt":"2025-08-29T07:57:00","guid":{"rendered":"https:\/\/websites.fraunhofer.de\/reskon-projekt\/?page_id=23"},"modified":"2025-09-18T16:09:53","modified_gmt":"2025-09-18T14:09:53","slug":"ueber-das-projekt","status":"publish","type":"page","link":"https:\/\/websites.fraunhofer.de\/reskon-projekt\/","title":{"rendered":"Startseite"},"content":{"rendered":"\n<p>RESKON: Nachhaltige f\u00e4higkeitsbasierte messbare Resilienzerh\u00f6hungen von Staat und Verwaltung durch kontinuierliche Verbesserung<\/p>\n\n\n\n<p>Laufzeit: Oktober 2024 &#8211; September 2027<br>Budget: 2.937.853 \u20ac<\/p>\n\n\n\n<p>Angesichts aktueller Entwicklungen wie den Auswirkungen des Klimawandels und der angespannten geopolitischen Lage sowie j\u00fcngster krisenhafter Ereignisse wie der Corona-Pandemie zeigt sich, dass disruptive Ereignisse zunehmend h\u00e4ufiger, intensiver, dynamischer und komplexer werden. Sie haben das Potenzial, zu kaskadieren sowie kritische Infrastrukturen und Leben zu gef\u00e4hrden. Die Notwendigkeit w\u00e4chst, sich kontinuierlich an eine sich in vielen Bereichen rasch wandelnde und immer st\u00e4rker vernetzte Gesellschaft anzupassen.<\/p>\n\n\n\n<p>Die Bew\u00e4ltigung der daraus resultierenden Herausforderungen erfordert resiliente Beh\u00f6rden. Diese m\u00fcssen dazu in der Lage sein, ihre Verwaltungsfunktionen zu gew\u00e4hrleisten sowie eine effektive Krisenvorsorge und -bew\u00e4ltigung zu betreiben, die mit nationalen und europ\u00e4ischen Zielvorgaben \u00fcbereinstimmt.<\/p>\n\n\n\n<p>Ziel von RESKON ist eine nachhaltige Resilienzerh\u00f6hung von Beh\u00f6rden. Daf\u00fcr wird ein modularer Werkzeugkoffer erarbeitet, dessen Module universell f\u00fcr jede Beh\u00f6rde einsetzbar sein sollen und auch einzeln\/ unabh\u00e4ngig voneinander verwendet werden k\u00f6nnen. Die einzelnen Module umfassen<\/p>\n\n\n\n<ol start=\"1\" class=\"wp-block-list\">\n<li>ein <strong>Resilienzf\u00e4higkeitsmodell<\/strong> zur qualitativen Feststellung des Niveaus der bestehenden sowie erforderlichen Resilienz-steigernden F\u00e4higkeiten in und von Beh\u00f6rden;<\/li>\n\n\n\n<li>ein systematisches <strong>Verfahren zur Resilienzquantifizierung<\/strong>, um die Resilienz von Beh\u00f6rden quantitativ zu erfassen und die Resilienzsteigerung einfacher Ma\u00dfnahmen (z.B. Personalerh\u00f6hung) zu bewerten;<\/li>\n\n\n\n<li>ein <strong>Methodenkatalog<\/strong>, der resilienzsteigernde komplexe Ma\u00dfnahmen bzw. spezifische Methoden wie Instrumente und Trainingskonzepte katalogisiert und diese entsprechend ihrer spezifischen Eigenschaften analysiert, wie erwarteter Aufwand, Effekt und ihre Zuordnung zu den passenden F\u00e4higkeiten;<\/li>\n\n\n\n<li>ein <strong>Kooperationskonzept<\/strong> zur Entwicklung und Verbesserung der horizontalen und vertikalen Kommunikation, Koordination sowie des Wissenstransfers zwischen und innerhalb von Beh\u00f6rden;<\/li>\n\n\n\n<li>ein <strong>kontinuierlicher Verbesserungsprozess (KVP)<\/strong>, der im RESKON-Zyklus die intendierten Ver\u00e4nderungen direkt in die Umsetzung bringt und zudem als Konzept Beh\u00f6rden bef\u00e4higt, ihre Prozesse und Strukturen strategisch und langfristig zu optimieren und resilienzsteigernde Ma\u00dfnahmen inklusive der \u00dcberpr\u00fcfung ihrer Wirksamkeit effizienter umzusetzen;<\/li>\n\n\n\n<li>sowie <strong>Transformations- und Trainingsformate <\/strong>zur Unterst\u00fctzung der praktischen Implementierung, St\u00e4rkung des Transfers in den beh\u00f6rdlichen Alltag und zur F\u00f6rderung eines besseren Verst\u00e4ndnisses und aktiverem Handeln, um einen nachhaltigen Kulturwandel in Beh\u00f6rden anzusto\u00dfen.<\/li>\n<\/ol>\n\n\n\n<p>Die Module sollen universell f\u00fcr jede Beh\u00f6rde einsetzbar sein und k\u00f6nnen einzeln\/ unabh\u00e4ngig voneinander verwendet werden. Am effektivsten funktionieren die Module jedoch synergetisch als integriertes System im Rahmen des RESKON-Kreislaufs. Dieser Ansatz ist unabh\u00e4ngig von der Verantwortungsebene, Gr\u00f6\u00dfe, dem Standort, Aufgabenbereich oder den Vorerfahrungen der jeweiligen Beh\u00f6rde.<\/p>\n\n\n\n<figure class=\"wp-block-image size-full\"><img loading=\"lazy\" decoding=\"async\" width=\"698\" height=\"317\" src=\"https:\/\/websites.fraunhofer.de\/reskon-projekt\/wp-content\/uploads\/2025\/08\/RESKON_Zyklus-698x317-1.png\" alt=\"\" class=\"wp-image-24\" srcset=\"https:\/\/websites.fraunhofer.de\/reskon-projekt\/wp-content\/uploads\/2025\/08\/RESKON_Zyklus-698x317-1.png 698w, https:\/\/websites.fraunhofer.de\/reskon-projekt\/wp-content\/uploads\/2025\/08\/RESKON_Zyklus-698x317-1-300x136.png 300w\" sizes=\"auto, (max-width: 698px) 100vw, 698px\" \/><\/figure>\n\n\n\n<p><br><\/p>\n\n\n\n<figure class=\"wp-block-image size-full is-resized\"><img loading=\"lazy\" decoding=\"async\" width=\"851\" height=\"568\" src=\"https:\/\/websites.fraunhofer.de\/reskon-projekt\/wp-content\/uploads\/2025\/09\/BMFTR_de_DTP_CMYK_gef_durch.png\" alt=\"\" class=\"wp-image-129\" style=\"width:285px;height:auto\" srcset=\"https:\/\/websites.fraunhofer.de\/reskon-projekt\/wp-content\/uploads\/2025\/09\/BMFTR_de_DTP_CMYK_gef_durch.png 851w, https:\/\/websites.fraunhofer.de\/reskon-projekt\/wp-content\/uploads\/2025\/09\/BMFTR_de_DTP_CMYK_gef_durch-300x200.png 300w, https:\/\/websites.fraunhofer.de\/reskon-projekt\/wp-content\/uploads\/2025\/09\/BMFTR_de_DTP_CMYK_gef_durch-768x513.png 768w\" sizes=\"auto, (max-width: 851px) 100vw, 851px\" \/><\/figure>\n\n\n\n<p>Im Zuge der Bekanntmachung \u00bbSicherstellung und Verbesserung der Handlungsf\u00e4higkeit von Staat und Verwaltung bei krisenhaften Ereignissen\u00ab im Rahmen des Programms \u00bbForschung f\u00fcr die zivile Sicherheit 2018 bis 2023\u201c der Bundesregierung\u00ab.<\/p>\n\n\n\n<figure class=\"wp-block-image size-full\"><img loading=\"lazy\" decoding=\"async\" width=\"254\" height=\"41\" src=\"https:\/\/websites.fraunhofer.de\/reskon-projekt\/wp-content\/uploads\/2025\/09\/sifo.png\" alt=\"\" class=\"wp-image-108\"\/><\/figure>\n\n\n\n<p><\/p>\n","protected":false},"excerpt":{"rendered":"<p>RESKON: Nachhaltige f\u00e4higkeitsbasierte messbare Resilienzerh\u00f6hungen von Staat und Verwaltung durch kontinuierliche Verbesserung Laufzeit: Oktober 2024 &#8211; September 2027Budget: 2.937.853 \u20ac Angesichts aktueller Entwicklungen wie den Auswirkungen des Klimawandels und der angespannten geopolitischen Lage sowie j\u00fcngster krisenhafter Ereignisse wie der Corona-Pandemie zeigt sich, dass disruptive Ereignisse zunehmend h\u00e4ufiger, intensiver, dynamischer und komplexer werden. Sie haben das &#8230; <a title=\"Startseite\" class=\"read-more\" href=\"https:\/\/websites.fraunhofer.de\/reskon-projekt\/\" aria-label=\"Read more about Startseite\">Read more<\/a><\/p>\n","protected":false},"author":1,"featured_media":0,"parent":0,"menu_order":0,"comment_status":"closed","ping_status":"closed","template":"","meta":{"footnotes":""},"class_list":["post-23","page","type-page","status-publish"],"_links":{"self":[{"href":"https:\/\/websites.fraunhofer.de\/reskon-projekt\/wp-json\/wp\/v2\/pages\/23","targetHints":{"allow":["GET"]}}],"collection":[{"href":"https:\/\/websites.fraunhofer.de\/reskon-projekt\/wp-json\/wp\/v2\/pages"}],"about":[{"href":"https:\/\/websites.fraunhofer.de\/reskon-projekt\/wp-json\/wp\/v2\/types\/page"}],"author":[{"embeddable":true,"href":"https:\/\/websites.fraunhofer.de\/reskon-projekt\/wp-json\/wp\/v2\/users\/1"}],"replies":[{"embeddable":true,"href":"https:\/\/websites.fraunhofer.de\/reskon-projekt\/wp-json\/wp\/v2\/comments?post=23"}],"version-history":[{"count":7,"href":"https:\/\/websites.fraunhofer.de\/reskon-projekt\/wp-json\/wp\/v2\/pages\/23\/revisions"}],"predecessor-version":[{"id":134,"href":"https:\/\/websites.fraunhofer.de\/reskon-projekt\/wp-json\/wp\/v2\/pages\/23\/revisions\/134"}],"wp:attachment":[{"href":"https:\/\/websites.fraunhofer.de\/reskon-projekt\/wp-json\/wp\/v2\/media?parent=23"}],"curies":[{"name":"wp","href":"https:\/\/api.w.org\/{rel}","templated":true}]}}