{"id":70,"date":"2024-05-27T18:36:03","date_gmt":"2024-05-27T16:36:03","guid":{"rendered":"https:\/\/websites.fraunhofer.de\/protrafo\/?page_id=70"},"modified":"2024-06-21T15:31:33","modified_gmt":"2024-06-21T13:31:33","slug":"kontakt","status":"publish","type":"page","link":"https:\/\/websites.fraunhofer.de\/protrafo\/?page_id=70","title":{"rendered":"Kontakt"},"content":{"rendered":"\n<div class=\"wp-block-group alignfull has-global-padding is-layout-constrained wp-container-core-group-is-layout-32a46761 wp-block-group-is-layout-constrained\" style=\"margin-top:0;margin-bottom:0;padding-top:var(--wp--preset--spacing--40);padding-right:var(--wp--preset--spacing--50);padding-bottom:var(--wp--preset--spacing--40);padding-left:var(--wp--preset--spacing--50)\">\n<p>Prof. Dr. Giuseppe Strina<\/p>\n\n\n\n<p>Universit\u00e4t Siegen<br>Fakult\u00e4t III<br>Kohlbettstra\u00dfe 15<br>57072 Siegen<\/p>\n\n\n\n<p>E-Mail: giuseppe.strina@wiwi.uni-siegen.de<br>Tel.: +49 271 740-4920<br>Raum: US-F 007<\/p>\n<\/div>\n\n\n\n<div class=\"wp-block-group alignfull has-base-2-background-color has-background has-global-padding is-layout-constrained wp-container-core-group-is-layout-669513ed wp-block-group-is-layout-constrained\" style=\"margin-top:0;margin-bottom:0;padding-top:var(--wp--preset--spacing--50);padding-right:var(--wp--preset--spacing--50);padding-bottom:var(--wp--preset--spacing--50);padding-left:var(--wp--preset--spacing--50)\">\n<div style=\"margin-top:0;margin-bottom:0;height:var(--wp--preset--spacing--40)\" aria-hidden=\"true\" class=\"wp-block-spacer\"><\/div>\n\n\n\n<div style=\"height:var(--wp--preset--spacing--20)\" aria-hidden=\"true\" class=\"wp-block-spacer\"><\/div>\n<\/div>\n\n\n\n<div class=\"wp-block-group alignfull has-base-color has-contrast-background-color has-text-color has-background has-global-padding is-layout-constrained wp-container-core-group-is-layout-ef3d885c wp-block-group-is-layout-constrained\" style=\"margin-top:0;margin-bottom:0;padding-top:var(--wp--preset--spacing--60);padding-right:var(--wp--preset--spacing--60);padding-bottom:var(--wp--preset--spacing--60);padding-left:var(--wp--preset--spacing--60)\"><\/div>\n","protected":false},"excerpt":{"rendered":"<p>Prof. Dr. Giuseppe Strina Universit\u00e4t SiegenFakult\u00e4t IIIKohlbettstra\u00dfe 1557072 Siegen E-Mail: giuseppe.strina@wiwi.uni-siegen.deTel.: +49 271 740-4920Raum: US-F 007<\/p>\n","protected":false},"author":2,"featured_media":0,"parent":0,"menu_order":0,"comment_status":"closed","ping_status":"closed","template":"","meta":{"footnotes":""},"class_list":["post-70","page","type-page","status-publish","hentry"],"_links":{"self":[{"href":"https:\/\/websites.fraunhofer.de\/protrafo\/index.php?rest_route=\/wp\/v2\/pages\/70","targetHints":{"allow":["GET"]}}],"collection":[{"href":"https:\/\/websites.fraunhofer.de\/protrafo\/index.php?rest_route=\/wp\/v2\/pages"}],"about":[{"href":"https:\/\/websites.fraunhofer.de\/protrafo\/index.php?rest_route=\/wp\/v2\/types\/page"}],"author":[{"embeddable":true,"href":"https:\/\/websites.fraunhofer.de\/protrafo\/index.php?rest_route=\/wp\/v2\/users\/2"}],"replies":[{"embeddable":true,"href":"https:\/\/websites.fraunhofer.de\/protrafo\/index.php?rest_route=%2Fwp%2Fv2%2Fcomments&post=70"}],"version-history":[{"count":7,"href":"https:\/\/websites.fraunhofer.de\/protrafo\/index.php?rest_route=\/wp\/v2\/pages\/70\/revisions"}],"predecessor-version":[{"id":196,"href":"https:\/\/websites.fraunhofer.de\/protrafo\/index.php?rest_route=\/wp\/v2\/pages\/70\/revisions\/196"}],"wp:attachment":[{"href":"https:\/\/websites.fraunhofer.de\/protrafo\/index.php?rest_route=%2Fwp%2Fv2%2Fmedia&parent=70"}],"curies":[{"name":"wp","href":"https:\/\/api.w.org\/{rel}","templated":true}]}}