{"id":490,"date":"2024-08-08T15:25:13","date_gmt":"2024-08-08T13:25:13","guid":{"rendered":"https:\/\/websites.fraunhofer.de\/periscope-projekt\/?page_id=490"},"modified":"2024-10-31T15:54:19","modified_gmt":"2024-10-31T14:54:19","slug":"ergebnisse","status":"publish","type":"page","link":"https:\/\/websites.fraunhofer.de\/periscope-projekt\/ergebnisse","title":{"rendered":"Ergebnisse"},"content":{"rendered":"\t\t<div data-elementor-type=\"wp-page\" data-elementor-id=\"490\" class=\"elementor elementor-490\">\n\t\t\t\t\t\t<section class=\"elementor-section elementor-top-section elementor-element elementor-element-d80100a elementor-section-boxed elementor-section-height-default elementor-section-height-default\" data-id=\"d80100a\" data-element_type=\"section\" data-e-type=\"section\">\n\t\t\t\t\t\t<div class=\"elementor-container elementor-column-gap-default\">\n\t\t\t\t\t<div class=\"elementor-column elementor-col-100 elementor-top-column elementor-element elementor-element-846afa9\" data-id=\"846afa9\" data-element_type=\"column\" data-e-type=\"column\">\n\t\t\t<div class=\"elementor-widget-wrap elementor-element-populated\">\n\t\t\t\t\t\t<div class=\"elementor-element elementor-element-df6f6b2 elementor-widget elementor-widget-spacer\" data-id=\"df6f6b2\" data-element_type=\"widget\" data-e-type=\"widget\" data-widget_type=\"spacer.default\">\n\t\t\t\t<div class=\"elementor-widget-container\">\n\t\t\t\t\t\t\t<div class=\"elementor-spacer\">\n\t\t\t<div class=\"elementor-spacer-inner\"><\/div>\n\t\t<\/div>\n\t\t\t\t\t\t<\/div>\n\t\t\t\t<\/div>\n\t\t\t\t\t<\/div>\n\t\t<\/div>\n\t\t\t\t\t<\/div>\n\t\t<\/section>\n\t\t\t\t<section class=\"elementor-section elementor-top-section elementor-element elementor-element-570642e elementor-section-boxed elementor-section-height-default elementor-section-height-default\" data-id=\"570642e\" data-element_type=\"section\" data-e-type=\"section\">\n\t\t\t\t\t\t<div class=\"elementor-container elementor-column-gap-default\">\n\t\t\t\t\t<div class=\"elementor-column elementor-col-50 elementor-top-column elementor-element elementor-element-32e1161\" data-id=\"32e1161\" data-element_type=\"column\" data-e-type=\"column\">\n\t\t\t<div class=\"elementor-widget-wrap elementor-element-populated\">\n\t\t\t\t\t\t<div class=\"elementor-element elementor-element-929a85b elementor-widget elementor-widget-image\" data-id=\"929a85b\" data-element_type=\"widget\" data-e-type=\"widget\" data-widget_type=\"image.default\">\n\t\t\t\t<div class=\"elementor-widget-container\">\n\t\t\t\t\t\t\t\t\t\t\t\t\t\t\t\t<a href=\"https:\/\/www.gohobi.de\/periscope\">\n\t\t\t\t\t\t\t<img fetchpriority=\"high\" decoding=\"async\" width=\"1024\" height=\"768\" src=\"https:\/\/websites.fraunhofer.de\/periscope-projekt\/wp-content\/uploads\/2024\/08\/iMac-24-inch-1024x768.png\" class=\"attachment-large size-large wp-image-734\" alt=\"\" srcset=\"https:\/\/websites.fraunhofer.de\/periscope-projekt\/wp-content\/uploads\/2024\/08\/iMac-24-inch-1024x768.png 1024w, https:\/\/websites.fraunhofer.de\/periscope-projekt\/wp-content\/uploads\/2024\/08\/iMac-24-inch-300x225.png 300w, https:\/\/websites.fraunhofer.de\/periscope-projekt\/wp-content\/uploads\/2024\/08\/iMac-24-inch-768x576.png 768w, https:\/\/websites.fraunhofer.de\/periscope-projekt\/wp-content\/uploads\/2024\/08\/iMac-24-inch-1536x1152.png 1536w, https:\/\/websites.fraunhofer.de\/periscope-projekt\/wp-content\/uploads\/2024\/08\/iMac-24-inch-2048x1536.png 2048w\" sizes=\"(max-width: 1024px) 100vw, 1024px\" \/>\t\t\t\t\t\t\t\t<\/a>\n\t\t\t\t\t\t\t\t\t\t\t\t\t\t\t<\/div>\n\t\t\t\t<\/div>\n\t\t\t\t\t<\/div>\n\t\t<\/div>\n\t\t\t\t<div class=\"elementor-column elementor-col-50 elementor-top-column elementor-element elementor-element-59be100\" data-id=\"59be100\" data-element_type=\"column\" data-e-type=\"column\">\n\t\t\t<div class=\"elementor-widget-wrap elementor-element-populated\">\n\t\t\t\t\t\t<div class=\"elementor-element elementor-element-082e627 elementor-widget__width-initial elementor-absolute elementor-widget elementor-widget-image\" data-id=\"082e627\" data-element_type=\"widget\" data-e-type=\"widget\" data-settings=\"{&quot;_position&quot;:&quot;absolute&quot;}\" data-widget_type=\"image.default\">\n\t\t\t\t<div class=\"elementor-widget-container\">\n\t\t\t\t\t\t\t\t\t\t\t\t\t\t\t\t<a href=\"https:\/\/privacy-recommender.web.app\/\">\n\t\t\t\t\t\t\t<img decoding=\"async\" width=\"1024\" height=\"768\" src=\"https:\/\/websites.fraunhofer.de\/periscope-projekt\/wp-content\/uploads\/2024\/08\/Galaxy-Tab-S8-Ultra-1024x768.png\" class=\"attachment-large size-large wp-image-727\" alt=\"\" srcset=\"https:\/\/websites.fraunhofer.de\/periscope-projekt\/wp-content\/uploads\/2024\/08\/Galaxy-Tab-S8-Ultra-1024x768.png 1024w, https:\/\/websites.fraunhofer.de\/periscope-projekt\/wp-content\/uploads\/2024\/08\/Galaxy-Tab-S8-Ultra-300x225.png 300w, https:\/\/websites.fraunhofer.de\/periscope-projekt\/wp-content\/uploads\/2024\/08\/Galaxy-Tab-S8-Ultra-768x576.png 768w, https:\/\/websites.fraunhofer.de\/periscope-projekt\/wp-content\/uploads\/2024\/08\/Galaxy-Tab-S8-Ultra-1536x1152.png 1536w, https:\/\/websites.fraunhofer.de\/periscope-projekt\/wp-content\/uploads\/2024\/08\/Galaxy-Tab-S8-Ultra-2048x1536.png 2048w\" sizes=\"(max-width: 1024px) 100vw, 1024px\" \/>\t\t\t\t\t\t\t\t<\/a>\n\t\t\t\t\t\t\t\t\t\t\t\t\t\t\t<\/div>\n\t\t\t\t<\/div>\n\t\t\t\t\t<\/div>\n\t\t<\/div>\n\t\t\t\t\t<\/div>\n\t\t<\/section>\n\t\t\t\t<section class=\"elementor-section elementor-top-section elementor-element elementor-element-947daa7 elementor-section-boxed elementor-section-height-default elementor-section-height-default\" data-id=\"947daa7\" data-element_type=\"section\" data-e-type=\"section\">\n\t\t\t\t\t\t<div class=\"elementor-container elementor-column-gap-default\">\n\t\t\t\t\t<div class=\"elementor-column elementor-col-50 elementor-top-column elementor-element elementor-element-4471d1b\" data-id=\"4471d1b\" data-element_type=\"column\" data-e-type=\"column\">\n\t\t\t<div class=\"elementor-widget-wrap elementor-element-populated\">\n\t\t\t\t\t\t<div class=\"elementor-element elementor-element-59d4ff2 elementor-widget elementor-widget-heading\" data-id=\"59d4ff2\" data-element_type=\"widget\" data-e-type=\"widget\" data-widget_type=\"heading.default\">\n\t\t\t\t<div class=\"elementor-widget-container\">\n\t\t\t\t\t<h3 class=\"elementor-heading-title elementor-size-default\">PERISCOPE Tech Stack<\/h3>\t\t\t\t<\/div>\n\t\t\t\t<\/div>\n\t\t\t\t\t<\/div>\n\t\t<\/div>\n\t\t\t\t<div class=\"elementor-column elementor-col-50 elementor-top-column elementor-element elementor-element-ee14db0\" data-id=\"ee14db0\" data-element_type=\"column\" data-e-type=\"column\">\n\t\t\t<div class=\"elementor-widget-wrap elementor-element-populated\">\n\t\t\t\t\t\t<div class=\"elementor-element elementor-element-021987f elementor-absolute elementor-widget elementor-widget-heading\" data-id=\"021987f\" data-element_type=\"widget\" data-e-type=\"widget\" data-settings=\"{&quot;_position&quot;:&quot;absolute&quot;}\" data-widget_type=\"heading.default\">\n\t\t\t\t<div class=\"elementor-widget-container\">\n\t\t\t\t\t<h2 class=\"elementor-heading-title elementor-size-default\">Privacy-friendly Business Model Recommender<\/h2>\t\t\t\t<\/div>\n\t\t\t\t<\/div>\n\t\t\t\t\t<\/div>\n\t\t<\/div>\n\t\t\t\t\t<\/div>\n\t\t<\/section>\n\t\t\t\t<section class=\"elementor-section elementor-top-section elementor-element elementor-element-29553ff elementor-section-boxed elementor-section-height-default elementor-section-height-default\" data-id=\"29553ff\" data-element_type=\"section\" data-e-type=\"section\">\n\t\t\t\t\t\t<div class=\"elementor-container elementor-column-gap-default\">\n\t\t\t\t\t<div class=\"elementor-column elementor-col-50 elementor-top-column elementor-element elementor-element-6bcd0c8\" data-id=\"6bcd0c8\" data-element_type=\"column\" data-e-type=\"column\">\n\t\t\t<div class=\"elementor-widget-wrap elementor-element-populated\">\n\t\t\t\t\t\t<div class=\"elementor-element elementor-element-b1af81a elementor-widget elementor-widget-text-editor\" data-id=\"b1af81a\" data-element_type=\"widget\" data-e-type=\"widget\" data-widget_type=\"text-editor.default\">\n\t\t\t\t<div class=\"elementor-widget-container\">\n\t\t\t\t\t\t\t\t\t<p style=\"text-align: center;\">Greifen Sie auf unsere PERISCOPE-Testumgebung zu<\/p>\t\t\t\t\t\t\t\t<\/div>\n\t\t\t\t<\/div>\n\t\t\t\t\t<\/div>\n\t\t<\/div>\n\t\t\t\t<div class=\"elementor-column elementor-col-50 elementor-top-column elementor-element elementor-element-a8b6ea6\" data-id=\"a8b6ea6\" data-element_type=\"column\" data-e-type=\"column\">\n\t\t\t<div class=\"elementor-widget-wrap elementor-element-populated\">\n\t\t\t\t\t\t<div class=\"elementor-element elementor-element-21cb38c elementor-absolute elementor-widget elementor-widget-text-editor\" data-id=\"21cb38c\" data-element_type=\"widget\" data-e-type=\"widget\" data-settings=\"{&quot;_position&quot;:&quot;absolute&quot;}\" data-widget_type=\"text-editor.default\">\n\t\t\t\t<div class=\"elementor-widget-container\">\n\t\t\t\t\t\t\t\t\t<p style=\"text-align: center;\">Bewerten Sie die Datenschutzfreundlichkeit von Plattform-Gesch\u00e4ftsmodellen<\/p>\t\t\t\t\t\t\t\t<\/div>\n\t\t\t\t<\/div>\n\t\t\t\t\t<\/div>\n\t\t<\/div>\n\t\t\t\t\t<\/div>\n\t\t<\/section>\n\t\t\t\t<section class=\"elementor-section elementor-top-section elementor-element elementor-element-4319559 elementor-section-boxed elementor-section-height-default elementor-section-height-default\" data-id=\"4319559\" data-element_type=\"section\" data-e-type=\"section\">\n\t\t\t\t\t\t<div class=\"elementor-container elementor-column-gap-default\">\n\t\t\t\t\t<div class=\"elementor-column elementor-col-100 elementor-top-column elementor-element elementor-element-ea46cd7\" data-id=\"ea46cd7\" data-element_type=\"column\" data-e-type=\"column\">\n\t\t\t<div class=\"elementor-widget-wrap elementor-element-populated\">\n\t\t\t\t\t\t<div class=\"elementor-element elementor-element-3ae47b7 elementor-widget-divider--view-line elementor-widget elementor-widget-divider\" data-id=\"3ae47b7\" data-element_type=\"widget\" data-e-type=\"widget\" data-widget_type=\"divider.default\">\n\t\t\t\t<div class=\"elementor-widget-container\">\n\t\t\t\t\t\t\t<div class=\"elementor-divider\">\n\t\t\t<span class=\"elementor-divider-separator\">\n\t\t\t\t\t\t<\/span>\n\t\t<\/div>\n\t\t\t\t\t\t<\/div>\n\t\t\t\t<\/div>\n\t\t\t\t\t<\/div>\n\t\t<\/div>\n\t\t\t\t\t<\/div>\n\t\t<\/section>\n\t\t\t\t<section class=\"elementor-section elementor-top-section elementor-element elementor-element-0b2194d elementor-section-boxed elementor-section-height-default elementor-section-height-default\" data-id=\"0b2194d\" data-element_type=\"section\" data-e-type=\"section\">\n\t\t\t\t\t\t<div class=\"elementor-container elementor-column-gap-default\">\n\t\t\t\t\t<div class=\"elementor-column elementor-col-50 elementor-top-column elementor-element elementor-element-3fecf29\" data-id=\"3fecf29\" data-element_type=\"column\" data-e-type=\"column\">\n\t\t\t<div class=\"elementor-widget-wrap elementor-element-populated\">\n\t\t\t\t\t\t<div class=\"elementor-element elementor-element-21ea795 elementor-absolute elementor-widget elementor-widget-image\" data-id=\"21ea795\" data-element_type=\"widget\" data-e-type=\"widget\" data-settings=\"{&quot;_position&quot;:&quot;absolute&quot;}\" data-widget_type=\"image.default\">\n\t\t\t\t<div class=\"elementor-widget-container\">\n\t\t\t\t\t\t\t\t\t\t\t\t\t\t\t\t<a href=\"https:\/\/www.figma.com\/proto\/s8IWeU4AbxMmWc5QFZyGMw\/Periscope-Abschluss?page-id=0%3A1&#038;node-id=7-383&#038;node-type=frame&#038;viewport=1105%2C1119%2C0.57&#038;t=4ACHmdpCzIfcfTeL-9&#038;scaling=scale-down&#038;content-scaling=fixed&#038;starting-point-node-id=7%3A383&#038;show-proto-sidebar=1\">\n\t\t\t\t\t\t\t<img decoding=\"async\" width=\"1024\" height=\"591\" src=\"https:\/\/websites.fraunhofer.de\/periscope-projekt\/wp-content\/uploads\/2024\/08\/Blue-Titanium-1024x591.png\" class=\"attachment-large size-large wp-image-722\" alt=\"\" srcset=\"https:\/\/websites.fraunhofer.de\/periscope-projekt\/wp-content\/uploads\/2024\/08\/Blue-Titanium-1024x591.png 1024w, https:\/\/websites.fraunhofer.de\/periscope-projekt\/wp-content\/uploads\/2024\/08\/Blue-Titanium-300x173.png 300w, https:\/\/websites.fraunhofer.de\/periscope-projekt\/wp-content\/uploads\/2024\/08\/Blue-Titanium-768x443.png 768w, https:\/\/websites.fraunhofer.de\/periscope-projekt\/wp-content\/uploads\/2024\/08\/Blue-Titanium-1536x887.png 1536w, https:\/\/websites.fraunhofer.de\/periscope-projekt\/wp-content\/uploads\/2024\/08\/Blue-Titanium-2048x1182.png 2048w\" sizes=\"(max-width: 1024px) 100vw, 1024px\" \/>\t\t\t\t\t\t\t\t<\/a>\n\t\t\t\t\t\t\t\t\t\t\t\t\t\t\t<\/div>\n\t\t\t\t<\/div>\n\t\t\t\t\t<\/div>\n\t\t<\/div>\n\t\t\t\t<div class=\"elementor-column elementor-col-50 elementor-top-column elementor-element elementor-element-8488ece\" data-id=\"8488ece\" data-element_type=\"column\" data-e-type=\"column\">\n\t\t\t<div class=\"elementor-widget-wrap elementor-element-populated\">\n\t\t\t\t\t\t<div class=\"elementor-element elementor-element-4544c53 elementor-widget elementor-widget-image\" data-id=\"4544c53\" data-element_type=\"widget\" data-e-type=\"widget\" data-widget_type=\"image.default\">\n\t\t\t\t<div class=\"elementor-widget-container\">\n\t\t\t\t\t\t\t\t\t\t\t\t\t\t\t\t<a href=\"https:\/\/www.figma.com\/proto\/oCvXgkmD0GBNAnMbU3fa91\/Periscope---Use-Case-II?node-id=251-7302&#038;starting-point-node-id=251%3A7302&#038;hide-ui=1\">\n\t\t\t\t\t\t\t<img loading=\"lazy\" decoding=\"async\" width=\"1024\" height=\"648\" src=\"https:\/\/websites.fraunhofer.de\/periscope-projekt\/wp-content\/uploads\/2024\/08\/Silver-1024x648.png\" class=\"attachment-large size-large wp-image-723\" alt=\"\" srcset=\"https:\/\/websites.fraunhofer.de\/periscope-projekt\/wp-content\/uploads\/2024\/08\/Silver-1024x648.png 1024w, https:\/\/websites.fraunhofer.de\/periscope-projekt\/wp-content\/uploads\/2024\/08\/Silver-300x190.png 300w, https:\/\/websites.fraunhofer.de\/periscope-projekt\/wp-content\/uploads\/2024\/08\/Silver-768x486.png 768w, https:\/\/websites.fraunhofer.de\/periscope-projekt\/wp-content\/uploads\/2024\/08\/Silver-1536x971.png 1536w, https:\/\/websites.fraunhofer.de\/periscope-projekt\/wp-content\/uploads\/2024\/08\/Silver-2048x1295.png 2048w\" sizes=\"(max-width: 1024px) 100vw, 1024px\" \/>\t\t\t\t\t\t\t\t<\/a>\n\t\t\t\t\t\t\t\t\t\t\t\t\t\t\t<\/div>\n\t\t\t\t<\/div>\n\t\t\t\t\t<\/div>\n\t\t<\/div>\n\t\t\t\t\t<\/div>\n\t\t<\/section>\n\t\t\t\t<section class=\"elementor-section elementor-top-section elementor-element elementor-element-4f0ea1c elementor-section-boxed elementor-section-height-default elementor-section-height-default\" data-id=\"4f0ea1c\" data-element_type=\"section\" data-e-type=\"section\">\n\t\t\t\t\t\t<div class=\"elementor-container elementor-column-gap-default\">\n\t\t\t\t\t<div class=\"elementor-column elementor-col-50 elementor-top-column elementor-element elementor-element-70a86d8\" data-id=\"70a86d8\" data-element_type=\"column\" data-e-type=\"column\">\n\t\t\t<div class=\"elementor-widget-wrap elementor-element-populated\">\n\t\t\t\t\t\t<div class=\"elementor-element elementor-element-50da8b9 elementor-widget elementor-widget-heading\" data-id=\"50da8b9\" data-element_type=\"widget\" data-e-type=\"widget\" data-widget_type=\"heading.default\">\n\t\t\t\t<div class=\"elementor-widget-container\">\n\t\t\t\t\t<h2 class=\"elementor-heading-title elementor-size-default\">Consumer Demonstrator (Figma)<\/h2>\t\t\t\t<\/div>\n\t\t\t\t<\/div>\n\t\t\t\t\t<\/div>\n\t\t<\/div>\n\t\t\t\t<div class=\"elementor-column elementor-col-50 elementor-top-column elementor-element elementor-element-441fca4\" data-id=\"441fca4\" data-element_type=\"column\" data-e-type=\"column\">\n\t\t\t<div class=\"elementor-widget-wrap elementor-element-populated\">\n\t\t\t\t\t\t<div class=\"elementor-element elementor-element-7dcbaa2 elementor-widget elementor-widget-heading\" data-id=\"7dcbaa2\" data-element_type=\"widget\" data-e-type=\"widget\" data-widget_type=\"heading.default\">\n\t\t\t\t<div class=\"elementor-widget-container\">\n\t\t\t\t\t<h2 class=\"elementor-heading-title elementor-size-default\">Platform Demonstrator (Figma)<\/h2>\t\t\t\t<\/div>\n\t\t\t\t<\/div>\n\t\t\t\t\t<\/div>\n\t\t<\/div>\n\t\t\t\t\t<\/div>\n\t\t<\/section>\n\t\t\t\t<section class=\"elementor-section elementor-top-section elementor-element elementor-element-3617adb elementor-section-boxed elementor-section-height-default elementor-section-height-default\" data-id=\"3617adb\" data-element_type=\"section\" data-e-type=\"section\">\n\t\t\t\t\t\t<div class=\"elementor-container elementor-column-gap-default\">\n\t\t\t\t\t<div class=\"elementor-column elementor-col-50 elementor-top-column elementor-element elementor-element-aef173c\" data-id=\"aef173c\" data-element_type=\"column\" data-e-type=\"column\">\n\t\t\t<div class=\"elementor-widget-wrap elementor-element-populated\">\n\t\t\t\t\t\t<div class=\"elementor-element elementor-element-5dfdf45 elementor-widget elementor-widget-text-editor\" data-id=\"5dfdf45\" data-element_type=\"widget\" data-e-type=\"widget\" data-widget_type=\"text-editor.default\">\n\t\t\t\t<div class=\"elementor-widget-container\">\n\t\t\t\t\t\t\t\t\t<p style=\"text-align: center;\">Erleben Sie unsere Prozesse f\u00fcr Verbraucher mit PERISCOPE<\/p>\t\t\t\t\t\t\t\t<\/div>\n\t\t\t\t<\/div>\n\t\t\t\t\t<\/div>\n\t\t<\/div>\n\t\t\t\t<div class=\"elementor-column elementor-col-50 elementor-top-column elementor-element elementor-element-fcf8b1d\" data-id=\"fcf8b1d\" data-element_type=\"column\" data-e-type=\"column\">\n\t\t\t<div class=\"elementor-widget-wrap elementor-element-populated\">\n\t\t\t\t\t\t<div class=\"elementor-element elementor-element-e6f45d9 elementor-widget elementor-widget-text-editor\" data-id=\"e6f45d9\" data-element_type=\"widget\" data-e-type=\"widget\" data-widget_type=\"text-editor.default\">\n\t\t\t\t<div class=\"elementor-widget-container\">\n\t\t\t\t\t\t\t\t\t<p style=\"text-align: center;\">Erleben Sie unsere Prozesse f\u00fcr Plattformbusinesses mit PERISCOPE<\/p>\t\t\t\t\t\t\t\t<\/div>\n\t\t\t\t<\/div>\n\t\t\t\t\t<\/div>\n\t\t<\/div>\n\t\t\t\t\t<\/div>\n\t\t<\/section>\n\t\t\t\t<section class=\"elementor-section elementor-top-section elementor-element elementor-element-368e01a elementor-section-boxed elementor-section-height-default elementor-section-height-default\" data-id=\"368e01a\" data-element_type=\"section\" data-e-type=\"section\">\n\t\t\t\t\t\t<div class=\"elementor-container elementor-column-gap-default\">\n\t\t\t\t\t<div class=\"elementor-column elementor-col-100 elementor-top-column elementor-element elementor-element-a726c69\" data-id=\"a726c69\" data-element_type=\"column\" data-e-type=\"column\">\n\t\t\t<div class=\"elementor-widget-wrap elementor-element-populated\">\n\t\t\t\t\t\t<div class=\"elementor-element elementor-element-c092fe9 elementor-widget-divider--view-line elementor-widget elementor-widget-divider\" data-id=\"c092fe9\" data-element_type=\"widget\" data-e-type=\"widget\" data-widget_type=\"divider.default\">\n\t\t\t\t<div class=\"elementor-widget-container\">\n\t\t\t\t\t\t\t<div class=\"elementor-divider\">\n\t\t\t<span class=\"elementor-divider-separator\">\n\t\t\t\t\t\t<\/span>\n\t\t<\/div>\n\t\t\t\t\t\t<\/div>\n\t\t\t\t<\/div>\n\t\t\t\t\t<\/div>\n\t\t<\/div>\n\t\t\t\t\t<\/div>\n\t\t<\/section>\n\t\t\t\t<\/div>\n\t\t","protected":false},"excerpt":{"rendered":"<p>PERISCOPE Tech Stack Privacy-friendly Business Model Recommender Greifen Sie auf unsere PERISCOPE-Testumgebung zu Bewerten Sie die Datenschutzfreundlichkeit von Plattform-Gesch\u00e4ftsmodellen Consumer Demonstrator (Figma) Platform Demonstrator (Figma) Erleben Sie unsere Prozesse f\u00fcr Verbraucher mit PERISCOPE Erleben Sie unsere Prozesse f\u00fcr Plattformbusinesses mit PERISCOPE<\/p>\n","protected":false},"author":4,"featured_media":0,"parent":0,"menu_order":0,"comment_status":"closed","ping_status":"closed","template":"elementor_header_footer","meta":{"ocean_post_layout":"","ocean_both_sidebars_style":"","ocean_both_sidebars_content_width":0,"ocean_both_sidebars_sidebars_width":0,"ocean_sidebar":"","ocean_second_sidebar":"","ocean_disable_margins":"enable","ocean_add_body_class":"","ocean_shortcode_before_top_bar":"","ocean_shortcode_after_top_bar":"","ocean_shortcode_before_header":"","ocean_shortcode_after_header":"","ocean_has_shortcode":"","ocean_shortcode_after_title":"","ocean_shortcode_before_footer_widgets":"","ocean_shortcode_after_footer_widgets":"","ocean_shortcode_before_footer_bottom":"","ocean_shortcode_after_footer_bottom":"","ocean_display_top_bar":"default","ocean_display_header":"default","ocean_header_style":"","ocean_center_header_left_menu":"","ocean_custom_header_template":"","ocean_custom_logo":0,"ocean_custom_retina_logo":0,"ocean_custom_logo_max_width":0,"ocean_custom_logo_tablet_max_width":0,"ocean_custom_logo_mobile_max_width":0,"ocean_custom_logo_max_height":0,"ocean_custom_logo_tablet_max_height":0,"ocean_custom_logo_mobile_max_height":0,"ocean_header_custom_menu":"","ocean_menu_typo_font_family":"","ocean_menu_typo_font_subset":"","ocean_menu_typo_font_size":0,"ocean_menu_typo_font_size_tablet":0,"ocean_menu_typo_font_size_mobile":0,"ocean_menu_typo_font_size_unit":"px","ocean_menu_typo_font_weight":"","ocean_menu_typo_font_weight_tablet":"","ocean_menu_typo_font_weight_mobile":"","ocean_menu_typo_transform":"","ocean_menu_typo_transform_tablet":"","ocean_menu_typo_transform_mobile":"","ocean_menu_typo_line_height":0,"ocean_menu_typo_line_height_tablet":0,"ocean_menu_typo_line_height_mobile":0,"ocean_menu_typo_line_height_unit":"","ocean_menu_typo_spacing":0,"ocean_menu_typo_spacing_tablet":0,"ocean_menu_typo_spacing_mobile":0,"ocean_menu_typo_spacing_unit":"","ocean_menu_link_color":"","ocean_menu_link_color_hover":"","ocean_menu_link_color_active":"","ocean_menu_link_background":"","ocean_menu_link_hover_background":"","ocean_menu_link_active_background":"","ocean_menu_social_links_bg":"","ocean_menu_social_hover_links_bg":"","ocean_menu_social_links_color":"","ocean_menu_social_hover_links_color":"","ocean_disable_title":"default","ocean_disable_heading":"default","ocean_post_title":"","ocean_post_subheading":"","ocean_post_title_style":"","ocean_post_title_background_color":"","ocean_post_title_background":0,"ocean_post_title_bg_image_position":"","ocean_post_title_bg_image_attachment":"","ocean_post_title_bg_image_repeat":"","ocean_post_title_bg_image_size":"","ocean_post_title_height":0,"ocean_post_title_bg_overlay":0.5,"ocean_post_title_bg_overlay_color":"","ocean_disable_breadcrumbs":"default","ocean_breadcrumbs_color":"","ocean_breadcrumbs_separator_color":"","ocean_breadcrumbs_links_color":"","ocean_breadcrumbs_links_hover_color":"","ocean_display_footer_widgets":"default","ocean_display_footer_bottom":"default","ocean_custom_footer_template":"","footnotes":""},"class_list":["post-490","page","type-page","status-publish","hentry","entry"],"_links":{"self":[{"href":"https:\/\/websites.fraunhofer.de\/periscope-projekt\/wp-json\/wp\/v2\/pages\/490","targetHints":{"allow":["GET"]}}],"collection":[{"href":"https:\/\/websites.fraunhofer.de\/periscope-projekt\/wp-json\/wp\/v2\/pages"}],"about":[{"href":"https:\/\/websites.fraunhofer.de\/periscope-projekt\/wp-json\/wp\/v2\/types\/page"}],"author":[{"embeddable":true,"href":"https:\/\/websites.fraunhofer.de\/periscope-projekt\/wp-json\/wp\/v2\/users\/4"}],"replies":[{"embeddable":true,"href":"https:\/\/websites.fraunhofer.de\/periscope-projekt\/wp-json\/wp\/v2\/comments?post=490"}],"version-history":[{"count":53,"href":"https:\/\/websites.fraunhofer.de\/periscope-projekt\/wp-json\/wp\/v2\/pages\/490\/revisions"}],"predecessor-version":[{"id":821,"href":"https:\/\/websites.fraunhofer.de\/periscope-projekt\/wp-json\/wp\/v2\/pages\/490\/revisions\/821"}],"wp:attachment":[{"href":"https:\/\/websites.fraunhofer.de\/periscope-projekt\/wp-json\/wp\/v2\/media?parent=490"}],"curies":[{"name":"wp","href":"https:\/\/api.w.org\/{rel}","templated":true}]}}