{"id":390,"date":"2024-05-02T11:01:24","date_gmt":"2024-05-02T09:01:24","guid":{"rendered":"https:\/\/websites.fraunhofer.de\/periscope-projekt\/?page_id=390"},"modified":"2025-04-11T08:15:25","modified_gmt":"2025-04-11T06:15:25","slug":"veroeffentlichungen","status":"publish","type":"page","link":"https:\/\/websites.fraunhofer.de\/periscope-projekt\/veroeffentlichungen","title":{"rendered":"Publikationen"},"content":{"rendered":"\t\t<div data-elementor-type=\"wp-page\" data-elementor-id=\"390\" class=\"elementor elementor-390\">\n\t\t\t\t\t\t<section class=\"elementor-section elementor-top-section elementor-element elementor-element-d8b599a elementor-section-boxed elementor-section-height-default elementor-section-height-default\" data-id=\"d8b599a\" data-element_type=\"section\" data-e-type=\"section\">\n\t\t\t\t\t\t<div class=\"elementor-container elementor-column-gap-default\">\n\t\t\t\t\t<div class=\"elementor-column elementor-col-100 elementor-top-column elementor-element elementor-element-93ce2ca\" data-id=\"93ce2ca\" data-element_type=\"column\" data-e-type=\"column\">\n\t\t\t<div class=\"elementor-widget-wrap elementor-element-populated\">\n\t\t\t\t\t\t<div class=\"elementor-element elementor-element-9752dcc elementor-widget elementor-widget-heading\" data-id=\"9752dcc\" data-element_type=\"widget\" data-e-type=\"widget\" data-widget_type=\"heading.default\">\n\t\t\t\t<div class=\"elementor-widget-container\">\n\t\t\t\t\t<h1 class=\"elementor-heading-title elementor-size-default\">Wissenschaftliche Publikationen<\/h1>\t\t\t\t<\/div>\n\t\t\t\t<\/div>\n\t\t\t\t\t<\/div>\n\t\t<\/div>\n\t\t\t\t\t<\/div>\n\t\t<\/section>\n\t\t\t\t<section class=\"elementor-section elementor-top-section elementor-element elementor-element-7c29458 elementor-section-boxed elementor-section-height-default elementor-section-height-default\" data-id=\"7c29458\" data-element_type=\"section\" data-e-type=\"section\">\n\t\t\t\t\t\t<div class=\"elementor-container elementor-column-gap-default\">\n\t\t\t\t\t<div class=\"elementor-column elementor-col-100 elementor-top-column elementor-element elementor-element-8022305\" data-id=\"8022305\" data-element_type=\"column\" data-e-type=\"column\">\n\t\t\t<div class=\"elementor-widget-wrap elementor-element-populated\">\n\t\t\t\t\t\t<div class=\"elementor-element elementor-element-0251d4b elementor-widget elementor-widget-heading\" data-id=\"0251d4b\" data-element_type=\"widget\" data-e-type=\"widget\" data-widget_type=\"heading.default\">\n\t\t\t\t<div class=\"elementor-widget-container\">\n\t\t\t\t\t<h2 class=\"elementor-heading-title elementor-size-default\">2025<\/h2>\t\t\t\t<\/div>\n\t\t\t\t<\/div>\n\t\t\t\t\t<\/div>\n\t\t<\/div>\n\t\t\t\t\t<\/div>\n\t\t<\/section>\n\t\t\t\t<section class=\"elementor-section elementor-top-section elementor-element elementor-element-b43b02d elementor-section-boxed elementor-section-height-default elementor-section-height-default\" data-id=\"b43b02d\" data-element_type=\"section\" data-e-type=\"section\">\n\t\t\t\t\t\t<div class=\"elementor-container elementor-column-gap-default\">\n\t\t\t\t\t<div class=\"elementor-column elementor-col-100 elementor-top-column elementor-element elementor-element-efe302b\" data-id=\"efe302b\" data-element_type=\"column\" data-e-type=\"column\">\n\t\t\t<div class=\"elementor-widget-wrap elementor-element-populated\">\n\t\t\t\t\t\t<div class=\"elementor-element elementor-element-42ff0cc elementor-widget elementor-widget-text-editor\" data-id=\"42ff0cc\" data-element_type=\"widget\" data-e-type=\"widget\" data-widget_type=\"text-editor.default\">\n\t\t\t\t<div class=\"elementor-widget-container\">\n\t\t\t\t\t\t\t\t\t<p><b><span style=\"font-size: 11.0pt; line-height: 107%; font-family: 'Calibri',sans-serif; mso-ascii-theme-font: minor-latin; mso-fareast-font-family: Calibri; mso-fareast-theme-font: minor-latin; mso-hansi-theme-font: minor-latin; mso-bidi-font-family: Arial; mso-bidi-theme-font: minor-bidi; mso-ansi-language: DE; mso-fareast-language: EN-US; mso-bidi-language: AR-SA;\">Kiss, L., Sellung, R., Hanneke, B., &amp; Baum, L. (2025).<\/span><\/b><span style=\"font-size: 11.0pt; line-height: 107%; font-family: 'Calibri',sans-serif; mso-ascii-theme-font: minor-latin; mso-fareast-font-family: Calibri; mso-fareast-theme-font: minor-latin; mso-hansi-theme-font: minor-latin; mso-bidi-font-family: Arial; mso-bidi-theme-font: minor-bidi; mso-ansi-language: DE; mso-fareast-language: EN-US; mso-bidi-language: AR-SA;\"> Erkenntnisse zur Verbesserung von Datenschutzinitiativen: Transparenz, Intervenierbarkeit und User Experience im Fokus. <i>Plattform Privatheit Jahreskonferenz 2024<\/i>. Ver\u00f6ffentlichung folgt.<\/span><\/p>\t\t\t\t\t\t\t\t<\/div>\n\t\t\t\t<\/div>\n\t\t\t\t\t<\/div>\n\t\t<\/div>\n\t\t\t\t\t<\/div>\n\t\t<\/section>\n\t\t\t\t<section class=\"elementor-section elementor-top-section elementor-element elementor-element-3cc23fc elementor-section-boxed elementor-section-height-default elementor-section-height-default\" data-id=\"3cc23fc\" data-element_type=\"section\" data-e-type=\"section\">\n\t\t\t\t\t\t<div class=\"elementor-container elementor-column-gap-default\">\n\t\t\t\t\t<div class=\"elementor-column elementor-col-100 elementor-top-column elementor-element elementor-element-9be8cf2\" data-id=\"9be8cf2\" data-element_type=\"column\" data-e-type=\"column\">\n\t\t\t<div class=\"elementor-widget-wrap elementor-element-populated\">\n\t\t\t\t\t\t<div class=\"elementor-element elementor-element-538bdf3 elementor-widget elementor-widget-text-editor\" data-id=\"538bdf3\" data-element_type=\"widget\" data-e-type=\"widget\" data-widget_type=\"text-editor.default\">\n\t\t\t\t<div class=\"elementor-widget-container\">\n\t\t\t\t\t\t\t\t\t<h2>2024<\/h2>\t\t\t\t\t\t\t\t<\/div>\n\t\t\t\t<\/div>\n\t\t\t\t\t<\/div>\n\t\t<\/div>\n\t\t\t\t\t<\/div>\n\t\t<\/section>\n\t\t\t\t<section class=\"elementor-section elementor-top-section elementor-element elementor-element-aa2a100 elementor-section-boxed elementor-section-height-default elementor-section-height-default\" data-id=\"aa2a100\" data-element_type=\"section\" data-e-type=\"section\">\n\t\t\t\t\t\t<div class=\"elementor-container elementor-column-gap-default\">\n\t\t\t\t\t<div class=\"elementor-column elementor-col-100 elementor-top-column elementor-element elementor-element-2208c56\" data-id=\"2208c56\" data-element_type=\"column\" data-e-type=\"column\">\n\t\t\t<div class=\"elementor-widget-wrap elementor-element-populated\">\n\t\t\t\t\t\t<div class=\"elementor-element elementor-element-c3a0936 elementor-widget elementor-widget-text-editor\" data-id=\"c3a0936\" data-element_type=\"widget\" data-e-type=\"widget\" data-widget_type=\"text-editor.default\">\n\t\t\t\t<div class=\"elementor-widget-container\">\n\t\t\t\t\t\t\t\t\t<p><strong>Pfeiffer, Lars (2024)<\/strong>. Datenzugang in der Plattform\u00f6konomie: Regulierungsinstrumente in P2B-VO, DMA und DSA, in: Buchheim \/ Kraetzig \/ Mendelsohn \/ Steinr\u00f6tter (Hrsg.): &#8222;Plattformen. Grundlagen und Neuordnung des Rechts digitaler Plattformen&#8220;, Baden-Baden 2024, 53-76.<\/p>\n<p><strong>Hanneke, Bj\u00f6rn \/ Baum, Lorenz \/ Schunck, Christian \/ Hinz, Oliver (2024)<\/strong>. Privatsph\u00e4renfreundliche Plattformgesch\u00e4ftsmodelle \u2013 Gesch\u00e4ftsmodell-Navigator, Datenschutz und Datensicherheit (DuD). Available online: <a href=\"https:\/\/rdcu.be\/dxgod\">link<\/a><\/p>\n<p><strong>Schmitt, Hartmut \/ Schunck, Christian \/ Lo lacono, Luigi (2024)<\/strong>. \u00d6kosysteme \u2013 Neue Herausforderungen f\u00fcr den Datenschutz. Available online: <a href=\"https:\/\/www.springerprofessional.de\/datenoekonomie-in-digitalen-oekosystemen\/26674170\">link<\/a><\/p>\n<p><strong>Baum, Lorenz \/ Hanneke, Bj\u00f6rn \/ Hinz, Oliver (2024)<\/strong>. Recommender for Privacy-friendly Platform Business Models. Available Online:&nbsp;<a href=\"https:\/\/aisel.aisnet.org\/icis2024\/security\/security\/3\/\">https:\/\/aisel.aisnet.org\/icis2024\/security\/security\/3\/<\/a>&nbsp;&nbsp;<\/p>\n<p><strong>Pfeiffer, Lars (2024)<\/strong>. Big-Tech-Data: Zugangsnotwendigkeit und Zugangsausgestaltung nach dem Digital Markets Act, in: Augsberg\/D\u00fcwell\/M\u00fcller (Hrsg.), Datenzugangsregeln. Zwischen Freigabe und Kontrolle, Campus Verlag, 101-136. Available online: <a href=\"https:\/\/www.campus.de\/e-books\/wissenschaft\/philosophie\/datenzugangsregeln-18409.html\">https:\/\/www.campus.de\/e-books\/wissenschaft\/philosophie\/datenzugangsregeln-18409.html<\/a><\/p>\t\t\t\t\t\t\t\t<\/div>\n\t\t\t\t<\/div>\n\t\t\t\t\t<\/div>\n\t\t<\/div>\n\t\t\t\t\t<\/div>\n\t\t<\/section>\n\t\t\t\t<section class=\"elementor-section elementor-top-section elementor-element elementor-element-7973ddd elementor-section-boxed elementor-section-height-default elementor-section-height-default\" data-id=\"7973ddd\" data-element_type=\"section\" data-e-type=\"section\">\n\t\t\t\t\t\t<div class=\"elementor-container elementor-column-gap-default\">\n\t\t\t\t\t<div class=\"elementor-column elementor-col-100 elementor-top-column elementor-element elementor-element-84c7307\" data-id=\"84c7307\" data-element_type=\"column\" data-e-type=\"column\">\n\t\t\t<div class=\"elementor-widget-wrap elementor-element-populated\">\n\t\t\t\t\t\t<div class=\"elementor-element elementor-element-fb4339b elementor-widget elementor-widget-text-editor\" data-id=\"fb4339b\" data-element_type=\"widget\" data-e-type=\"widget\" data-widget_type=\"text-editor.default\">\n\t\t\t\t<div class=\"elementor-widget-container\">\n\t\t\t\t\t\t\t\t\t<h2>2023<\/h2>\t\t\t\t\t\t\t\t<\/div>\n\t\t\t\t<\/div>\n\t\t\t\t\t<\/div>\n\t\t<\/div>\n\t\t\t\t\t<\/div>\n\t\t<\/section>\n\t\t\t\t<section class=\"elementor-section elementor-top-section elementor-element elementor-element-e78d037 elementor-section-boxed elementor-section-height-default elementor-section-height-default\" data-id=\"e78d037\" data-element_type=\"section\" data-e-type=\"section\">\n\t\t\t\t\t\t<div class=\"elementor-container elementor-column-gap-default\">\n\t\t\t\t\t<div class=\"elementor-column elementor-col-100 elementor-top-column elementor-element elementor-element-022a3e3\" data-id=\"022a3e3\" data-element_type=\"column\" data-e-type=\"column\">\n\t\t\t<div class=\"elementor-widget-wrap elementor-element-populated\">\n\t\t\t\t\t\t<div class=\"elementor-element elementor-element-309d9b6 elementor-widget elementor-widget-text-editor\" data-id=\"309d9b6\" data-element_type=\"widget\" data-e-type=\"widget\" data-widget_type=\"text-editor.default\">\n\t\t\t\t<div class=\"elementor-widget-container\">\n\t\t\t\t\t\t\t\t\t<p><span style=\"font-weight: normal;\"><strong>Hanneke, Bj\u00f6rn \/ Baum, Lorenz \/ Schlereth, Christian \/ Hinz, Oliver (2023)<\/strong>. Consumer Preferences for Privacy Management Systems, International Conference on Information Systems (ICIS) 2023, Hyderabad, India. Available online: <a href=\"https:\/\/aisel.aisnet.org\/icis2023\/cyber_security\/cyber_security\/12\/\">link<\/a><\/span><\/p><p dir=\"ltr\"><span style=\"font-weight: normal;\"><strong>Hanneke, Bj\u00f6rn \/ Baum, Lorenz \/ Hinz, Oliver (2023)<\/strong>. GDPR Privacy Type Clustering: Motivational Factors for Consumer Data Sharing, European Conference on Information Systems (ECIS) 2023, Kristiansand, Norway. Available online: <a href=\"https:\/\/aisel.aisnet.org\/ecis2023_rp\/409\/\">link<\/a><a href=\"https:\/\/aisel.aisnet.org\/cgi\/viewcontent.cgi?article=1408&amp;context=ecis2023_rp\">\u00a0<\/a><\/span><\/p><p dir=\"ltr\"><span style=\"font-weight: normal;\"><strong>Astfalk, Stefanie \/ Schunck, Christian (2023)<\/strong>. Balancing Privacy and Value Creation in the Platform Economy: The Role of Transparency and Intervenability. Open Identity Summit 2023, Lecture Notes in Informatics (LNI). Available online: <a href=\"https:\/\/dl.gi.de\/server\/api\/core\/bitstreams\/2963755b-7cb5-4ea2-8836-9614b0e0557f\/content\">link<\/a><\/span><\/p><p><strong>Pfeiffer, Lars \/ Astfalk, Stefanie \/ Baum, Lorenz \/ Hanneke, Bj\u00f6rn \/ Schunck, Christian \/ Winterstetter, Matthias (2023)<\/strong>. Anforderungen an die automatisierte Protokollierung von Datenverarbeitungst\u00e4tigkeiten in einem Transaktionsjournal: eine Multi-Stakeholder-Perspektive auf Motivation und Umsetzung, in Friedewald \/ Ro\u00dfnagel \/ Neuburger \/ Bieker \/ Hornung (Hrsg.): &#8222;Daten-Fairness in einer globalisierten Welt&#8220;, 117\u2013144, Nomos (Privatheit und Selbstbestimmung in der digitalen Welt, 2), Baden-Baden. Available online: <a href=\"https:\/\/doi.org\/10.5771\/9783748938743-117\">doi.org\/10.5771\/9783748938743-117<\/a><\/p>\t\t\t\t\t\t\t\t<\/div>\n\t\t\t\t<\/div>\n\t\t\t\t\t<\/div>\n\t\t<\/div>\n\t\t\t\t\t<\/div>\n\t\t<\/section>\n\t\t\t\t<section class=\"elementor-section elementor-top-section elementor-element elementor-element-bbdac2e elementor-section-boxed elementor-section-height-default elementor-section-height-default\" data-id=\"bbdac2e\" data-element_type=\"section\" data-e-type=\"section\">\n\t\t\t\t\t\t<div class=\"elementor-container elementor-column-gap-default\">\n\t\t\t\t\t<div class=\"elementor-column elementor-col-100 elementor-top-column elementor-element elementor-element-612d5e9\" data-id=\"612d5e9\" data-element_type=\"column\" data-e-type=\"column\">\n\t\t\t<div class=\"elementor-widget-wrap elementor-element-populated\">\n\t\t\t\t\t\t<div class=\"elementor-element elementor-element-ee228c8 elementor-widget elementor-widget-heading\" data-id=\"ee228c8\" data-element_type=\"widget\" data-e-type=\"widget\" data-widget_type=\"heading.default\">\n\t\t\t\t<div class=\"elementor-widget-container\">\n\t\t\t\t\t<h2 class=\"elementor-heading-title elementor-size-default\">2021<\/h2>\t\t\t\t<\/div>\n\t\t\t\t<\/div>\n\t\t\t\t\t<\/div>\n\t\t<\/div>\n\t\t\t\t\t<\/div>\n\t\t<\/section>\n\t\t\t\t<section class=\"elementor-section elementor-top-section elementor-element elementor-element-b5441e4 elementor-section-boxed elementor-section-height-default elementor-section-height-default\" data-id=\"b5441e4\" data-element_type=\"section\" data-e-type=\"section\">\n\t\t\t\t\t\t<div class=\"elementor-container elementor-column-gap-default\">\n\t\t\t\t\t<div class=\"elementor-column elementor-col-100 elementor-top-column elementor-element elementor-element-1b9390b\" data-id=\"1b9390b\" data-element_type=\"column\" data-e-type=\"column\">\n\t\t\t<div class=\"elementor-widget-wrap elementor-element-populated\">\n\t\t\t\t\t\t<div class=\"elementor-element elementor-element-962923a elementor-widget elementor-widget-text-editor\" data-id=\"962923a\" data-element_type=\"widget\" data-e-type=\"widget\" data-widget_type=\"text-editor.default\">\n\t\t\t\t<div class=\"elementor-widget-container\">\n\t\t\t\t\t\t\t\t\t<p dir=\"ltr\"><strong>Pfeiffer, Lars (2021)<\/strong>. PERISCOPE: Privatsph\u00e4renfreundliche Gesch\u00e4ftsmodelle f\u00fcr die Plattform\u00f6konomie, ZD-Aktuell 2021, 05513.\u00a0<\/p>\t\t\t\t\t\t\t\t<\/div>\n\t\t\t\t<\/div>\n\t\t\t\t\t<\/div>\n\t\t<\/div>\n\t\t\t\t\t<\/div>\n\t\t<\/section>\n\t\t\t\t<\/div>\n\t\t","protected":false},"excerpt":{"rendered":"<p>Wissenschaftliche Publikationen 2025 Kiss, L., Sellung, R., Hanneke, B., &amp; Baum, L. (2025). Erkenntnisse zur Verbesserung von Datenschutzinitiativen: Transparenz, Intervenierbarkeit und User Experience im Fokus. Plattform Privatheit Jahreskonferenz 2024. Ver\u00f6ffentlichung folgt. 2024 Pfeiffer, Lars (2024). Datenzugang in der Plattform\u00f6konomie: Regulierungsinstrumente in P2B-VO, DMA und DSA, in: Buchheim \/ Kraetzig \/ Mendelsohn \/ Steinr\u00f6tter (Hrsg.): &#8222;Plattformen. [&hellip;]<\/p>\n","protected":false},"author":7,"featured_media":0,"parent":0,"menu_order":0,"comment_status":"closed","ping_status":"closed","template":"elementor_header_footer","meta":{"ocean_post_layout":"","ocean_both_sidebars_style":"","ocean_both_sidebars_content_width":0,"ocean_both_sidebars_sidebars_width":0,"ocean_sidebar":"","ocean_second_sidebar":"","ocean_disable_margins":"enable","ocean_add_body_class":"","ocean_shortcode_before_top_bar":"","ocean_shortcode_after_top_bar":"","ocean_shortcode_before_header":"","ocean_shortcode_after_header":"","ocean_has_shortcode":"","ocean_shortcode_after_title":"","ocean_shortcode_before_footer_widgets":"","ocean_shortcode_after_footer_widgets":"","ocean_shortcode_before_footer_bottom":"","ocean_shortcode_after_footer_bottom":"","ocean_display_top_bar":"default","ocean_display_header":"default","ocean_header_style":"","ocean_center_header_left_menu":"","ocean_custom_header_template":"","ocean_custom_logo":0,"ocean_custom_retina_logo":0,"ocean_custom_logo_max_width":0,"ocean_custom_logo_tablet_max_width":0,"ocean_custom_logo_mobile_max_width":0,"ocean_custom_logo_max_height":0,"ocean_custom_logo_tablet_max_height":0,"ocean_custom_logo_mobile_max_height":0,"ocean_header_custom_menu":"","ocean_menu_typo_font_family":"","ocean_menu_typo_font_subset":"","ocean_menu_typo_font_size":0,"ocean_menu_typo_font_size_tablet":0,"ocean_menu_typo_font_size_mobile":0,"ocean_menu_typo_font_size_unit":"px","ocean_menu_typo_font_weight":"","ocean_menu_typo_font_weight_tablet":"","ocean_menu_typo_font_weight_mobile":"","ocean_menu_typo_transform":"","ocean_menu_typo_transform_tablet":"","ocean_menu_typo_transform_mobile":"","ocean_menu_typo_line_height":0,"ocean_menu_typo_line_height_tablet":0,"ocean_menu_typo_line_height_mobile":0,"ocean_menu_typo_line_height_unit":"","ocean_menu_typo_spacing":0,"ocean_menu_typo_spacing_tablet":0,"ocean_menu_typo_spacing_mobile":0,"ocean_menu_typo_spacing_unit":"","ocean_menu_link_color":"","ocean_menu_link_color_hover":"","ocean_menu_link_color_active":"","ocean_menu_link_background":"","ocean_menu_link_hover_background":"","ocean_menu_link_active_background":"","ocean_menu_social_links_bg":"","ocean_menu_social_hover_links_bg":"","ocean_menu_social_links_color":"","ocean_menu_social_hover_links_color":"","ocean_disable_title":"default","ocean_disable_heading":"default","ocean_post_title":"","ocean_post_subheading":"","ocean_post_title_style":"","ocean_post_title_background_color":"","ocean_post_title_background":0,"ocean_post_title_bg_image_position":"","ocean_post_title_bg_image_attachment":"","ocean_post_title_bg_image_repeat":"","ocean_post_title_bg_image_size":"","ocean_post_title_height":0,"ocean_post_title_bg_overlay":0.5,"ocean_post_title_bg_overlay_color":"","ocean_disable_breadcrumbs":"default","ocean_breadcrumbs_color":"","ocean_breadcrumbs_separator_color":"","ocean_breadcrumbs_links_color":"","ocean_breadcrumbs_links_hover_color":"","ocean_display_footer_widgets":"default","ocean_display_footer_bottom":"default","ocean_custom_footer_template":"","footnotes":""},"class_list":["post-390","page","type-page","status-publish","hentry","entry"],"_links":{"self":[{"href":"https:\/\/websites.fraunhofer.de\/periscope-projekt\/wp-json\/wp\/v2\/pages\/390","targetHints":{"allow":["GET"]}}],"collection":[{"href":"https:\/\/websites.fraunhofer.de\/periscope-projekt\/wp-json\/wp\/v2\/pages"}],"about":[{"href":"https:\/\/websites.fraunhofer.de\/periscope-projekt\/wp-json\/wp\/v2\/types\/page"}],"author":[{"embeddable":true,"href":"https:\/\/websites.fraunhofer.de\/periscope-projekt\/wp-json\/wp\/v2\/users\/7"}],"replies":[{"embeddable":true,"href":"https:\/\/websites.fraunhofer.de\/periscope-projekt\/wp-json\/wp\/v2\/comments?post=390"}],"version-history":[{"count":31,"href":"https:\/\/websites.fraunhofer.de\/periscope-projekt\/wp-json\/wp\/v2\/pages\/390\/revisions"}],"predecessor-version":[{"id":831,"href":"https:\/\/websites.fraunhofer.de\/periscope-projekt\/wp-json\/wp\/v2\/pages\/390\/revisions\/831"}],"wp:attachment":[{"href":"https:\/\/websites.fraunhofer.de\/periscope-projekt\/wp-json\/wp\/v2\/media?parent=390"}],"curies":[{"name":"wp","href":"https:\/\/api.w.org\/{rel}","templated":true}]}}