{"id":108,"date":"2022-02-09T15:00:00","date_gmt":"2022-02-09T14:00:00","guid":{"rendered":"https:\/\/websites.fraunhofer.de\/periscope-projekt\/?page_id=108"},"modified":"2024-07-29T15:47:07","modified_gmt":"2024-07-29T13:47:07","slug":"impressum","status":"publish","type":"page","link":"https:\/\/websites.fraunhofer.de\/periscope-projekt\/impressum","title":{"rendered":"Impressum"},"content":{"rendered":"\t\t<div data-elementor-type=\"wp-page\" data-elementor-id=\"108\" class=\"elementor elementor-108\">\n\t\t\t\t\t\t<section class=\"elementor-section elementor-top-section elementor-element elementor-element-97b5cc4 elementor-section-boxed elementor-section-height-default elementor-section-height-default\" data-id=\"97b5cc4\" data-element_type=\"section\" data-e-type=\"section\" data-settings=\"{&quot;background_background&quot;:&quot;classic&quot;}\">\n\t\t\t\t\t\t<div class=\"elementor-container elementor-column-gap-default\">\n\t\t\t\t\t<div class=\"elementor-column elementor-col-100 elementor-top-column elementor-element elementor-element-d244bea\" data-id=\"d244bea\" data-element_type=\"column\" data-e-type=\"column\" data-settings=\"{&quot;background_background&quot;:&quot;classic&quot;}\">\n\t\t\t<div class=\"elementor-widget-wrap elementor-element-populated\">\n\t\t\t\t\t\t<div class=\"elementor-element elementor-element-d86799b elementor-widget elementor-widget-heading\" data-id=\"d86799b\" data-element_type=\"widget\" data-e-type=\"widget\" data-widget_type=\"heading.default\">\n\t\t\t\t<div class=\"elementor-widget-container\">\n\t\t\t\t\t<h1 class=\"elementor-heading-title elementor-size-xxl\">Impressum<\/h1>\t\t\t\t<\/div>\n\t\t\t\t<\/div>\n\t\t\t\t<div class=\"elementor-element elementor-element-ec5fd95 elementor-widget elementor-widget-text-editor\" data-id=\"ec5fd95\" data-element_type=\"widget\" data-e-type=\"widget\" data-widget_type=\"text-editor.default\">\n\t\t\t\t<div class=\"elementor-widget-container\">\n\t\t\t\t\t\t\t\t\t<div>\n<div>\n<p style=\"font-style: normal; font-variant-caps: normal; margin-bottom: 1rem; font-size: 14px; line-height: 2.2rem; caret-color: #555555; color: #555555; font-family: FrutigerLTW02, 'Helvetica Neue', Helvetica, Arial, sans-serif;\"><br><\/p><p style=\"font-style: normal; font-variant-caps: normal; margin-bottom: 1rem; font-size: 14px; line-height: 2.2rem; caret-color: #555555; color: #555555; font-family: FrutigerLTW02, 'Helvetica Neue', Helvetica, Arial, sans-serif;\">Das Fraunhofer-Institut f\u00fcr Arbeitswirtschaft und Organisation IAO<br>Nobelstr. 12<br>70569 Stuttgart<\/p>\n<p>ist eine rechtlich nicht selbst\u00e4ndige Einrichtung der&nbsp;<\/p>\n<p style=\"font-style: normal; font-variant-caps: normal; margin-bottom: 1rem; font-size: 14px; line-height: 2.2rem; caret-color: #555555; color: #555555; font-family: FrutigerLTW02, 'Helvetica Neue', Helvetica, Arial, sans-serif;\">Fraunhofer-Gesellschaft&nbsp;<br>zur F\u00f6rderung der angewandten Forschung e.V.<br>Hansastra\u00dfe 27 c<br>80686 M\u00fcnchen<br>Internet:&nbsp;<a style=\"text-decoration: underline; color: #1f82c0;\" href=\"http:\/\/www.fraunhofer.de\/\">www.fraunhofer.de<\/a><br>E-Mail: info(at)zv.fraunhofer.de<\/p>\n<p style=\"font-style: normal; font-variant-caps: normal; margin-bottom: 1rem; font-size: 14px; line-height: 2.2rem; caret-color: #555555; color: #555555; font-family: FrutigerLTW02, 'Helvetica Neue', Helvetica, Arial, sans-serif;\">\n<\/p><p style=\"font-style: normal; font-variant-caps: normal; margin-bottom: 1rem; font-size: 14px; line-height: 2.2rem; caret-color: #555555; color: #555555; font-family: FrutigerLTW02, 'Helvetica Neue', Helvetica, Arial, sans-serif;\">Verantwortliche Redakteurin:<br>Juliane Segedi<br><a style=\"text-decoration: underline; color: #1f82c0;\" href=\"mailto:presse@iao.fraunhofer.de\">presse@iao.fraunhofer.de<\/a><\/p>\n<p style=\"font-style: normal; font-variant-caps: normal; margin-bottom: 0px; font-size: 14px; line-height: 2.2rem; caret-color: #555555; color: #555555; font-family: FrutigerLTW02, 'Helvetica Neue', Helvetica, Arial, sans-serif;\">Webadministrator:<br>Sebastian Kraus<br><a style=\"text-decoration: underline; color: #1f82c0;\" href=\"mailto:online@iao.fraunhofer.de\">online@iao.fraunhofer.de<\/a><\/p>\n<p style=\"font-style: normal; font-variant-caps: normal; margin-bottom: 0px; font-size: 14px; line-height: 2.2rem; caret-color: #555555; color: #555555; font-family: FrutigerLTW02, 'Helvetica Neue', Helvetica, Arial, sans-serif;\">\n<\/p><\/div>\n<\/div>\n<div>\n<div>&nbsp;<\/div>\n<\/div>\n<div>\n<p style=\"font-style: normal; font-variant-caps: normal; margin-bottom: 1rem; font-size: 14px; line-height: 2.2rem; caret-color: #555555; color: #555555; font-family: FrutigerLTW02, 'Helvetica Neue', Helvetica, Arial, sans-serif;\">Umsatzsteuer-Identifikationsnummer gem\u00e4\u00df \u00a7 27 a<br>Umsatzsteuergesetz: DE 129515865<\/p>\n<p style=\"font-style: normal; font-variant-caps: normal; margin-bottom: 1rem; font-size: 14px; line-height: 2.2rem; caret-color: #555555; color: #555555; font-family: FrutigerLTW02, 'Helvetica Neue', Helvetica, Arial, sans-serif;\">Registergericht<br>Amtsgericht M\u00fcnchen<br>Eingetragener Verein<br>Register-Nr. VR 4461<\/p><p style=\"font-style: normal; font-variant-caps: normal; margin-bottom: 1rem; font-size: 14px; line-height: 2.2rem; caret-color: #555555; color: #555555; font-family: FrutigerLTW02, 'Helvetica Neue', Helvetica, Arial, sans-serif;\"><br><\/p>\n<h4 style=\"font-style: normal; font-variant-caps: normal; margin-top: 0.9rem; margin-bottom: 0.45rem; overflow-wrap: break-word; word-break: break-word; hyphens: auto; color: #1f82c0; font-weight: 200; font-size: 1.8rem; line-height: 2.2rem; font-family: FrutigerLTW02, 'Helvetica Neue', Helvetica, Arial, sans-serif;\">Vorstand<\/h4>\n<p style=\"font-style: normal; font-variant-caps: normal; margin-bottom: 1rem; font-size: 14px; line-height: 2.2rem; caret-color: #555555; color: #555555; font-family: FrutigerLTW02, 'Helvetica Neue', Helvetica, Arial, sans-serif;\">Prof. Dr.-Ing. Holger Hanselka&nbsp;| Pr\u00e4sident<br>Prof. Dr. Axel M\u00fcller-Groeling&nbsp;| Mitglied des Vorstands<br>Elisabeth Ewen&nbsp;| Mitglied des Vorstands<br>Dr. Sandra Krey&nbsp;| Mitglied des Vorstands&nbsp;<\/p><p style=\"font-style: normal; font-variant-caps: normal; margin-bottom: 1rem; font-size: 14px; line-height: 2.2rem; caret-color: #555555; color: #555555; font-family: FrutigerLTW02, 'Helvetica Neue', Helvetica, Arial, sans-serif;\"><br><\/p>\n<h4 style=\"font-style: normal; font-variant-caps: normal; margin-top: 0.9rem; margin-bottom: 0.45rem; overflow-wrap: break-word; word-break: break-word; hyphens: auto; color: #1f82c0; font-weight: 200; font-size: 1.8rem; line-height: 2.2rem; font-family: FrutigerLTW02, 'Helvetica Neue', Helvetica, Arial, sans-serif;\">Nutzungsrechte<\/h4>\n<p style=\"font-style: normal; font-variant-caps: normal; margin-bottom: 1rem; font-size: 14px; line-height: 2.2rem; caret-color: #555555; color: #555555; font-family: FrutigerLTW02, 'Helvetica Neue', Helvetica, Arial, sans-serif;\">\u00a9 Fraunhofer-Gesellschaft e.V., M\u00fcnchen<\/p>\n<p>Alle Rechte vorbehalten.<br>Die Urheberrechte dieser Webseite liegen vollst\u00e4ndig bei der Fraunhofer-Gesellschaft.<\/p>\n<p style=\"font-style: normal; font-variant-caps: normal; margin-bottom: 1rem; font-size: 14px; line-height: 2.2rem; caret-color: #555555; color: #555555; font-family: FrutigerLTW02, 'Helvetica Neue', Helvetica, Arial, sans-serif;\">Ein Download oder Ausdruck dieser Ver\u00f6ffentlichungen ist ausschlie\u00dflich f\u00fcr den pers\u00f6nlichen Gebrauch gestattet. Alle dar\u00fcber hinaus gehenden Verwendungen, insbesondere die kommerzielle Nutzung und Verbreitung, sind grunds\u00e4tzlich nicht gestattet und bed\u00fcrfen der schriftlichen Genehmigung.<\/p>\n<p style=\"font-style: normal; font-variant-caps: normal; margin-bottom: 1rem; font-size: 14px; line-height: 2.2rem; caret-color: #555555; color: #555555; font-family: FrutigerLTW02, 'Helvetica Neue', Helvetica, Arial, sans-serif;\">Ein Download oder Ausdruck ist dar\u00fcber hinaus lediglich zum Zweck der Berichterstattung \u00fcber die Fraunhofer-Gesellschaft und ihrer Institute nach Ma\u00dfgabe untenstehender Nutzungsbedingungen gestattet:<\/p>\n<p style=\"font-style: normal; font-variant-caps: normal; margin-bottom: 1rem; font-size: 14px; line-height: 2.2rem; caret-color: #555555; color: #555555; font-family: FrutigerLTW02, 'Helvetica Neue', Helvetica, Arial, sans-serif;\">Grafische Ver\u00e4nderungen an Bildmotiven &#8211; au\u00dfer zum Freistellen des Hauptmotivs &#8211; sind nicht gestattet. Es ist stets die Quellenangabe und \u00dcbersendung von zwei kostenlosen Belegexemplaren an die oben genannte Adresse erforderlich. Die Verwendung ist honorarfrei.<\/p><p style=\"font-style: normal; font-variant-caps: normal; margin-bottom: 1rem; font-size: 14px; line-height: 2.2rem; caret-color: #555555; color: #555555; font-family: FrutigerLTW02, 'Helvetica Neue', Helvetica, Arial, sans-serif;\"><br><\/p>\n<h4 style=\"font-style: normal; font-variant-caps: normal; margin-top: 0.9rem; margin-bottom: 0.45rem; overflow-wrap: break-word; word-break: break-word; hyphens: auto; color: #1f82c0; font-weight: 200; font-size: 1.8rem; line-height: 2.2rem; font-family: FrutigerLTW02, 'Helvetica Neue', Helvetica, Arial, sans-serif;\">Haftungshinweis<\/h4>\n<p style=\"font-style: normal; font-variant-caps: normal; margin-bottom: 1rem; font-size: 14px; line-height: 2.2rem; caret-color: #555555; color: #555555; font-family: FrutigerLTW02, 'Helvetica Neue', Helvetica, Arial, sans-serif;\">Wir \u00fcbernehmen keine Haftung f\u00fcr die Inhalte externer Links. F\u00fcr den Inhalt der verlinkten Seiten sind ausschlie\u00dflich deren Betreiber verantwortlich.<\/p>\n<p style=\"font-style: normal; font-variant-caps: normal; margin-bottom: 1rem; font-size: 14px; line-height: 2.2rem; caret-color: #555555; color: #555555; font-family: FrutigerLTW02, 'Helvetica Neue', Helvetica, Arial, sans-serif;\">Wir sind bem\u00fcht, das Webangebot stets aktuell und inhaltlich richtig sowie vollst\u00e4ndig anzubieten. Dennoch ist das Auftreten von Fehlern nicht v\u00f6llig auszuschlie\u00dfen. Das Fraunhofer-Institut bzw. die Fraunhofer-Gesellschaft \u00fcbernimmt keine Haftung f\u00fcr die Aktualit\u00e4t, die inhaltliche Richtigkeit sowie f\u00fcr die Vollst\u00e4ndigkeit der in ihrem Webangebot eingestellten Informationen. Dies bezieht sich auf eventuelle Sch\u00e4den materieller oder ideeller Art Dritter, die durch die Nutzung dieses Webangebotes verursacht wurden.<\/p>\n<p style=\"font-style: normal; font-variant-caps: normal; margin-bottom: 0px; font-size: 14px; line-height: 2.2rem; caret-color: #555555; color: #555555; font-family: FrutigerLTW02, 'Helvetica Neue', Helvetica, Arial, sans-serif;\">Gesch\u00fctzte Marken und Namen, Bilder und Texte werden auf unseren Seiten in der Regel nicht als solche kenntlich gemacht. Das Fehlen einer solchen Kennzeichnung bedeutet jedoch nicht, dass es sich um einen freien Namen, ein freies Bild oder einen freien Text im Sinne des Markenzeichenrechts handelt.<\/p>\n<\/div>\n<div>\n<div>&nbsp;<\/div>\n<\/div>\t\t\t\t\t\t\t\t<\/div>\n\t\t\t\t<\/div>\n\t\t\t\t\t<\/div>\n\t\t<\/div>\n\t\t\t\t\t<\/div>\n\t\t<\/section>\n\t\t\t\t<\/div>\n\t\t","protected":false},"excerpt":{"rendered":"<p>Impressum Das Fraunhofer-Institut f\u00fcr Arbeitswirtschaft und Organisation IAONobelstr. 1270569 Stuttgart ist eine rechtlich nicht selbst\u00e4ndige Einrichtung der&nbsp; Fraunhofer-Gesellschaft&nbsp;zur F\u00f6rderung der angewandten Forschung e.V.Hansastra\u00dfe 27 c80686 M\u00fcnchenInternet:&nbsp;www.fraunhofer.deE-Mail: info(at)zv.fraunhofer.de Verantwortliche Redakteurin:Juliane Segedipresse@iao.fraunhofer.de Webadministrator:Sebastian Krausonline@iao.fraunhofer.de &nbsp; Umsatzsteuer-Identifikationsnummer gem\u00e4\u00df \u00a7 27 aUmsatzsteuergesetz: DE 129515865 RegistergerichtAmtsgericht M\u00fcnchenEingetragener VereinRegister-Nr. VR 4461 Vorstand Prof. Dr.-Ing. Holger Hanselka&nbsp;| Pr\u00e4sidentProf. Dr. Axel M\u00fcller-Groeling&nbsp;| Mitglied [&hellip;]<\/p>\n","protected":false},"author":1,"featured_media":0,"parent":0,"menu_order":0,"comment_status":"closed","ping_status":"closed","template":"","meta":{"ocean_post_layout":"full-screen","ocean_both_sidebars_style":"","ocean_both_sidebars_content_width":0,"ocean_both_sidebars_sidebars_width":0,"ocean_sidebar":"0","ocean_second_sidebar":"0","ocean_disable_margins":"enable","ocean_add_body_class":"","ocean_shortcode_before_top_bar":"","ocean_shortcode_after_top_bar":"","ocean_shortcode_before_header":"","ocean_shortcode_after_header":"","ocean_has_shortcode":"","ocean_shortcode_after_title":"","ocean_shortcode_before_footer_widgets":"","ocean_shortcode_after_footer_widgets":"","ocean_shortcode_before_footer_bottom":"","ocean_shortcode_after_footer_bottom":"","ocean_display_top_bar":"off","ocean_display_header":"default","ocean_header_style":"","ocean_center_header_left_menu":"0","ocean_custom_header_template":"0","ocean_custom_logo":0,"ocean_custom_retina_logo":0,"ocean_custom_logo_max_width":0,"ocean_custom_logo_tablet_max_width":0,"ocean_custom_logo_mobile_max_width":0,"ocean_custom_logo_max_height":0,"ocean_custom_logo_tablet_max_height":0,"ocean_custom_logo_mobile_max_height":0,"ocean_header_custom_menu":"0","ocean_menu_typo_font_family":"0","ocean_menu_typo_font_subset":"","ocean_menu_typo_font_size":0,"ocean_menu_typo_font_size_tablet":0,"ocean_menu_typo_font_size_mobile":0,"ocean_menu_typo_font_size_unit":"px","ocean_menu_typo_font_weight":"","ocean_menu_typo_font_weight_tablet":"","ocean_menu_typo_font_weight_mobile":"","ocean_menu_typo_transform":"","ocean_menu_typo_transform_tablet":"","ocean_menu_typo_transform_mobile":"","ocean_menu_typo_line_height":0,"ocean_menu_typo_line_height_tablet":0,"ocean_menu_typo_line_height_mobile":0,"ocean_menu_typo_line_height_unit":"","ocean_menu_typo_spacing":0,"ocean_menu_typo_spacing_tablet":0,"ocean_menu_typo_spacing_mobile":0,"ocean_menu_typo_spacing_unit":"","ocean_menu_link_color":"","ocean_menu_link_color_hover":"","ocean_menu_link_color_active":"","ocean_menu_link_background":"","ocean_menu_link_hover_background":"","ocean_menu_link_active_background":"","ocean_menu_social_links_bg":"","ocean_menu_social_hover_links_bg":"","ocean_menu_social_links_color":"","ocean_menu_social_hover_links_color":"","ocean_disable_title":"on","ocean_disable_heading":"default","ocean_post_title":"","ocean_post_subheading":"","ocean_post_title_style":"","ocean_post_title_background_color":"","ocean_post_title_background":0,"ocean_post_title_bg_image_position":"","ocean_post_title_bg_image_attachment":"","ocean_post_title_bg_image_repeat":"","ocean_post_title_bg_image_size":"","ocean_post_title_height":0,"ocean_post_title_bg_overlay":0.5,"ocean_post_title_bg_overlay_color":"","ocean_disable_breadcrumbs":"default","ocean_breadcrumbs_color":"","ocean_breadcrumbs_separator_color":"","ocean_breadcrumbs_links_color":"","ocean_breadcrumbs_links_hover_color":"","ocean_display_footer_widgets":"off","ocean_display_footer_bottom":"off","ocean_custom_footer_template":"0","footnotes":""},"class_list":["post-108","page","type-page","status-publish","hentry","entry"],"_links":{"self":[{"href":"https:\/\/websites.fraunhofer.de\/periscope-projekt\/wp-json\/wp\/v2\/pages\/108","targetHints":{"allow":["GET"]}}],"collection":[{"href":"https:\/\/websites.fraunhofer.de\/periscope-projekt\/wp-json\/wp\/v2\/pages"}],"about":[{"href":"https:\/\/websites.fraunhofer.de\/periscope-projekt\/wp-json\/wp\/v2\/types\/page"}],"author":[{"embeddable":true,"href":"https:\/\/websites.fraunhofer.de\/periscope-projekt\/wp-json\/wp\/v2\/users\/1"}],"replies":[{"embeddable":true,"href":"https:\/\/websites.fraunhofer.de\/periscope-projekt\/wp-json\/wp\/v2\/comments?post=108"}],"version-history":[{"count":26,"href":"https:\/\/websites.fraunhofer.de\/periscope-projekt\/wp-json\/wp\/v2\/pages\/108\/revisions"}],"predecessor-version":[{"id":418,"href":"https:\/\/websites.fraunhofer.de\/periscope-projekt\/wp-json\/wp\/v2\/pages\/108\/revisions\/418"}],"wp:attachment":[{"href":"https:\/\/websites.fraunhofer.de\/periscope-projekt\/wp-json\/wp\/v2\/media?parent=108"}],"curies":[{"name":"wp","href":"https:\/\/api.w.org\/{rel}","templated":true}]}}