{"id":54,"date":"2018-11-12T13:09:02","date_gmt":"2018-11-12T12:09:02","guid":{"rendered":"https:\/\/websites.fraunhofer.de\/med2icin\/?page_id=54"},"modified":"2025-02-17T10:23:43","modified_gmt":"2025-02-17T09:23:43","slug":"impressum","status":"publish","type":"page","link":"https:\/\/websites.fraunhofer.de\/med2icin\/impressum\/","title":{"rendered":"Impressum"},"content":{"rendered":"\n<h3 class=\"wp-block-heading\">Fraunhofer-Institut f\u00fcr Graphische Datenverarbeitung IGD<\/h3>\n\n\n\n<p>Fraunhoferstra\u00dfe 5<br>64283 Darmstadt<br>Telefon: +49 6151 155-0<br>Fax: +49 6151 155-199<br>E-Mail: <a href=\"mailto:info@igd.fraunhofer.de\">info@igd.fraunhofer.de<\/a><br><a href=\"http:\/\/www.igd.fraunhofer.de \">www.igd.fraunhofer.de <\/a><br><\/p>\n\n\n\n<p>Das Institut ist eine rechtlich nicht selbst\u00e4ndige Einrichtung der <strong>Fraunhofer-Gesellschaft zur F\u00f6rderung der angewandten Forschung e.V.<\/strong><\/p>\n\n\n\n<p>Hansastra\u00dfe 27 c<br>\n80686 M\u00fcnchen<br>\nTelefon: +49 89 1205-0<br>\nFax: +49 89 1205-7531<br><a href=\"http:\/\/www.fraunhofer.de\/\" target=\"_blank\" rel=\"noreferrer noopener\">www.fraunhofer.de<\/a><\/p>\n\n\n\n<p>Umsatzsteuer-Identifikationsnummer gem\u00e4\u00df \u00a7 27 a<br>\nUmsatzsteuergesetz: DE 129515865<\/p>\n\n\n\n<p>Registergericht<br>\nAmtsgericht M\u00fcnchen<br>\nEingetragener Verein<br>\nRegister-Nr. VR 4461<\/p>\n\n\n\n<p>Verantwortliche Redakteurin: <a href=\"mailto:svenja.prasche@igd.fraunhofer.de\">Svenja Prasche<\/a><\/p>\n\n\n\n<p><strong>Prof. Dr.-Ing. Holger Hanselka<\/strong>\u00a0| Pr\u00e4sident<strong><br>Prof. Dr. Constantin H\u00e4fner\u00a0<\/strong>|Mitglied des Vorstands<strong><br>Prof. Dr. Axel M\u00fcller-Groeling<\/strong>\u00a0| Mitglied des Vorstands<br><strong>Elisabeth Ewen<\/strong>\u00a0| Mitglied des Vorstands<br><strong>Dr. Sandra Krey<\/strong>\u00a0| Mitglied des Vorstands<\/p>\n\n\n\n<h3 class=\"wp-block-heading\">Nutzungsrechte<\/h3>\n\n\n\n<p>Copyright \u00a9 by<br>\nFraunhofer-Gesellschaft<\/p>\n\n\n\n<p>Alle Rechte vorbehalten.<br>\nDie Urheberrechte dieser Web-Site liegen vollst\u00e4ndig bei der Fraunhofer-Gesellschaft.<\/p>\n\n\n\n<p>Ein Download oder Ausdruck dieser Ver\u00f6ffentlichungen ist \nausschlie\u00dflich f\u00fcr den pers\u00f6nlichen Gebrauch gestattet. Alle dar\u00fcber \nhinaus gehenden Verwendungen, insbesondere die kommerzielle Nutzung und \nVerbreitung, sind grunds\u00e4tzlich nicht gestattet und bed\u00fcrfen der \nschriftlichen Genehmigung. Anfragen richten Sie Bitte an folgende \nAdresse:<\/p>\n\n\n\n<p>Fraunhofer-Institut f\u00fcr Graphische Datenverarbeitung IGD<br>\nFraunhoferstra\u00dfe 5<br>\n64283 Darmstadt<br>\nTelefon: +49 6151 155-0<br>\nFax: +49 6151 155-199<br>\nE-Mail: <a href=\"mailto:info@igd.fraunhofer.de\">info@igd.fraunhofer.de<\/a><\/p>\n\n\n\n<p>Ein Download oder Ausdruck ist dar\u00fcber hinaus lediglich zum Zweck der\n Berichterstattung \u00fcber die Fraunhofer-Gesellschaft und Ihrer Institute \nnach Ma\u00dfgabe untenstehender Nutzungsbedingungen gestattet:<br>\nGrafische Ver\u00e4nderungen an Bildmotiven &#8211; au\u00dfer zum Freistellen des \nHauptmotivs &#8211; sind nicht gestattet. Es ist stets die Quellenangabe und \n\u00dcbersendung von zwei kostenlosen Belegexemplaren an die oben genannte \nAdresse erforderlich. Die Verwendung ist honorarfrei.<\/p>\n\n\n\n<h3 class=\"wp-block-heading\">Haftungshinweis<\/h3>\n\n\n\n<p>Wir \u00fcbernehmen keine Haftung f\u00fcr die Inhalte externer Links. \nF\u00fcr den Inhalt der verlinkten Seiten sind ausschlie\u00dflich deren Betreiber\n verantwortlich.<\/p>\n\n\n\n<p>Wir sind bem\u00fcht, das Webangebot stets aktuell und inhaltlich richtig \nsowie vollst\u00e4ndig anzubieten. Dennoch ist das Auftreten von Fehlern \nnicht v\u00f6llig auszuschlie\u00dfen. Das Fraunhofer-Institut bzw. die \nFraunhofer-Gesellschaft \u00fcbernimmt keine Haftung f\u00fcr die Aktualit\u00e4t, die \ninhaltliche Richtigkeit sowie f\u00fcr die Vollst\u00e4ndigkeit der in ihrem \nWebangebot eingestellten Informationen. Dies bezieht sich auf eventuelle\n Sch\u00e4den materieller oder ideeller Art Dritter, die durch die Nutzung \ndieses Webangebotes verursacht wurden.<\/p>\n\n\n\n<p>Gesch\u00fctzte Marken und Namen, Bilder und Texte werden auf unseren \nSeiten in der Regel nicht als solche kenntlich gemacht. Das Fehlen einer\n solchen Kennzeichnung bedeutet jedoch nicht, dass es sich um einen \nfreien Namen, ein freies Bild oder einen freien Text im Sinne des \nMarkenzeichenrechts handelt.<\/p>\n","protected":false},"excerpt":{"rendered":"<p>Fraunhofer-Institut f\u00fcr Graphische Datenverarbeitung IGD Fraunhoferstra\u00dfe 564283 DarmstadtTelefon: +49 6151 155-0Fax: +49 6151 155-199E-Mail: info@igd.fraunhofer.dewww.igd.fraunhofer.de Das Institut ist eine rechtlich nicht selbst\u00e4ndige Einrichtung der Fraunhofer-Gesellschaft zur F\u00f6rderung der angewandten Forschung e.V. Hansastra\u00dfe 27 c 80686 M\u00fcnchen Telefon: +49 89 1205-0&#8230;<\/p>\n","protected":false},"author":2,"featured_media":0,"parent":0,"menu_order":0,"comment_status":"closed","ping_status":"closed","template":"","meta":{"footnotes":""},"coauthors":[3],"class_list":["post-54","page","type-page","status-publish","hentry"],"_links":{"self":[{"href":"https:\/\/websites.fraunhofer.de\/med2icin\/wp-json\/wp\/v2\/pages\/54","targetHints":{"allow":["GET"]}}],"collection":[{"href":"https:\/\/websites.fraunhofer.de\/med2icin\/wp-json\/wp\/v2\/pages"}],"about":[{"href":"https:\/\/websites.fraunhofer.de\/med2icin\/wp-json\/wp\/v2\/types\/page"}],"author":[{"embeddable":true,"href":"https:\/\/websites.fraunhofer.de\/med2icin\/wp-json\/wp\/v2\/users\/2"}],"replies":[{"embeddable":true,"href":"https:\/\/websites.fraunhofer.de\/med2icin\/wp-json\/wp\/v2\/comments?post=54"}],"version-history":[{"count":8,"href":"https:\/\/websites.fraunhofer.de\/med2icin\/wp-json\/wp\/v2\/pages\/54\/revisions"}],"predecessor-version":[{"id":275,"href":"https:\/\/websites.fraunhofer.de\/med2icin\/wp-json\/wp\/v2\/pages\/54\/revisions\/275"}],"wp:attachment":[{"href":"https:\/\/websites.fraunhofer.de\/med2icin\/wp-json\/wp\/v2\/media?parent=54"}],"wp:term":[{"taxonomy":"author","embeddable":true,"href":"https:\/\/websites.fraunhofer.de\/med2icin\/wp-json\/wp\/v2\/coauthors?post=54"}],"curies":[{"name":"wp","href":"https:\/\/api.w.org\/{rel}","templated":true}]}}