{"id":10,"date":"2022-11-23T15:20:53","date_gmt":"2022-11-23T14:20:53","guid":{"rendered":"https:\/\/websites.fraunhofer.de\/kinli\/?page_id=10"},"modified":"2025-01-28T15:20:29","modified_gmt":"2025-01-28T14:20:29","slug":"partner","status":"publish","type":"page","link":"https:\/\/websites.fraunhofer.de\/kinli\/partner\/","title":{"rendered":"Partner"},"content":{"rendered":"\n<p><style>\/*! elementor - v3.9.0 - 06-12-2022 *\/<br \/>\n.elementor-widget-image{text-align:center}.elementor-widget-image a{display:inline-block}.elementor-widget-image a img[src$=\".svg\"]{width:48px}.elementor-widget-image img{vertical-align:middle;display:inline-block}<\/style><\/p>\n\n\n\n<div class=\"wp-block-media-text alignwide is-stacked-on-mobile\" style=\"grid-template-columns:22% auto\"><figure class=\"wp-block-media-text__media\"><img decoding=\"async\" width=\"258\" height=\"72\" src=\"https:\/\/websites.fraunhofer.de\/kinli\/wp-content\/uploads\/2022\/12\/fit.png\" alt=\"\" class=\"wp-image-289 size-full\"\/><\/figure><div class=\"wp-block-media-text__content\">\n<p>Das <a rel=\"noreferrer noopener\" href=\"https:\/\/www.fit.fraunhofer.de\/\" data-type=\"URL\" data-id=\"https:\/\/www.fit.fraunhofer.de\/\" target=\"_blank\">Fraunhofer-Institut f\u00fcr Angewandte Informationstechnik FIT <\/a>ist Koordinator von KINLI. Dank seiner Erfahrung aus anderen Projekten zur digitalen Lebensmittelindustrie treibt es die Entwicklung der zentralen Datenplattform voran.<\/p>\n\n\n\n<p><\/p>\n<\/div><\/div>\n\n\n\n<div class=\"wp-block-media-text alignwide is-stacked-on-mobile is-vertically-aligned-center\" style=\"grid-template-columns:22% auto\"><figure class=\"wp-block-media-text__media\"><img fetchpriority=\"high\" decoding=\"async\" width=\"1024\" height=\"429\" src=\"https:\/\/websites.fraunhofer.de\/kinli\/wp-content\/uploads\/2025\/01\/HO_Logo_Quer_RGB_pos-2-1024x429.png\" alt=\"\" class=\"wp-image-749 size-large\"\/><\/figure><div class=\"wp-block-media-text__content\">\n<p>Mithilfe des Institute for Machine Learning and Analytics (IMLA) erforscht die <a href=\"https:\/\/www.hs-offenburg.de\/personendetailseite-lsf-cache\/lsf\/detail\/1704?cHash=650a208976977ac2a64161dd163e6879\" data-type=\"URL\" data-id=\"https:\/\/www.hs-offenburg.de\/personendetailseite-lsf-cache\/lsf\/detail\/1704?cHash=650a208976977ac2a64161dd163e6879\" target=\"_blank\" rel=\"noreferrer noopener\">Hochschule Offenburg<\/a> die Erfassung und Analyse von Echtzeitdaten durch K\u00fcnstliche Intelligenz. Ziel ist ein zuverl\u00e4ssigeres Lieferketten-Management.<\/p>\n\n\n\n<p><\/p>\n<\/div><\/div>\n\n\n\n<div class=\"wp-block-media-text alignwide is-stacked-on-mobile\" style=\"grid-template-columns:22% auto\"><figure class=\"wp-block-media-text__media\"><img decoding=\"async\" src=\"https:\/\/websites.fraunhofer.de\/kinli\/wp-content\/uploads\/2022\/12\/hsnr-logo_bc-transp_rgb_b600px.png\" alt=\"\"\/><\/figure><div class=\"wp-block-media-text__content\">\n<p>Die <a href=\"https:\/\/www.hs-niederrhein.de\/oecotrophologie\/ueber-den-fachbereich\/prof-dr-maik-schuermeyer-inhalte-abwarten\/\" data-type=\"URL\" data-id=\"https:\/\/www.hs-niederrhein.de\/oecotrophologie\/ueber-den-fachbereich\/prof-dr-maik-schuermeyer-inhalte-abwarten\/\" target=\"_blank\" rel=\"noreferrer noopener\">Hochschule Niederrhein<\/a>&nbsp;interessiert sich f\u00fcr transparente Lieferketten mittels Blockchain-Technologie. Zusammen mit der Hochschule Offenburg untersucht sie f\u00fcr KINLI die Selbstoptimierung von automatisierten Prozessen.<\/p>\n\n\n\n<p><\/p>\n\n\n\n<p><\/p>\n\n\n\n<p><\/p>\n<\/div><\/div>\n\n\n\n<hr class=\"wp-block-separator has-alpha-channel-opacity\"\/>\n\n\n\n<div class=\"wp-block-media-text alignwide has-media-on-the-right is-stacked-on-mobile is-vertically-aligned-center\" style=\"grid-template-columns:auto 29%\"><div class=\"wp-block-media-text__content\">\n<p><a rel=\"noreferrer noopener\" href=\"https:\/\/sauelsfrischewurst.sauels.de\/\" data-type=\"URL\" data-id=\"https:\/\/sauelsfrischewurst.sauels.de\/\" target=\"_blank\">Sauels Frische Wurst GmbH Fleischwaren &amp; Co. KG<\/a> ist an der wirtschaftlichen Verwertung der Forschungsergebnisse beteiligt: Die KI-Dienste sollen die Untersuchung von Fertigung und Qualit\u00e4tssicherung automatisieren und damit u.a. die Ressourcen von Verpackungen schonen.<\/p>\n\n\n\n<p><\/p>\n<\/div><figure class=\"wp-block-media-text__media\"><img decoding=\"async\" width=\"585\" height=\"278\" src=\"https:\/\/websites.fraunhofer.de\/kinli\/wp-content\/uploads\/2022\/12\/Sauels-Frische-Wurst2_ohneSchriftzug-1-1.png\" alt=\"\" class=\"wp-image-328 size-full\" srcset=\"https:\/\/websites.fraunhofer.de\/kinli\/wp-content\/uploads\/2022\/12\/Sauels-Frische-Wurst2_ohneSchriftzug-1-1.png 585w, https:\/\/websites.fraunhofer.de\/kinli\/wp-content\/uploads\/2022\/12\/Sauels-Frische-Wurst2_ohneSchriftzug-1-1-300x143.png 300w\" sizes=\"(max-width: 585px) 100vw, 585px\" \/><\/figure><\/div>\n\n\n\n<div class=\"wp-block-media-text alignwide has-media-on-the-right is-stacked-on-mobile is-vertically-aligned-center\" style=\"grid-template-columns:auto 29%\"><div class=\"wp-block-media-text__content\">\n<p>Die Kolsert KG ist Teil des Verbands Deutscher Putenerzeuger e.V., stellt aber auch Futter und Gem\u00fcse her. Kolsert erarbeitet innovative Entwicklungen f\u00fcr die Putenhaltung und liefert zentrale Daten f\u00fcr den Use Case (Anwendungsbereich) II von KINLI.<\/p>\n<\/div><figure class=\"wp-block-media-text__media\"><img decoding=\"async\" src=\"https:\/\/websites.fraunhofer.de\/kinli\/wp-content\/uploads\/2022\/12\/Kolmans-Logo-2.png\" alt=\"\"\/><\/figure><\/div>\n","protected":false},"excerpt":{"rendered":"<p>Das Fraunhofer-Institut f\u00fcr Angewandte Informationstechnik FIT ist Koordinator von KINLI. Dank seiner Erfahrung aus anderen Projekten zur digitalen Lebensmittelindustrie treibt es die Entwicklung der zentralen Datenplattform voran. Mithilfe des Institute for Machine Learning and Analytics (IMLA) erforscht die Hochschule Offenburg die Erfassung und Analyse von Echtzeitdaten durch K\u00fcnstliche Intelligenz. Ziel ist ein zuverl\u00e4ssigeres Lieferketten-Management. Die&hellip;<\/p>\n","protected":false},"author":1,"featured_media":0,"parent":0,"menu_order":0,"comment_status":"closed","ping_status":"closed","template":"","meta":{"footnotes":""},"class_list":["post-10","page","type-page","status-publish","hentry"],"_links":{"self":[{"href":"https:\/\/websites.fraunhofer.de\/kinli\/wp-json\/wp\/v2\/pages\/10","targetHints":{"allow":["GET"]}}],"collection":[{"href":"https:\/\/websites.fraunhofer.de\/kinli\/wp-json\/wp\/v2\/pages"}],"about":[{"href":"https:\/\/websites.fraunhofer.de\/kinli\/wp-json\/wp\/v2\/types\/page"}],"author":[{"embeddable":true,"href":"https:\/\/websites.fraunhofer.de\/kinli\/wp-json\/wp\/v2\/users\/1"}],"replies":[{"embeddable":true,"href":"https:\/\/websites.fraunhofer.de\/kinli\/wp-json\/wp\/v2\/comments?post=10"}],"version-history":[{"count":20,"href":"https:\/\/websites.fraunhofer.de\/kinli\/wp-json\/wp\/v2\/pages\/10\/revisions"}],"predecessor-version":[{"id":778,"href":"https:\/\/websites.fraunhofer.de\/kinli\/wp-json\/wp\/v2\/pages\/10\/revisions\/778"}],"wp:attachment":[{"href":"https:\/\/websites.fraunhofer.de\/kinli\/wp-json\/wp\/v2\/media?parent=10"}],"curies":[{"name":"wp","href":"https:\/\/api.w.org\/{rel}","templated":true}]}}