{"id":12,"date":"2022-11-23T15:21:05","date_gmt":"2022-11-23T14:21:05","guid":{"rendered":"https:\/\/websites.fraunhofer.de\/kinli\/?page_id=12"},"modified":"2025-09-16T15:34:16","modified_gmt":"2025-09-16T13:34:16","slug":"impressum","status":"publish","type":"page","link":"https:\/\/websites.fraunhofer.de\/kinli\/en\/impressum\/","title":{"rendered":"legal notice"},"content":{"rendered":"<p>Das Fraunhofer-Institut f\u00fcr Angewandte Informationstechnik FIT<\/p>\n\n\n\n<p>Schloss Birlinghoven<\/p>\n\n\n\n<p>53757\u00a0Sankt Augustin, Germany<\/p>\n\n\n\n<p>is a legally non-independent institution of the<\/p>\n\n\n\n<p>Fraunhofer-Gesellschaft&nbsp;zur F\u00f6rderung der angewandten Forschung e.V.<br>Hansastra\u00dfe 27c,&nbsp;80686 M\u00fcnchen<br>Telefon +49 89 1205- 0<br>Fax +49 89 1205-7531<br>E-Mail: info(at)zv.fraunhofer.de<\/p>\n\n\n\n<p><a href=\"https:\/\/www.fraunhofer.de\/\">www.fraunhofer.de<\/a><\/p>\n\n\n\n<h2 class=\"wp-block-heading\">Umsatzsteuer-Identifikationsnummer gem\u00e4\u00df \u00a7 27a Umsatzsteuergesetz<\/h2>\n\n\n\n<p>DE 129515865<\/p>\n\n\n\n<h2 class=\"wp-block-heading\">Registry Court<\/h2>\n\n\n\n<p>Amtsgericht M\u00fcnchen<br>Registered Association<br>Registry-no. VR 4461<\/p>\n\n\n\n<h2 class=\"wp-block-heading\">Redaktionsverantwortlich im Sinne des Presserechts<\/h2>\n\n\n\n<p>Lena Loske<\/p>\n\n\n\n<h2 class=\"wp-block-heading\">Executive Board<\/h2>\n\n\n\n<p><strong>Prof. Dr.-Ing. Holger Hanselka<\/strong>&nbsp;| President<br><strong>Prof. Dr. Constantin H\u00e4fner<\/strong>&nbsp;| Board member<br><strong>Prof. Dr. Axel M\u00fcller-Groeling<\/strong>&nbsp;| Board member<br><strong>Ass. jur. Elisabeth Ewen<\/strong>&nbsp;| Board member<br><strong>Dr. Sandra Krey<\/strong>&nbsp;| Board member<\/p>\n\n\n\n<h2 class=\"wp-block-heading\">Rights of use<\/h2>\n\n\n\n<p>Copyright \u00a9 by<br>Fraunhofer-Gesellschaft<\/p>\n\n\n\n<p>All rights reserved.<br>Die Urheberrechte dieser Web-Site liegen vollst\u00e4ndig bei der Fraunhofer-Gesellschaft.<\/p>\n\n\n\n<p>A download or printout of these publications is permitted exclusively for personal use. All uses beyond this, in particular commercial use and distribution, are generally not permitted and require written permission.<\/p>\n\n\n\n<p>Anfragen richten Sie bitte an:<br>Fraunhofer-Institut f\u00fcr Angewandte Informationstechnik<\/p>\n\n\n\n<p>Schloss Birlinghoven<\/p>\n\n\n\n<p>53757\u00a0Sankt Augustin, Germany<\/p>\n\n\n\n<p>Ein Download oder Ausdruck ist dar\u00fcber hinaus lediglich zum Zweck der Berichterstattung \u00fcber die Fraunhofer-Gesellschaft und Ihre Institute nach Ma\u00dfgabe unten stehender Nutzungsbedingungen gestattet.<\/p>\n\n\n\n<p>Grafische Ver\u00e4nderungen an Bildmotiven &#8211; au\u00dfer zum Freistellen des Hauptmotivs &#8211; sind nicht gestattet. Es ist stets die Quellenangabe und \u00dcbersendung von zwei kostenlosen Belegexemplaren an die oben genannte Adresse erforderlich. Die Verwendung ist honorarfrei.<\/p>\n\n\n\n<h2 class=\"wp-block-heading\">Liability notice<\/h2>\n\n\n\n<p>We assume no liability for the content of external links. The operators of the linked pages are solely responsible for their content.<\/p>\n\n\n\n<p>We make every effort to ensure that the material contained in our web site is current, complete and correct. Nevertheless, the occurrence of errors cannot be completely ruled out. The Fraunhofer Institute and the Fraunhofer-Gesellschaft do not accept liability for the relevance, accuracy or completeness of the information and material offered in its web site. This applies to any material or non-material damage suffered by third parties as a result of using this website.<\/p>\n\n\n\n<p>Protected trademarks and names, images and texts are generally not identified as such on our pages. However, the absence of such identification does not mean that it is a free name, image or text in the sense of trademark law.<\/p>","protected":false},"excerpt":{"rendered":"<p>Das Fraunhofer-Institut f\u00fcr Angewandte Informationstechnik FIT Schloss Birlinghoven 53757&nbsp;Sankt Augustin, Germany ist eine rechtlich nicht selbstst\u00e4ndige Einrichtung der Fraunhofer-Gesellschaft&nbsp;zur F\u00f6rderung der angewandten Forschung e.V.Hansastra\u00dfe 27c,&nbsp;80686 M\u00fcnchenTelefon +49 89 1205- 0Fax +49 89 1205-7531E-Mail: info(at)zv.fraunhofer.de www.fraunhofer.de Umsatzsteuer-Identifikationsnummer gem\u00e4\u00df \u00a7 27a Umsatzsteuergesetz DE 129515865 Registergericht Amtsgericht M\u00fcnchenEingetragener VereinRegister-Nr. VR 4461 Redaktionsverantwortlich im Sinne des Presserechts Lena Loske&hellip;<\/p>","protected":false},"author":1,"featured_media":0,"parent":0,"menu_order":0,"comment_status":"closed","ping_status":"closed","template":"","meta":{"footnotes":""},"class_list":["post-12","page","type-page","status-publish","hentry"],"_links":{"self":[{"href":"https:\/\/websites.fraunhofer.de\/kinli\/en\/wp-json\/wp\/v2\/pages\/12","targetHints":{"allow":["GET"]}}],"collection":[{"href":"https:\/\/websites.fraunhofer.de\/kinli\/en\/wp-json\/wp\/v2\/pages"}],"about":[{"href":"https:\/\/websites.fraunhofer.de\/kinli\/en\/wp-json\/wp\/v2\/types\/page"}],"author":[{"embeddable":true,"href":"https:\/\/websites.fraunhofer.de\/kinli\/en\/wp-json\/wp\/v2\/users\/1"}],"replies":[{"embeddable":true,"href":"https:\/\/websites.fraunhofer.de\/kinli\/en\/wp-json\/wp\/v2\/comments?post=12"}],"version-history":[{"count":10,"href":"https:\/\/websites.fraunhofer.de\/kinli\/en\/wp-json\/wp\/v2\/pages\/12\/revisions"}],"predecessor-version":[{"id":803,"href":"https:\/\/websites.fraunhofer.de\/kinli\/en\/wp-json\/wp\/v2\/pages\/12\/revisions\/803"}],"wp:attachment":[{"href":"https:\/\/websites.fraunhofer.de\/kinli\/en\/wp-json\/wp\/v2\/media?parent=12"}],"curies":[{"name":"wp","href":"https:\/\/api.w.org\/{rel}","templated":true}]}}