{"id":1215,"date":"2022-06-21T19:24:58","date_gmt":"2022-06-21T17:24:58","guid":{"rendered":"https:\/\/websites.fraunhofer.de\/josy\/?page_id=1215"},"modified":"2022-06-25T12:32:43","modified_gmt":"2022-06-25T10:32:43","slug":"impressum","status":"publish","type":"page","link":"https:\/\/websites.fraunhofer.de\/josy\/impressum\/","title":{"rendered":"Impressum"},"content":{"rendered":"\t\t<div data-elementor-type=\"wp-page\" data-elementor-id=\"1215\" class=\"elementor elementor-1215\">\n\t\t\t\t\t\t\t\t\t<section class=\"elementor-section elementor-top-section elementor-element elementor-element-33b012be elementor-section-boxed elementor-section-height-default elementor-section-height-default\" data-id=\"33b012be\" data-element_type=\"section\">\n\t\t\t\t\t\t<div class=\"elementor-container elementor-column-gap-default\">\n\t\t\t\t\t<div class=\"elementor-column elementor-col-100 elementor-top-column elementor-element elementor-element-596ab2f5\" data-id=\"596ab2f5\" data-element_type=\"column\">\n\t\t\t<div class=\"elementor-widget-wrap elementor-element-populated\">\n\t\t\t\t\t\t\t\t<div class=\"elementor-element elementor-element-7c46823 elementor-widget elementor-widget-heading\" data-id=\"7c46823\" data-element_type=\"widget\" data-widget_type=\"heading.default\">\n\t\t\t\t<div class=\"elementor-widget-container\">\n\t\t\t<style>\/*! elementor - v3.6.6 - 08-06-2022 *\/\n.elementor-heading-title{padding:0;margin:0;line-height:1}.elementor-widget-heading .elementor-heading-title[class*=elementor-size-]>a{color:inherit;font-size:inherit;line-height:inherit}.elementor-widget-heading .elementor-heading-title.elementor-size-small{font-size:15px}.elementor-widget-heading .elementor-heading-title.elementor-size-medium{font-size:19px}.elementor-widget-heading .elementor-heading-title.elementor-size-large{font-size:29px}.elementor-widget-heading .elementor-heading-title.elementor-size-xl{font-size:39px}.elementor-widget-heading .elementor-heading-title.elementor-size-xxl{font-size:59px}<\/style><h2 class=\"elementor-heading-title elementor-size-default\">Impressum<\/h2>\t\t<\/div>\n\t\t\t\t<\/div>\n\t\t\t\t<div class=\"elementor-element elementor-element-7db8f588 elementor-widget elementor-widget-text-editor\" data-id=\"7db8f588\" data-element_type=\"widget\" data-widget_type=\"text-editor.default\">\n\t\t\t\t<div class=\"elementor-widget-container\">\n\t\t\t<style>\/*! elementor - v3.6.6 - 08-06-2022 *\/\n.elementor-widget-text-editor.elementor-drop-cap-view-stacked .elementor-drop-cap{background-color:#818a91;color:#fff}.elementor-widget-text-editor.elementor-drop-cap-view-framed .elementor-drop-cap{color:#818a91;border:3px solid;background-color:transparent}.elementor-widget-text-editor:not(.elementor-drop-cap-view-default) .elementor-drop-cap{margin-top:8px}.elementor-widget-text-editor:not(.elementor-drop-cap-view-default) .elementor-drop-cap-letter{width:1em;height:1em}.elementor-widget-text-editor .elementor-drop-cap{float:left;text-align:center;line-height:1;font-size:50px}.elementor-widget-text-editor .elementor-drop-cap-letter{display:inline-block}<\/style>\t\t\t\t<!-- wp:paragraph -->\n<p>Das Fraunhofer-Institut f\u00fcr Arbeitswissenschaft<\/p>\n<p>und Organisation IAO<br \/>Nobelstr. 12<br \/>70569 Stuttgart<\/p>\n<p>ist eine rechtlich nicht selbst\u00e4ndige Einrichtung der Fraunhofer-Gesellschaft zur F\u00f6rderung der angewandten Forschung e.V.<\/p>\n<p>Hansastra\u00dfe 27 c<br \/>80686 M\u00fcnchen<br \/>Telefon +49 89 1205-0<br \/>Fax +49 89 1205-7531<\/p>\n<p>Umsatzsteuer-Identifikationsnummer gem\u00e4\u00df \u00a7 27 a<br \/>Umsatzsteuergesetz: DE 129515865<\/p>\n<p>Registergericht<br \/>Amtsgericht M\u00fcnchen<br \/>Eingetragener Verein<br \/>Register-Nr. VR 4461<\/p>\n<p>Verantwortlicher Redakteur und Projektleiter:<br \/>Franziska Braun<br \/>franziska.braun@iao.fraunhofer.de<\/p>\n<p>Vorstand<br \/>Prof. Dr.-Ing. Reimund Neugebauer, Pr\u00e4sident, Unternehmenspolitik und Forschung sowie Technologiemarketing und Gesch\u00e4ftsmodelle<br \/>Prof. Dr. Alexander Kurz, Personal, Recht und Verwertung<br \/>Dipl.-Kfm. Andreas Meuer, Finanzen und Digitale Gesch\u00e4ftsprozesse<\/p>\n<p>Nutzungsrechte<br \/>\u00a9 Fraunhofer-Gesellschaft e.V., M\u00fcnchen<\/p>\n<p>Alle Rechte vorbehalten.<br \/>Die Urheberrechte dieser Web-Site liegen vollst\u00e4ndig bei der Fraunhofer-Gesellschaft.<\/p>\n<p>Ein Download oder Ausdruck dieser Ver\u00f6ffentlichungen ist ausschlie\u00dflich f\u00fcr den pers\u00f6nlichen Gebrauch gestattet. Alle dar\u00fcber hinaus gehenden Verwendungen, insbesondere die kommerzielle Nutzung und Verbreitung, sind grunds\u00e4tzlich nicht gestattet und bed\u00fcrfen der schriftlichen Genehmigung. Anfragen richten Sie Bitte an folgende Adresse:<\/p>\n<p>Fraunhofer-Institut f\u00fcr Arbeitswirtschaft und Organisation IAO<br \/>Nobelstr. 12<br \/>70569 Stuttgart<br \/>franziska.braun@iao.fraunhofer.de<\/p>\n<p>Ein Download oder Ausdruck ist dar\u00fcber hinaus lediglich zum Zweck der Berichterstattung \u00fcber die Fraunhofer-Gesellschaft und Ihrer Institute nach Ma\u00dfgabe untenstehender Nutzungsbedingungen gestattet:<\/p>\n<p>Grafische Ver\u00e4nderungen an Bildmotiven \u2013 au\u00dfer zum Freistellen des Hauptmotivs \u2013 sind nicht gestattet. Es ist stets die Quellenangabe und \u00dcbersendung von zwei kostenlosen Belegexemplaren an die oben genannte Adresse erforderlich. Die Verwendung ist honorarfrei.<\/p>\n<p>Haftungshinweis<br \/>Wir \u00fcbernehmen keine Haftung f\u00fcr die Inhalte externer Links. F\u00fcr den Inhalt der verlinkten Seiten sind ausschlie\u00dflich deren Betreiber verantwortlich.<\/p>\n<p>Wir sind bem\u00fcht, das Webangebot stets aktuell und inhaltlich richtig sowie vollst\u00e4ndig anzubieten. Dennoch ist das Auftreten von Fehlern nicht v\u00f6llig auszuschlie\u00dfen. Das Fraunhofer-Institut bzw. die Fraunhofer-Gesellschaft \u00fcbernimmt keine Haftung f\u00fcr die Aktualit\u00e4t, die inhaltliche Richtigkeit sowie f\u00fcr die Vollst\u00e4ndigkeit der in ihrem Webangebot eingestellten Informationen. Dies bezieht sich auf eventuelle Sch\u00e4den materieller oder ideeller Art Dritter, die durch die Nutzung dieses Webangebotes verursacht wurden.<\/p>\n<p>Gesch\u00fctzte Marken und Namen, Bilder und Texte werden auf unseren Seiten in der Regel nicht als solche kenntlich gemacht. Das Fehlen einer solchen Kennzeichnung bedeutet jedoch nicht, dass es sich um einen freien Namen, ein freies Bild oder einen freien Text im Sinne des Markenzeichenrechts handelt.<\/p>\n<!-- \/wp:paragraph -->\t\t\t\t\t\t<\/div>\n\t\t\t\t<\/div>\n\t\t\t\t\t<\/div>\n\t\t<\/div>\n\t\t\t\t\t\t\t<\/div>\n\t\t<\/section>\n\t\t\t\t\t\t\t<\/div>\n\t\t","protected":false},"excerpt":{"rendered":"<p>Impressum Das Fraunhofer-Institut f\u00fcr Arbeitswissenschaft und Organisation IAONobelstr. 1270569 Stuttgart ist eine rechtlich nicht selbst\u00e4ndige Einrichtung der Fraunhofer-Gesellschaft zur F\u00f6rderung der angewandten Forschung e.V. Hansastra\u00dfe 27 c80686 M\u00fcnchenTelefon +49 89 1205-0Fax +49 89 1205-7531 Umsatzsteuer-Identifikationsnummer gem\u00e4\u00df \u00a7 27 aUmsatzsteuergesetz: DE 129515865 RegistergerichtAmtsgericht M\u00fcnchenEingetragener VereinRegister-Nr. VR 4461 Verantwortlicher Redakteur und Projektleiter:Franziska Braunfranziska.braun@iao.fraunhofer.de VorstandProf. Dr.-Ing. Reimund Neugebauer, &hellip;<\/p>\n<p class=\"read-more\"> <a class=\"\" href=\"https:\/\/websites.fraunhofer.de\/josy\/impressum\/\"> <span class=\"screen-reader-text\">Impressum<\/span> Weiterlesen &raquo;<\/a><\/p>\n","protected":false},"author":3,"featured_media":0,"parent":0,"menu_order":0,"comment_status":"closed","ping_status":"closed","template":"","meta":{"site-sidebar-layout":"default","site-content-layout":"default","ast-global-header-display":"","ast-main-header-display":"","ast-hfb-above-header-display":"","ast-hfb-below-header-display":"","ast-hfb-mobile-header-display":"","site-post-title":"disabled","ast-breadcrumbs-content":"","ast-featured-img":"","footer-sml-layout":"","theme-transparent-header-meta":"","adv-header-id-meta":"","stick-header-meta":"","header-above-stick-meta":"","header-main-stick-meta":"","header-below-stick-meta":"","footnotes":""},"class_list":["post-1215","page","type-page","status-publish","hentry"],"_links":{"self":[{"href":"https:\/\/websites.fraunhofer.de\/josy\/wp-json\/wp\/v2\/pages\/1215","targetHints":{"allow":["GET"]}}],"collection":[{"href":"https:\/\/websites.fraunhofer.de\/josy\/wp-json\/wp\/v2\/pages"}],"about":[{"href":"https:\/\/websites.fraunhofer.de\/josy\/wp-json\/wp\/v2\/types\/page"}],"author":[{"embeddable":true,"href":"https:\/\/websites.fraunhofer.de\/josy\/wp-json\/wp\/v2\/users\/3"}],"replies":[{"embeddable":true,"href":"https:\/\/websites.fraunhofer.de\/josy\/wp-json\/wp\/v2\/comments?post=1215"}],"version-history":[{"count":21,"href":"https:\/\/websites.fraunhofer.de\/josy\/wp-json\/wp\/v2\/pages\/1215\/revisions"}],"predecessor-version":[{"id":1909,"href":"https:\/\/websites.fraunhofer.de\/josy\/wp-json\/wp\/v2\/pages\/1215\/revisions\/1909"}],"wp:attachment":[{"href":"https:\/\/websites.fraunhofer.de\/josy\/wp-json\/wp\/v2\/media?parent=1215"}],"curies":[{"name":"wp","href":"https:\/\/api.w.org\/{rel}","templated":true}]}}