{"id":328,"date":"2020-12-04T12:15:31","date_gmt":"2020-12-04T12:15:31","guid":{"rendered":"https:\/\/websites.fraunhofer.de\/iwes-blog\/?page_id=328"},"modified":"2025-05-15T09:24:26","modified_gmt":"2025-05-15T09:24:26","slug":"impressum","status":"publish","type":"page","link":"https:\/\/websites.fraunhofer.de\/iwes-blog\/impressum","title":{"rendered":"Impressum"},"content":{"rendered":"\n<p><em>Das<\/em><\/p>\n\n\n\n<p><strong>Fraunhofer-Institut f\u00fcr<\/strong> <strong>Windenergiesysteme IWES<\/strong><br>Am Seedeich 45<br>27572 Bremerhaven<br>Tel. +49 471 14290-100<br>www.iwes.fraunhofer.de<br>info@iwes.fraunhofer.de<\/p>\n\n\n\n<p><\/p>\n\n\n\n<p><em>ist eine rechtlich nicht selbstst\u00e4ndige Einrichtung der<\/em><\/p>\n\n\n\n<p><strong>Fraunhofer-Gesellschaft<\/strong><br><strong>zur F\u00f6rderung der angewandten Forschung e.V.<\/strong><br>Hansastra\u00dfe 27 c<br>80686 M\u00fcnchen<br>Internet: www.fraunhofer.de<br>E-Mail: info(at)zv.fraunhofer.de<\/p>\n\n\n\n<p><strong>Verantwortliche Redakteurin<\/strong><\/p>\n\n\n\n<p>Inna Eck, Leitung Kommunikation, Fraunhofer IWES<br>inna.eck@iwes.fraunhofer.de<br>Tel. +49 471\/14 290-543<br><\/p>\n\n\n\n<p><strong>Umsatzsteuer-Identifikationsnummer gem\u00e4\u00df \u00a7 27 a<\/strong><\/p>\n\n\n\n<p>Umsatzsteuergesetz: DE 129515865<\/p>\n\n\n\n<p><strong>Registergericht<\/strong><\/p>\n\n\n\n<p>Amtsgericht M\u00fcnchen<br>Eingetragener Verein<br>Register-Nr. VR 4461<\/p>\n\n\n\n<p><strong>Vorstand<\/strong><\/p>\n\n\n\n<p><strong>Prof. Dr.-Ing. Holger Hanselka<\/strong> | Pr\u00e4sident<br><strong>Prof. Dr. Constantin H\u00e4fner<\/strong> | Mitglied des Vorstands<br><strong>Prof. Dr. Axel M\u00fcller-Groeling<\/strong> | Mitglied des Vorstands<br><strong>Ass. jur. Elisabeth Ewen<\/strong> | Mitglied des Vorstands<br><strong>Dr. Sandra Krey<\/strong> | Mitglied des Vorstands<\/p>\n\n\n\n<p><strong>Nutzungsrechte<\/strong><\/p>\n\n\n\n<p>Copyright \u00a9 by&nbsp;Fraunhofer-Gesellschaft<\/p>\n\n\n\n<p>Alle Rechte vorbehalten.<br>Die Urheberrechte dieser Webseite liegen vollst\u00e4ndig bei der Fraunhofer-Gesellschaft.<br>Ein Download oder Ausdruck dieser Ver\u00f6ffentlichungen ist ausschlie\u00dflich f\u00fcr den pers\u00f6nlichen Gebrauch gestattet. Alle dar\u00fcber hinaus gehenden Verwendungen, insbesondere die kommerzielle Nutzung und Verbreitung, sind grunds\u00e4tzlich nicht gestattet und bed\u00fcrfen der schriftlichen Genehmigung.<br>Ein Download oder Ausdruck ist dar\u00fcber hinaus lediglich zum Zweck der Berichterstattung \u00fcber die Fraunhofer-Gesellschaft und ihrer Institute nach Ma\u00dfgabe untenstehender Nutzungsbedingungen gestattet:<\/p>\n\n\n\n<p>Grafische Ver\u00e4nderungen an Bildmotiven \u2013 au\u00dfer zum Freistellen des Hauptmotivs \u2013 sind nicht gestattet. Es ist stets die Quellenangabe und \u00dcbersendung von zwei kostenlosen Belegexemplaren an die oben genannte Adresse erforderlich. Die Verwendung ist honorarfrei.<\/p>\n\n\n\n<p><strong>Haftungshinweis<\/strong><\/p>\n\n\n\n<p>Wir \u00fcbernehmen keine Haftung f\u00fcr die Inhalte externer Links. F\u00fcr den Inhalt der verlinkten Seiten sind ausschlie\u00dflich deren Betreiber verantwortlich.<\/p>\n\n\n\n<p>Wir sind bem\u00fcht, das Webangebot stets aktuell und inhaltlich richtig sowie vollst\u00e4ndig anzubieten. Dennoch ist das Auftreten von Fehlern nicht v\u00f6llig auszuschlie\u00dfen. Das Fraunhofer-Institut bzw. die Fraunhofer-Gesellschaft \u00fcbernimmt keine Haftung f\u00fcr die Aktualit\u00e4t, die inhaltliche Richtigkeit sowie f\u00fcr die Vollst\u00e4ndigkeit der in ihrem Webangebot eingestellten Informationen. Dies bezieht sich auf eventuelle Sch\u00e4den materieller oder ideeller Art Dritter, die durch die Nutzung dieses Webangebotes verursacht wurden.<\/p>\n\n\n\n<p>Gesch\u00fctzte Marken und Namen, Bilder und Texte werden auf unseren Seiten in der Regel nicht als solche kenntlich gemacht. Das Fehlen einer solchen Kennzeichnung bedeutet jedoch nicht, dass es sich um einen freien Namen, ein freies Bild oder einen freien Text im Sinne des Markenzeichenrechts handelt.<\/p>\n","protected":false},"excerpt":{"rendered":"<p>Das Fraunhofer-Institut f\u00fcr Windenergiesysteme IWESAm Seedeich 4527572 BremerhavenTel. +49 471 14290-100www.iwes.fraunhofer.deinfo@iwes.fraunhofer.de ist eine rechtlich nicht selbstst\u00e4ndige Einrichtung der Fraunhofer-Gesellschaftzur F\u00f6rderung der angewandten Forschung e.V.Hansastra\u00dfe 27 c80686 M\u00fcnchenInternet: www.fraunhofer.deE-Mail: info(at)zv.fraunhofer.de Verantwortliche Redakteurin Inna Eck, Leitung Kommunikation, Fraunhofer IWESinna.eck@iwes.fraunhofer.deTel. +49 471\/14 290-543&#8230;<\/p>\n","protected":false},"author":3,"featured_media":0,"parent":0,"menu_order":0,"comment_status":"closed","ping_status":"closed","template":"page-fullwidth.php","meta":{"_acf_changed":false,"footnotes":""},"coauthors":[38],"class_list":["post-328","page","type-page","status-publish","hentry"],"acf":[],"yoast_head":"<!-- This site is optimized with the Yoast SEO Premium plugin v27.3 (Yoast SEO v27.3) - https:\/\/yoast.com\/product\/yoast-seo-premium-wordpress\/ -->\n<title>Impressum<\/title>\n<meta name=\"robots\" content=\"index, follow, max-snippet:-1, max-image-preview:large, max-video-preview:-1\" \/>\n<link rel=\"canonical\" href=\"https:\/\/websites.fraunhofer.de\/iwes-blog\/impressum\" \/>\n<meta property=\"og:locale\" content=\"de_DE\" \/>\n<meta property=\"og:type\" content=\"article\" \/>\n<meta property=\"og:title\" content=\"Impressum\" \/>\n<meta property=\"og:description\" content=\"Das Fraunhofer-Institut f\u00fcr Windenergiesysteme IWESAm Seedeich 4527572 BremerhavenTel. +49 471 14290-100www.iwes.fraunhofer.deinfo@iwes.fraunhofer.de ist eine rechtlich nicht selbstst\u00e4ndige Einrichtung der Fraunhofer-Gesellschaftzur F\u00f6rderung der angewandten Forschung e.V.Hansastra\u00dfe 27 c80686 M\u00fcnchenInternet: www.fraunhofer.deE-Mail: info(at)zv.fraunhofer.de Verantwortliche Redakteurin Inna Eck, Leitung Kommunikation, Fraunhofer IWESinna.eck@iwes.fraunhofer.deTel. +49 471\/14 290-543...\" \/>\n<meta property=\"og:url\" content=\"https:\/\/websites.fraunhofer.de\/iwes-blog\/impressum\" \/>\n<meta property=\"og:site_name\" content=\"Blog | Fraunhofer-Institut f\u00fcr Windenergiesysteme\" \/>\n<meta property=\"article:modified_time\" content=\"2025-05-15T09:24:26+00:00\" \/>\n<meta property=\"og:image\" content=\"https:\/\/websites.fraunhofer.de\/iwes-blog\/wp-content\/uploads\/2025\/05\/Website_Teaser_1200x800px_2024_de.jpg\" \/>\n\t<meta property=\"og:image:width\" content=\"1200\" \/>\n\t<meta property=\"og:image:height\" content=\"800\" \/>\n\t<meta property=\"og:image:type\" content=\"image\/jpeg\" \/>\n<meta name=\"twitter:card\" content=\"summary_large_image\" \/>\n<meta name=\"twitter:label1\" content=\"Gesch\u00e4tzte Lesezeit\" \/>\n\t<meta name=\"twitter:data1\" content=\"2\u00a0Minuten\" \/>\n\t<meta name=\"twitter:label2\" content=\"Written by\" \/>\n\t<meta name=\"twitter:data2\" content=\"Inna Eck\" \/>\n<script type=\"application\/ld+json\" class=\"yoast-schema-graph\">{\"@context\":\"https:\\\/\\\/schema.org\",\"@graph\":[{\"@type\":\"WebPage\",\"@id\":\"https:\\\/\\\/websites.fraunhofer.de\\\/iwes-blog\\\/impressum\",\"url\":\"https:\\\/\\\/websites.fraunhofer.de\\\/iwes-blog\\\/impressum\",\"name\":\"Impressum\",\"isPartOf\":{\"@id\":\"https:\\\/\\\/websites.fraunhofer.de\\\/iwes-blog\\\/#website\"},\"datePublished\":\"2020-12-04T12:15:31+00:00\",\"dateModified\":\"2025-05-15T09:24:26+00:00\",\"breadcrumb\":{\"@id\":\"https:\\\/\\\/websites.fraunhofer.de\\\/iwes-blog\\\/impressum#breadcrumb\"},\"inLanguage\":\"de\",\"potentialAction\":[{\"@type\":\"ReadAction\",\"target\":[\"https:\\\/\\\/websites.fraunhofer.de\\\/iwes-blog\\\/impressum\"]}]},{\"@type\":\"BreadcrumbList\",\"@id\":\"https:\\\/\\\/websites.fraunhofer.de\\\/iwes-blog\\\/impressum#breadcrumb\",\"itemListElement\":[{\"@type\":\"ListItem\",\"position\":1,\"name\":\"Startseite\",\"item\":\"https:\\\/\\\/websites.fraunhofer.de\\\/iwes-blog\"},{\"@type\":\"ListItem\",\"position\":2,\"name\":\"Impressum\"}]},{\"@type\":\"WebSite\",\"@id\":\"https:\\\/\\\/websites.fraunhofer.de\\\/iwes-blog\\\/#website\",\"url\":\"https:\\\/\\\/websites.fraunhofer.de\\\/iwes-blog\\\/\",\"name\":\"Blog | Fraunhofer-Institut f\u00fcr Windenergiesysteme\",\"description\":\"Blog | Fraunhofer-Institut f\u00fcr Windenergiesysteme\",\"publisher\":{\"@id\":\"https:\\\/\\\/websites.fraunhofer.de\\\/iwes-blog\\\/#organization\"},\"potentialAction\":[{\"@type\":\"SearchAction\",\"target\":{\"@type\":\"EntryPoint\",\"urlTemplate\":\"https:\\\/\\\/websites.fraunhofer.de\\\/iwes-blog\\\/?s={search_term_string}\"},\"query-input\":{\"@type\":\"PropertyValueSpecification\",\"valueRequired\":true,\"valueName\":\"search_term_string\"}}],\"inLanguage\":\"de\"},{\"@type\":\"Organization\",\"@id\":\"https:\\\/\\\/websites.fraunhofer.de\\\/iwes-blog\\\/#organization\",\"name\":\"Fraunhofer-Institut f\u00fcr Windenergiesysteme\",\"url\":\"https:\\\/\\\/websites.fraunhofer.de\\\/iwes-blog\\\/\",\"logo\":{\"@type\":\"ImageObject\",\"inLanguage\":\"de\",\"@id\":\"https:\\\/\\\/websites.fraunhofer.de\\\/iwes-blog\\\/#\\\/schema\\\/logo\\\/image\\\/\",\"url\":\"https:\\\/\\\/websites.fraunhofer.de\\\/iwes-blog\\\/wp-content\\\/uploads\\\/2020\\\/08\\\/Fraunhofer_IWES_Logo.png\",\"contentUrl\":\"https:\\\/\\\/websites.fraunhofer.de\\\/iwes-blog\\\/wp-content\\\/uploads\\\/2020\\\/08\\\/Fraunhofer_IWES_Logo.png\",\"width\":731,\"height\":200,\"caption\":\"Fraunhofer-Institut f\u00fcr Windenergiesysteme\"},\"image\":{\"@id\":\"https:\\\/\\\/websites.fraunhofer.de\\\/iwes-blog\\\/#\\\/schema\\\/logo\\\/image\\\/\"},\"sameAs\":[\"https:\\\/\\\/www.linkedin.com\\\/company\\\/fraunhofer-iwes-windenergiesysteme\",\"https:\\\/\\\/www.xing.com\\\/pages\\\/fraunhofer-institutfurwindenergiesystemeiwes\"]}]}<\/script>\n<!-- \/ Yoast SEO Premium plugin. -->","yoast_head_json":{"title":"Impressum","robots":{"index":"index","follow":"follow","max-snippet":"max-snippet:-1","max-image-preview":"max-image-preview:large","max-video-preview":"max-video-preview:-1"},"canonical":"https:\/\/websites.fraunhofer.de\/iwes-blog\/impressum","og_locale":"de_DE","og_type":"article","og_title":"Impressum","og_description":"Das Fraunhofer-Institut f\u00fcr Windenergiesysteme IWESAm Seedeich 4527572 BremerhavenTel. +49 471 14290-100www.iwes.fraunhofer.deinfo@iwes.fraunhofer.de ist eine rechtlich nicht selbstst\u00e4ndige Einrichtung der Fraunhofer-Gesellschaftzur F\u00f6rderung der angewandten Forschung e.V.Hansastra\u00dfe 27 c80686 M\u00fcnchenInternet: www.fraunhofer.deE-Mail: info(at)zv.fraunhofer.de Verantwortliche Redakteurin Inna Eck, Leitung Kommunikation, Fraunhofer IWESinna.eck@iwes.fraunhofer.deTel. +49 471\/14 290-543...","og_url":"https:\/\/websites.fraunhofer.de\/iwes-blog\/impressum","og_site_name":"Blog | Fraunhofer-Institut f\u00fcr Windenergiesysteme","article_modified_time":"2025-05-15T09:24:26+00:00","og_image":[{"width":1200,"height":800,"url":"https:\/\/websites.fraunhofer.de\/iwes-blog\/wp-content\/uploads\/2025\/05\/Website_Teaser_1200x800px_2024_de.jpg","type":"image\/jpeg"}],"twitter_card":"summary_large_image","twitter_misc":{"Gesch\u00e4tzte Lesezeit":"2\u00a0Minuten","Written by":"Inna Eck"},"schema":{"@context":"https:\/\/schema.org","@graph":[{"@type":"WebPage","@id":"https:\/\/websites.fraunhofer.de\/iwes-blog\/impressum","url":"https:\/\/websites.fraunhofer.de\/iwes-blog\/impressum","name":"Impressum","isPartOf":{"@id":"https:\/\/websites.fraunhofer.de\/iwes-blog\/#website"},"datePublished":"2020-12-04T12:15:31+00:00","dateModified":"2025-05-15T09:24:26+00:00","breadcrumb":{"@id":"https:\/\/websites.fraunhofer.de\/iwes-blog\/impressum#breadcrumb"},"inLanguage":"de","potentialAction":[{"@type":"ReadAction","target":["https:\/\/websites.fraunhofer.de\/iwes-blog\/impressum"]}]},{"@type":"BreadcrumbList","@id":"https:\/\/websites.fraunhofer.de\/iwes-blog\/impressum#breadcrumb","itemListElement":[{"@type":"ListItem","position":1,"name":"Startseite","item":"https:\/\/websites.fraunhofer.de\/iwes-blog"},{"@type":"ListItem","position":2,"name":"Impressum"}]},{"@type":"WebSite","@id":"https:\/\/websites.fraunhofer.de\/iwes-blog\/#website","url":"https:\/\/websites.fraunhofer.de\/iwes-blog\/","name":"Blog | Fraunhofer-Institut f\u00fcr Windenergiesysteme","description":"Blog | Fraunhofer-Institut f\u00fcr Windenergiesysteme","publisher":{"@id":"https:\/\/websites.fraunhofer.de\/iwes-blog\/#organization"},"potentialAction":[{"@type":"SearchAction","target":{"@type":"EntryPoint","urlTemplate":"https:\/\/websites.fraunhofer.de\/iwes-blog\/?s={search_term_string}"},"query-input":{"@type":"PropertyValueSpecification","valueRequired":true,"valueName":"search_term_string"}}],"inLanguage":"de"},{"@type":"Organization","@id":"https:\/\/websites.fraunhofer.de\/iwes-blog\/#organization","name":"Fraunhofer-Institut f\u00fcr Windenergiesysteme","url":"https:\/\/websites.fraunhofer.de\/iwes-blog\/","logo":{"@type":"ImageObject","inLanguage":"de","@id":"https:\/\/websites.fraunhofer.de\/iwes-blog\/#\/schema\/logo\/image\/","url":"https:\/\/websites.fraunhofer.de\/iwes-blog\/wp-content\/uploads\/2020\/08\/Fraunhofer_IWES_Logo.png","contentUrl":"https:\/\/websites.fraunhofer.de\/iwes-blog\/wp-content\/uploads\/2020\/08\/Fraunhofer_IWES_Logo.png","width":731,"height":200,"caption":"Fraunhofer-Institut f\u00fcr Windenergiesysteme"},"image":{"@id":"https:\/\/websites.fraunhofer.de\/iwes-blog\/#\/schema\/logo\/image\/"},"sameAs":["https:\/\/www.linkedin.com\/company\/fraunhofer-iwes-windenergiesysteme","https:\/\/www.xing.com\/pages\/fraunhofer-institutfurwindenergiesystemeiwes"]}]}},"_links":{"self":[{"href":"https:\/\/websites.fraunhofer.de\/iwes-blog\/wp-json\/wp\/v2\/pages\/328","targetHints":{"allow":["GET"]}}],"collection":[{"href":"https:\/\/websites.fraunhofer.de\/iwes-blog\/wp-json\/wp\/v2\/pages"}],"about":[{"href":"https:\/\/websites.fraunhofer.de\/iwes-blog\/wp-json\/wp\/v2\/types\/page"}],"author":[{"embeddable":true,"href":"https:\/\/websites.fraunhofer.de\/iwes-blog\/wp-json\/wp\/v2\/users\/3"}],"replies":[{"embeddable":true,"href":"https:\/\/websites.fraunhofer.de\/iwes-blog\/wp-json\/wp\/v2\/comments?post=328"}],"version-history":[{"count":20,"href":"https:\/\/websites.fraunhofer.de\/iwes-blog\/wp-json\/wp\/v2\/pages\/328\/revisions"}],"predecessor-version":[{"id":2983,"href":"https:\/\/websites.fraunhofer.de\/iwes-blog\/wp-json\/wp\/v2\/pages\/328\/revisions\/2983"}],"wp:attachment":[{"href":"https:\/\/websites.fraunhofer.de\/iwes-blog\/wp-json\/wp\/v2\/media?parent=328"}],"wp:term":[{"taxonomy":"author","embeddable":true,"href":"https:\/\/websites.fraunhofer.de\/iwes-blog\/wp-json\/wp\/v2\/coauthors?post=328"}],"curies":[{"name":"wp","href":"https:\/\/api.w.org\/{rel}","templated":true}]}}