{"id":18,"date":"2019-01-09T11:59:17","date_gmt":"2019-01-09T10:59:17","guid":{"rendered":"https:\/\/websites.fraunhofer.de\/entourage-epn\/?page_id=18"},"modified":"2022-05-10T12:10:53","modified_gmt":"2022-05-10T10:10:53","slug":"impressum","status":"publish","type":"page","link":"https:\/\/websites.fraunhofer.de\/entourage-epn\/impressum\/","title":{"rendered":"Impressum"},"content":{"rendered":"\n<h2 class=\"wp-block-heading\">Impressum<\/h2>\n\n\n\n<p>Das Fraunhofer-Institut f\u00fcr Arbeitswirtschaft und Organisation IAO<br>Nobelstr. 12<br>70569 Stuttgart<\/p>\n\n\n\n<p>ist eine rechtlich nicht selbstst\u00e4ndige Einrichtung der<\/p>\n\n\n\n<p>Fraunhofer-Gesellschaft&nbsp;zur F\u00f6rderung der angewandten Forschung e.V.<br>Hansastra\u00dfe 27c,&nbsp;80686 M\u00fcnchen<br>Telefon +49 89 1205- 0<br>Fax +49 89 1205-7531<br>E-Mail: info(at)zv.fraunhofer.de<\/p>\n\n\n\n<p><a href=\"https:\/\/www.fraunhofer.de\/\">www.fraunhofer.de<\/a><\/p>\n\n\n\n<h2 class=\"wp-block-heading\">Umsatzsteuer-Identifikationsnummer gem\u00e4\u00df \u00a7 27a Umsatzsteuergesetz<\/h2>\n\n\n\n<p>DE 129515865<\/p>\n\n\n\n<h2 class=\"wp-block-heading\">Registergericht<\/h2>\n\n\n\n<p>Amtsgericht M\u00fcnchen<br>Eingetragener Verein<br>Register-Nr. VR 4461<\/p>\n\n\n\n<h2 class=\"wp-block-heading\">Redaktionsverantwortlich im Sinne des Presserechts<\/h2>\n\n\n\n<p>Dr. Michael Kubach<\/p>\n\n\n\n<p>Fraunhofer-Institut f\u00fcr Arbeitswirtschaft und Organisation IAO<\/p>\n\n\n\n<p>Nobelstr. 12, 70569 Stuttgart \/ Hardenbergstr. 20, 10623 Berlin<\/p>\n\n\n\n<p>Telefon +49 (0) 711 970-2428, Mobil +49 (0) 151 16327820<\/p>\n\n\n\n<h2 class=\"wp-block-heading\">Vorstand<\/h2>\n\n\n\n<p><strong>Prof. Dr.-Ing. Reimund Neugebauer<\/strong>&nbsp;| Pr\u00e4sident<br><strong>Prof. Dr. Alexander Kurz<\/strong>&nbsp;| Mitglied des Vorstands<\/p>\n\n\n\n<h2 class=\"wp-block-heading\">Nutzungsrechte<\/h2>\n\n\n\n<p>Copyright \u00a9 by<br>Fraunhofer-Gesellschaft<\/p>\n\n\n\n<p>Alle Rechte vorbehalten.<br>Die Urheberrechte dieser Web-Site liegen vollst\u00e4ndig bei der Fraunhofer-Gesellschaft.<\/p>\n\n\n\n<p>Ein Download oder Ausdruck dieser Ver\u00f6ffentlichungen ist ausschlie\u00dflich f\u00fcr den pers\u00f6nlichen Gebrauch gestattet. Alle dar\u00fcber hinaus gehenden Verwendungen, insbesondere die kommerzielle Nutzung und Verbreitung, sind grunds\u00e4tzlich nicht gestattet und bed\u00fcrfen der schriftlichen Genehmigung.<\/p>\n\n\n\n<p>Anfragen richten Sie bitte an:<br>Das Fraunhofer-Institut f\u00fcr Arbeitswirtschaft und Organisation<\/p>\n\n\n\n<p>Das Fraunhofer-Institut f\u00fcr Arbeitswirtschaft und Organisation IAO<br>Nobelstr. 12<br>70569 Stuttgart<\/p>\n\n\n\n<p>Ein Download oder Ausdruck ist dar\u00fcber hinaus lediglich zum Zweck der Berichterstattung \u00fcber die Fraunhofer-Gesellschaft und Ihre Institute nach Ma\u00dfgabe unten stehender Nutzungsbedingungen gestattet.<\/p>\n\n\n\n<p>Grafische Ver\u00e4nderungen an Bildmotiven &#8211; au\u00dfer zum Freistellen des Hauptmotivs &#8211; sind nicht gestattet. Es ist stets die Quellenangabe und \u00dcbersendung von zwei kostenlosen Belegexemplaren an die oben genannte Adresse erforderlich. Die Verwendung ist honorarfrei.<\/p>\n\n\n\n<h2 class=\"wp-block-heading\">Haftungshinweis<\/h2>\n\n\n\n<p>Wir \u00fcbernehmen keine Haftung f\u00fcr die Inhalte externer Links. F\u00fcr den Inhalt der verlinkten Seiten sind ausschlie\u00dflich deren Betreiber verantwortlich.<\/p>\n\n\n\n<p>Wir sind bem\u00fcht, das Webangebot stets aktuell und inhaltlich richtig sowie vollst\u00e4ndig anzubieten. Dennoch ist das Auftreten von Fehlern nicht v\u00f6llig auszuschlie\u00dfen. Das Fraunhofer-Institut bzw. die Fraunhofer-Gesellschaft \u00fcbernimmt keine Haftung f\u00fcr die Aktualit\u00e4t, die inhaltliche Richtigkeit sowie f\u00fcr die Vollst\u00e4ndigkeit der in ihrem Webangebot eingestellten Informationen. Dies bezieht sich auf eventuelle Sch\u00e4den materieller oder ideeller Art Dritter, die durch die Nutzung dieses Webangebotes verursacht wurden.<\/p>\n\n\n\n<p>Gesch\u00fctzte Marken und Namen, Bilder und Texte werden auf unseren Seiten in der Regel nicht als solche kenntlich gemacht. Das Fehlen einer solchen Kennzeichnung bedeutet jedoch nicht, dass es sich um einen freien Namen, ein freies Bild oder einen freien Text im Sinne des Markenzeichenrechts handelt.<\/p>\n","protected":false},"excerpt":{"rendered":"<p>Impressum Das Fraunhofer-Institut f\u00fcr Arbeitswirtschaft und Organisation IAONobelstr. 1270569 Stuttgart ist eine rechtlich [&hellip;]<\/p>\n","protected":false},"author":2,"featured_media":0,"parent":0,"menu_order":0,"comment_status":"closed","ping_status":"closed","template":"","meta":{"footnotes":""},"class_list":["post-18","page","type-page","status-publish","hentry"],"_links":{"self":[{"href":"https:\/\/websites.fraunhofer.de\/entourage-epn\/wp-json\/wp\/v2\/pages\/18","targetHints":{"allow":["GET"]}}],"collection":[{"href":"https:\/\/websites.fraunhofer.de\/entourage-epn\/wp-json\/wp\/v2\/pages"}],"about":[{"href":"https:\/\/websites.fraunhofer.de\/entourage-epn\/wp-json\/wp\/v2\/types\/page"}],"author":[{"embeddable":true,"href":"https:\/\/websites.fraunhofer.de\/entourage-epn\/wp-json\/wp\/v2\/users\/2"}],"replies":[{"embeddable":true,"href":"https:\/\/websites.fraunhofer.de\/entourage-epn\/wp-json\/wp\/v2\/comments?post=18"}],"version-history":[{"count":10,"href":"https:\/\/websites.fraunhofer.de\/entourage-epn\/wp-json\/wp\/v2\/pages\/18\/revisions"}],"predecessor-version":[{"id":461,"href":"https:\/\/websites.fraunhofer.de\/entourage-epn\/wp-json\/wp\/v2\/pages\/18\/revisions\/461"}],"wp:attachment":[{"href":"https:\/\/websites.fraunhofer.de\/entourage-epn\/wp-json\/wp\/v2\/media?parent=18"}],"curies":[{"name":"wp","href":"https:\/\/api.w.org\/{rel}","templated":true}]}}