{"id":891,"date":"2020-03-02T13:45:34","date_gmt":"2020-03-02T13:45:34","guid":{"rendered":"https:\/\/websites.fraunhofer.de\/dta\/?page_id=891"},"modified":"2020-03-02T13:57:13","modified_gmt":"2020-03-02T13:57:13","slug":"adatvedelmi-informaciok","status":"publish","type":"page","link":"https:\/\/websites.fraunhofer.de\/dta\/?page_id=891&lang=hu","title":{"rendered":"Adatv\u00e9delmi inform\u00e1ci\u00f3k"},"content":{"rendered":"\n\n<h2>Digit\u00e1lis \u00e1talakul\u00e1si \u00e9rt\u00e9kel\u00e9s<\/h2>\n\n\n\n<p>Amikor \u00f6n ezt a weboldalt haszn\u00e1lja, szem\u00e9lyes adatait adatkezel\u0151k\u00e9nt kezelj\u00fck, \u00e9s a meghat\u00e1rozott c\u00e9lok \u00e9s jogi k\u00f6telezetts\u00e9gek teljes\u00edt\u00e9s\u00e9hez sz\u00fcks\u00e9ges ideig t\u00e1roljuk. Az al\u00e1bbi pontok tov\u00e1bbi r\u00e9szletekkel szolg\u00e1lnak a k\u00e9rd\u00e9ses adatokr\u00f3l, az adatkezel\u00e9s m\u00f3dj\u00e1r\u00f3l \u00e9s az \u00f6nt illet\u0151 jogokr\u00f3l.<\/p>\n\n<p>Az \u00e1ltal\u00e1nos adatv\u00e9delmi rendelet (GDPR) 4. cikk\u00e9nek 1. pontja alapj\u00e1n a szem\u00e9lyes adat az azonos\u00edtott vagy azonos\u00edthat\u00f3 term\u00e9szetes szem\u00e9lyre vonatkoz\u00f3 b\u00e1rmely inform\u00e1ci\u00f3.<\/p>\n\n<p><a href=\"https:\/\/websites.fraunhofer.de\/dta\/?page_id=891&#038;lang=hu#_TOC2013974727\">1. Hat\u00e1ly<\/a><\/p>\n\n<p><a href=\"https:\/\/websites.fraunhofer.de\/dta\/?page_id=891&#038;lang=hu#_TOC350804186\">2. Adatkezel\u0151 \u00e9s v\u00e1llalati adatv\u00e9delmi tisztvisel\u0151 neve \u00e9s el\u00e9rhet\u0151s\u00e9ge<\/a><\/p>\n\n<p><a href=\"https:\/\/websites.fraunhofer.de\/dta\/?page_id=891&#038;lang=hu#_TOC1816388751\">3. Szem\u00e9lyes adatok kezel\u00e9se \u00e9s az adatkezel\u00e9s c\u00e9lja<\/a><\/p>\n\n<p><a href=\"https:\/\/websites.fraunhofer.de\/dta\/?page_id=891&#038;lang=hu#_TOC335630276\">4. Adattov\u00e1bb\u00edt\u00e1s<\/a><\/p>\n\n<p><a href=\"https:\/\/websites.fraunhofer.de\/dta\/?page_id=891&#038;lang=hu#_TOC2079035678\">5. S\u00fctik<\/a><\/p>\n\n<p><a href=\"https:\/\/websites.fraunhofer.de\/dta\/?page_id=891&#038;lang=hu#_TOC1837481982\">6. Az \u00e9rintett jogai<\/a><\/p>\n\n<p><a href=\"https:\/\/websites.fraunhofer.de\/dta\/?page_id=891&#038;lang=hu#_TOC1818764245\">7. Adatbiztons\u00e1g<\/a><\/p>\n\n<p><a href=\"https:\/\/websites.fraunhofer.de\/dta\/?page_id=891&#038;lang=hu#_TOC2008787699\">8. Adatv\u00e9delmi inform\u00e1ci\u00f3k id\u0151szer\u0151s\u00e9ge \u00e9s kieg\u00e9sz\u00edt\u00e9sei<\/a><\/p>\n\n<h2 id=\"_TOC2013974727\">1. Hat\u00e1ly<\/h2>\n\n<p>Jelen adatv\u00e9delmi inform\u00e1ci\u00f3k minden projektweboldalunk adatkezel\u00e9s\u00e9re, valamint minden kapcsol\u00f3d\u00f3 projektszolg\u00e1ltat\u00e1si aj\u00e1nlatra (internetes eszk\u00f6z\u00f6k vagy telefonos alkalmaz\u00e1sok) (a k\u00f6nnyebb \u00e9rthet\u0151s\u00e9g \u00e9rdek\u00e9ben a tov\u00e1bbiakban mint \u201eWeboldal\u201d) vonatkoznak minden olyan esetben, amikor jelen adatv\u00e9delmi inform\u00e1ci\u00f3kra utal\u00e1s t\u00f6rt\u00e9nik.<\/p>\n\n<h2 id=\"_TOC350804186\">2. Adatkezel\u0151 \u00e9s v\u00e1llalati adatv\u00e9delmi tisztvisel\u0151 neve \u00e9s el\u00e9rhet\u0151s\u00e9ge<\/h2>\n\n<p>A GDPR 4. cikk\u00e9nek 7. pontja alapj\u00e1n az adatkezel\u0151:<\/p>\n\n<p>Fraunhofer Gesellschaft zur F\u00f6rderung der angewandten Forschung e.V.<br \/>\nHansastrasse 27 c,<br \/>\n80686 M\u00fcnchen, N\u00e9metorsz\u00e1g<\/p>\n\n<p>\nFraunhofer-Institut f\u00fcr Produktionsanlagen und Konstruktionstechnik IPK<\/p>\n\n<p>Fraunhofer IPK, Pascalstra\u00dfe 8-9, 10587 Berlin<\/p>\n\n<p>(a tov\u00e1bbiakban mint\u00a0<strong>Fraunhofer-IPK<\/strong>)<\/p>\n\n<table cellpadding=\"1\" cellspacing=\"1\">\n\t<tbody>\n\t\t<tr>\n\t\t\t<td>Email:<\/td>\n\t\t\t<td><a href=\"mailto:datenschutz@ipk.fraunhofer.de\">datenschutz@ipk.fraunhofer.de<\/a><\/td>\n\t\t<\/tr>\n\t\t<tr>\n\t\t\t<td>Telefon:\u00a0\u00a0\u00a0<\/td>\n\t\t\t<td>+49 30 39006-478<\/td>\n\t\t<\/tr>\n\t\t<tr>\n\t\t\t<td>Fax:<\/td>\n\t\t\t<td>+49 30 391 1037<\/td>\n\t\t<\/tr>\n\t<\/tbody>\n<\/table>\n\n\n<p>A Fraunhofer v\u00e1llalati adatv\u00e9delmi tisztvisel\u0151je a fenti m\u00fcncheni c\u00edmen \u00e9rhet\u0151 el az Adatv\u00e9delmi tisztvisel\u0151 c\u00edm\u00e9n vagy a <a href=\"mailto:datenschutz@zv.fraunhofer.de\">datenschutz@zv.fraunhofer.de<\/a>e-mail c\u00edmen.<\/p>\n\n<p>Adatv\u00e9delmi jogaival \u00e9s\/vagy az \u00e9rintettk\u00e9nt \u00f6nre vonatkoz\u00f3 jogokkal kapcsolatos k\u00e9rd\u00e9seivel b\u00e1tran fordulhat b\u00e1rmikor k\u00f6zvetlen\u00fcl az adatv\u00e9delmi tisztvisel\u0151h\u00f6z.<\/p>\n\n<p>Ezenk\u00edv\u00fcl e-mailt is \u00edrhat a kapcsolattart\u00f3nak, Marvin Michael Smith-nek a <a href=\"mailto:datenschutz@ipk.fraunhofer.de\">datenschutz@ipk.fraunhofer.de<\/a>e-mail c\u00edmre.<\/p>\n\n<h2 id=\"_TOC1816388751\">3. Szem\u00e9lyes adatok kezel\u00e9se \u00e9s az adatkezel\u00e9s c\u00e9lja<\/h2>\n\n<h3>Weboldalunkat el\u00e9rheti an\u00e9lk\u00fcl is<\/h3>\n\n<p>hogy szem\u00e9lyazonoss\u00e1g\u00e1nak b\u00e1rmely r\u00e9sz\u00e9t fel kellene fednie. A termin\u00e1lis k\u00e9sz\u00fcl\u00e9k\u00e9re telep\u00edtett b\u00f6ng\u00e9sz\u0151 automatikusan inform\u00e1ci\u00f3t, t\u00f6bbek k\u00f6z\u00f6tt az \u00f6n termin\u00e1lis k\u00e9sz\u00fcl\u00e9k\u00e9nek IP-c\u00edm\u00e9t is, tov\u00e1bb\u00edt weboldalunk szerver\u00e9re (pl. b\u00f6ng\u00e9sz\u0151 fajt\u00e1ja \u00e9s verzi\u00f3ja, el\u00e9r\u00e9s pontos id\u0151pontja) annak \u00e9rdek\u00e9ben, hogy kapcsolatba l\u00e9pjen a weboldallal. Ez az inform\u00e1ci\u00f3 ideiglenesen t\u00e1rol\u00f3dik egy \u00fan. napl\u00f3\u00e1llom\u00e1nyban, \u00e9s legfeljebb 4 h\u00e9t eltelt\u00e9vel t\u00f6rl\u00e9sre ker\u00fcl.<\/p>\n\n\n<p>IP-c\u00edm\u00e9t technikai \u00e9s adminisztr\u00e1ci\u00f3s c\u00e9lokb\u00f3l kezelj\u00fck a kapcsolat l\u00e9trehoz\u00e1sa \u00e9s stabilit\u00e1sa, weboldalunk biztons\u00e1g\u00e1nak \u00e9s m\u0171k\u00f6d\u00e9s\u00e9nek biztos\u00edt\u00e1sa, valamint, amennyiben sz\u00fcks\u00e9ges, a weboldal elleni t\u00f6rv\u00e9nytelen t\u00e1mad\u00e1sok lenyomoz\u00e1sa \u00e9rdek\u00e9ben.<\/p>\n\n<p>Az IP-c\u00edm kezel\u00e9s\u00e9re a jogalapot a GDPR 6. cikke (1) bekezd\u00e9s\u00e9nek f) pontja adja. Jogos \u00e9rdek\u00fcnk az eml\u00edtett biztons\u00e1gi \u00e9rdekb\u0151l \u00e9s weboldalunk akad\u00e1lytalan el\u00e9r\u00e9s\u00e9nek sz\u00fcks\u00e9gszer\u0171s\u00e9g\u00e9b\u0151l sz\u00e1rmazik.<\/p>\n\n\n<p>IP-c\u00edm\u00e9nek kezel\u00e9s\u00e9b\u0151l, valamint a napl\u00f3\u00e1llom\u00e1nyban t\u00e1rolt egy\u00e9b inform\u00e1ci\u00f3kb\u00f3l szem\u00e9lyazonoss\u00e1g\u00e1ra k\u00f6zvetlen\u00fcl semmilyen m\u00f3don nem k\u00f6vetkeztethet\u00fcnk.<\/p>\n\n<p>Ezenfel\u00fcl weboldalunkra tett l\u00e1togat\u00e1sakor s\u00fctiket haszn\u00e1lunk. A s\u00fctikr\u0151l tov\u00e1bbi inform\u00e1ci\u00f3t jelen adatv\u00e9delmi inform\u00e1ci\u00f3k k\u00e9s\u0151bbi pontj\u00e1ban kaphat.<\/p>\n\n<h2 id=\"_TOC335630276\">4. Adattov\u00e1bb\u00edt\u00e1s<\/h2>\n\n<p>Amennyiben weboldalakon gy\u0171jt\u00f6tt szem\u00e9lyes adatokat tov\u00e1bb\u00edtunk adatfeldolgoz\u00f3nak, jelen adatv\u00e9delmi inform\u00e1ci\u00f3kban \u00e9rtes\u00edteni fogjuk \u00f6nt a vonatkoz\u00f3 adatkezel\u00e9si tev\u00e9kenys\u00e9gr\u0151l, megnevezve a konkr\u00e9t c\u00edmzettet.<\/p>\n\n<p>Ezenk\u00edv\u00fcl szem\u00e9lyes adatait kiz\u00e1r\u00f3lag akkor tov\u00e1bb\u00edtjuk, amennyiben<\/p>\n\n<ul>\n\t<li>a GDPR 6. cikke (1) bekezd\u00e9s\u00e9nek a) pontja szerint \u00f6n hozz\u00e1j\u00e1rul\u00e1s\u00e1t adta,<\/li>\n\t<li>a GDPR 6. cikke (1) bekezd\u00e9s\u00e9nek b) pontja alapj\u00e1n ez sz\u00fcks\u00e9ges egy \u00f6nnel k\u00f6t\u00f6tt szerz\u0151d\u00e9s teljes\u00edt\u00e9s\u00e9hez (pl. adattov\u00e1bb\u00edt\u00e1s sz\u00e1ll\u00edtm\u00e1nyoz\u00e1si c\u00e9geknek az \u00f6n \u00e1ltal rendelt \u00e1ruk kisz\u00e1ll\u00edt\u00e1sa \u00e9rdek\u00e9ben, illetve fizet\u00e9si inform\u00e1ci\u00f3k tov\u00e1bb\u00edt\u00e1sa p\u00e9nzforgalmi szolg\u00e1ltat\u00f3knak vagy hitelint\u00e9zeteknek fizet\u00e9si m\u0171veletek feldolgoz\u00e1sa \u00e9rdek\u00e9ben);<\/li>\n\t<li>a GDPR 6. cikke (1) bekezd\u00e9s\u00e9nek c) pontja \u00e9rtelm\u00e9ben nyilv\u00e1noss\u00e1gra hozatali jogi k\u00f6telezetts\u00e9g \u00e1ll fenn.<\/li>\n<\/ul>\n\n<p>A c\u00edmzettek a tov\u00e1bb\u00edtott adatokat kiz\u00e1r\u00f3lag a fentnevezett c\u00e9lokra haszn\u00e1lhatj\u00e1k fel.<\/p>\n\n<h2 id=\"_TOC2079035678\">5. S\u00fctik<\/h2>\n\n<p>Jelen weboldal s\u00fctiket haszn\u00e1l. A s\u00fctik kis f\u00e1jlok, amelyeket az \u00f6n b\u00f6ng\u00e9sz\u0151je automatikusan gener\u00e1l \u00e9s az eszk\u00f6z\u00e9n (laptop, tablet, okostelefon stb.) t\u00e1rol, amikor \u00f6n weboldalunkra l\u00e1togat. A s\u00fctik nem tesznek k\u00e1rt az eszk\u00f6z\u00e9ben \u00e9s nem tartalmaznak v\u00edrust, tr\u00f3jai programot, illetve malware-t.<\/p>\n\n<p>A s\u00fctik a haszn\u00e1lt eszk\u00f6zzel kapcsolatos inform\u00e1ci\u00f3kat t\u00e1rolnak. Ez azonban nem jelenti azt, hogy mi \u00f6nt k\u00f6zvetlen\u00fcl azonos\u00edtani tudn\u00e1nk.<\/p>\n\n<p>Az\u00e9rt haszn\u00e1lunk s\u00fctiket, hogy aj\u00e1nlataink felhaszn\u00e1l\u00e1s\u00e1t k\u00e9nyelmesebb\u00e9 \u00e9s kellemesebb\u00e9 tegy\u00fck az \u00f6n sz\u00e1m\u00e1ra. Az \u00fan. munkamenet s\u00fctiket p\u00e9ld\u00e1ul az\u00e9rt alkalmazzuk, hogy lehet\u0151v\u00e9 tegy\u00fck a munkamenet ellen\u0151rz\u00e9s\u00e9t \u00e9s hogy elments\u00fck a munkamenet sor\u00e1n az \u0171rlapba vagy kos\u00e1rba bevitt adatokat. A munkamenet s\u00fctik legk\u00e9s\u0151bb a b\u00f6ng\u00e9sz\u0151 bez\u00e1r\u00e1sakor t\u00f6rl\u0151dnek.<\/p>\n\n<p>Az ideiglenes s\u00fctiket az\u00e9rt is haszn\u00e1ljuk, hogy a weboldalt m\u00e9g felhaszn\u00e1l\u00f3bar\u00e1tabb\u00e1 tegy\u00fck. Ezek a s\u00fctik 4 h\u00e9tig t\u00e1rol\u00f3dnak az \u00f6n eszk\u00f6z\u00e9n. Amikor ism\u00e9t ell\u00e1togat weboldalunkra, hogy ig\u00e9nybe vegye szolg\u00e1ltat\u00e1sainkat, ezek a s\u00fctik automatikusan \u00e9szlelik, hogy \u00f6n kor\u00e1bban m\u00e1r j\u00e1rt a weboldalon \u00e9s \u00fajra alkalmazz\u00e1k a legut\u00f3bbi be\u00e1ll\u00edt\u00e1sokat \u00e9s bevitt adatokat, \u00edgy \u00f6nnek nem kell \u0151ket \u00fajra be\u00edrnia.<\/p>\n\n<p>Ezenfel\u00fcl a s\u00fctiket a weboldal haszn\u00e1lat\u00e1ra vonatkoz\u00f3 statisztikai adatgy\u0171jt\u00e9s miatt is alkalmazzuk az \u00f6nnek tett aj\u00e1nlataink finom\u00edt\u00e1sa c\u00e9lj\u00e1b\u00f3l (ld. 4. pont). Amikor \u00fajra felkeresi weboldalunkat, ezek a s\u00fctik lehet\u0151v\u00e9 teszik sz\u00e1munkra, hogy automatikusan felismerj\u00fck, \u00f6n kor\u00e1bban m\u00e1r j\u00e1rt a weboldalunkon. Ezek a s\u00fctik 4 h\u00e9t eltelt\u00e9vel t\u00f6rl\u0151dnek.<\/p>\n\n<p>A s\u00fctik \u00e1ltal kezelt adatok a fent eml\u00edtett jogos \u00e9rdek\u00fcnk \u00e9s harmadik felek a GDPR 6. cikke (1) bekezd\u00e9s\u00e9nek f) pontja szerinti jogos \u00e9rdek\u00e9nek megv\u00e9d\u00e9se c\u00e9lj\u00e1b\u00f3l sz\u00fcks\u00e9gesek.<\/p>\n\n<p>A legt\u00f6bb b\u00f6ng\u00e9sz\u0151 automatikusan elfogadja a s\u00fctiket. Lehet\u0151s\u00e9ge van azonban b\u00f6ng\u00e9sz\u0151je be\u00e1ll\u00edt\u00e1sain m\u00f3dos\u00edtani, hogy ne mentsen le s\u00fctiket a sz\u00e1m\u00edt\u00f3g\u00e9p\u00e9re, illetve \u00e9rtes\u00edtse \u00f6nt, miel\u0151tt \u00faj s\u00fctiket mentene el. Amennyiben teljesen letiltja a s\u00fctiket, lehets\u00e9ges, hogy weboldalunk m\u0171k\u00f6d\u00e9se s\u00e9r\u00fcl.<\/p>\n\n<h2 id=\"_TOC1837481982\">6. Az \u00e9rintett jogai<\/h2>\n\n<p>\u00d6nnek az al\u00e1bbiak \u00e1llnak jog\u00e1ban:<\/p>\n\n<ul>\n\t<li>a GDPR 7. cikk\u00e9nek (3) bekezd\u00e9se \u00e9rtelm\u00e9ben \u00f6n b\u00e1rmikor visszavonhatja hozz\u00e1j\u00e1rul\u00e1s\u00e1t. Ennek megfelel\u0151en mi nem kezelhetj\u00fck tov\u00e1bb adatait;<\/li>\n\t<li>a GDPR 15. cikke alapj\u00e1n \u00f6n hozz\u00e1f\u00e9r\u00e9st kaphat az \u00e1ltalunk kezelt szem\u00e9lyes adataihoz. Hozz\u00e1f\u00e9r\u00e9st k\u00e9rhet nevezetesen az al\u00e1bbi inform\u00e1ci\u00f3kr\u00f3l: adatkezel\u00e9s c\u00e9ljai, az \u00e9rintett szem\u00e9lyes adatok kateg\u00f3ri\u00e1i, azon c\u00edmzettek kateg\u00f3ri\u00e1i, akikkel, illetve amelyekkel a szem\u00e9lyes adatokat k\u00f6z\u00f6lt\u00e9k vagy k\u00f6z\u00f6lni fogj\u00e1k, valamint az adatok t\u00e1rol\u00e1s\u00e1nak tervezett id\u0151tartama. Ezenfel\u00fcl jog\u00e1ban \u00e1ll az adatok helyesb\u00edt\u00e9s\u00e9t, t\u00f6rl\u00e9s\u00e9t vagy kezel\u00e9s\u00e9nek korl\u00e1toz\u00e1s\u00e1t k\u00e9rni, tiltakozni az adatkezel\u00e9s ellen, panaszt beny\u00fajtani, illetve inform\u00e1ci\u00f3t k\u00e9rni adatainak forr\u00e1s\u00e1r\u00f3l, amennyiben nem mi gy\u0171jt\u00f6tt\u00fck, automatiz\u00e1lt d\u00f6nt\u00e9shozatal l\u00e9tez\u00e9s\u00e9r\u0151l, ide\u00e9rtve a profilalkot\u00e1st is, valamint, amennyiben alkalmazand\u00f3, \u00e9rthet\u0151 inform\u00e1ci\u00f3t k\u00e9rni az alkalmazott logik\u00e1r\u00f3l;<\/li>\n\t<li>a GDPR 16. cikke szerint \u00f6n jogosult arra, hogy pontatlan szem\u00e9lyes adatai helyesb\u00edt\u00e9sre ker\u00fcljenek, valamint hi\u00e1nyos szem\u00e9lyes adatai kieg\u00e9sz\u00edt\u00e9sre ker\u00fcljenek indokolatlan k\u00e9sedelem n\u00e9lk\u00fcl;<\/li>\n\t<li>a GDPR 17. cikk\u00e9nek \u00e9rtelm\u00e9ben \u00f6nnek jog\u00e1ban \u00e1ll az \u00e1ltalunk t\u00e1rolt szem\u00e9lyes adatok t\u00f6rl\u00e9s\u00e9t k\u00e9rni, kiv\u00e9ve, ha az adatkezel\u00e9s a v\u00e9lem\u00e9nynyilv\u00e1n\u00edt\u00e1s szabads\u00e1g\u00e1hoz \u00e9s a t\u00e1j\u00e9koz\u00f3d\u00e1shoz val\u00f3 jog gyakorl\u00e1sa c\u00e9lj\u00e1b\u00f3l, jogi k\u00f6telezetts\u00e9g teljes\u00edt\u00e9s\u00e9hez, k\u00f6z\u00e9rdekb\u0151l, illetve jogi ig\u00e9nyek el\u0151terjeszt\u00e9s\u00e9hez, \u00e9rv\u00e9nyes\u00edt\u00e9s\u00e9hez, illetve v\u00e9delm\u00e9hez sz\u00fcks\u00e9ges;<\/li>\n\t<li>a GDPR 18. cikke alapj\u00e1n \u00f6n jogosult arra, hogy szem\u00e9lyes adatai kezel\u00e9s\u00e9nek korl\u00e1toz\u00e1s\u00e1t k\u00e9rje, amennyiben vitatja az adatok pontoss\u00e1g\u00e1t, az adatkezel\u00e9s jogellenes \u00e9s \u00f6n ellenzi az adatok t\u00f6rl\u00e9s\u00e9t, m\u00e1r nincs sz\u00fcks\u00e9g\u00fcnk a szem\u00e9lyes adatokra, de \u00f6n ig\u00e9nyli azokat jogi ig\u00e9nyek el\u0151terjeszt\u00e9s\u00e9hez, \u00e9rv\u00e9nyes\u00edt\u00e9s\u00e9hez vagy v\u00e9delm\u00e9hez, illetve amennyiben a GDPR 21. cikke szerint \u00f6n tiltakozott az adatkezel\u00e9s ellen;<\/li>\n\t<li>a GDPR 20. cikke szerint \u00f6nnek jog\u00e1ban \u00e1ll, hogy a rendelkez\u00e9s\u00fcnkre bocs\u00e1tott szem\u00e9lyes adatait tagolt, sz\u00e9les k\u00f6rben haszn\u00e1lt, g\u00e9ppel olvashat\u00f3 form\u00e1tumban megkapja, tov\u00e1bb\u00e1, hogy ezeket az adatokat egy m\u00e1sik adatkezel\u0151nek tov\u00e1bb\u00edtsa, valamint<\/li>\n\t<li>a GDPR 77. cikk\u00e9nek \u00e9rtelm\u00e9ben \u00f6n jogosult arra, hogy panaszt tegyen egy fel\u00fcgyeleti hat\u00f3s\u00e1gn\u00e1l. A fel\u00fcgyeleti hat\u00f3s\u00e1ggal rendszerint felveheti a kapcsolatot az \u00f6n szok\u00e1sos tart\u00f3zkod\u00e1si hely\u00e9n, a munkahely\u00e9n vagy szervezet\u00fcnk sz\u00e9khely\u00e9n.<\/li>\n<\/ul>\n\n<p><strong>Inform\u00e1ci\u00f3 a GDPR 21. cikke szerinti tiltakoz\u00e1shoz val\u00f3 jog\u00e1r\u00f3l<\/strong><\/p>\n\n<p>\u00d6n jogosult arra, hogy a saj\u00e1t helyzet\u00e9vel kapcsolatos okokb\u00f3l b\u00e1rmikor tiltakozzon szem\u00e9lyes adatainak a GDPR 6. cikk (1) bekezd\u00e9s\u00e9nek e) (k\u00f6z\u00e9rdekb\u0151l v\u00e9gzett adatkezel\u00e9s) \u00e9s f) (jogos \u00e9rdek \u00e9rv\u00e9nyes\u00edt\u00e9shez sz\u00fcks\u00e9ges adatkezel\u00e9s) pontj\u00e1n alapul\u00f3 kezel\u00e9se ellen.<\/p>\n\n<p>Amennyiben \u00f6n tiltakozik, szem\u00e9lyes adatait nem kezelj\u00fck tov\u00e1bb, kiv\u00e9ve, ha bizony\u00edtani tudjuk, hogy az adatkezel\u00e9st olyan k\u00e9nyszer\u00edt\u0151 erej\u0171 jogos okok indokolj\u00e1k, amelyek els\u0151bbs\u00e9get \u00e9lveznek az \u00f6n \u00e9rdekeivel, jogaival \u00e9s szabads\u00e1gaival szemben, vagy amelyek jogi ig\u00e9nyek el\u0151terjeszt\u00e9s\u00e9hez, \u00e9rv\u00e9nyes\u00edt\u00e9s\u00e9hez vagy v\u00e9delm\u00e9hez kapcsol\u00f3dnak.<\/p>\n\n<p>Ha \u00f6n tiltakozik a szem\u00e9lyes adatok k\u00f6zvetlen \u00fczletszerz\u00e9s \u00e9rdek\u00e9ben t\u00f6rt\u00e9n\u0151 kezel\u00e9se ellen, akkor a szem\u00e9lyes adatok kezel\u00e9s\u00e9t azonnal besz\u00fcntetj\u00fck. Ebben az esetben nem sz\u00fcks\u00e9ges k\u00fcl\u00f6nleges helyzetre hivatkozni. Idetartozik a k\u00f6zvetlen \u00fczletszerz\u00e9shez k\u00f6thet\u0151 profilalkot\u00e1s is.<\/p>\n\n<p>Amennyiben \u00e9rv\u00e9nyes\u00edteni szeretn\u00e9 tiltakoz\u00e1shoz val\u00f3 jog\u00e1t, k\u00e9rj\u00fck, k\u00fcldj\u00f6n e-mailt a \u00a0<a href=\"mailto:datenschutz@zv.fraunhofer.de\">datenschutz@zv.fraunhofer.de<\/a>c\u00edmre<\/p>\n\n<h2 id=\"_TOC1818764245\">7. Adatbiztons\u00e1g<\/h2>\n\n<p>Minden szem\u00e9lyes adt\u00e1t a sz\u00e9les k\u00f6rben haszn\u00e1lt \u00e9s biztons\u00e1gos TLS (Transport Layer Security) titkos\u00edt\u00e1si protokoll \u00e1ltal titkos\u00edtott form\u00e1tumban tov\u00e1bb\u00edtjuk. A TLS biztons\u00e1gos \u00e9s bev\u00e1lt protokoll, amelyet t\u00f6bbek k\u00f6z\u00f6tt online banki \u00fcgyint\u00e9z\u00e9sn\u00e9l is haszn\u00e1lnak. A biztons\u00e1gos TLS kapcsolatot b\u00f6ng\u00e9sz\u0151je c\u00edmsor\u00e1ban a http-t k\u00f6vet\u0151 s-r\u0151l (azaz https:\/\/) vagy a lakat ikonr\u00f3l ismeri fel.<\/p>\n\n<p>Minden m\u00e1s tekintetben is megfelel\u0151 technikai \u00e9s szervezeti biztons\u00e1gi int\u00e9zked\u00e9sekkel v\u00e9dj\u00fck adatait v\u00e9letlenszer\u0171 vagy sz\u00e1nd\u00e9kos manipul\u00e1ci\u00f3, r\u00e9szleges vagy teljes elveszt\u00e9s, megsemmis\u00fcl\u00e9s vagy harmadik f\u00e9l \u00e1ltali jogosulatlan k\u00f6zl\u00e9s ellen. Biztons\u00e1gi int\u00e9zked\u00e9seinket a technol\u00f3gia el\u0151rehalad\u00e1s\u00e1val folyamatosan fejlesztj\u00fck.<\/p>\n\n<h2 id=\"_TOC2008787699\">8. Adatv\u00e9delmi inform\u00e1ci\u00f3k id\u0151szer\u0171s\u00e9ge \u00e9s kieg\u00e9sz\u00edt\u00e9sei<\/h2>\n\n<p>Weboldalunk, valamint aj\u00e1nlott, illetve t\u00f6rv\u00e9nyi vagy szab\u00e1lyoz\u00f3 k\u00f6vetelm\u00e9nyek miatt megv\u00e1ltozott term\u00e9keink \u00e9s szolg\u00e1ltat\u00e1saink tov\u00e1bbi fejleszt\u00e9se ok\u00e1n jelen adatv\u00e9delmi inform\u00e1ci\u00f3k kieg\u00e9sz\u00edt\u00e9sre ker\u00fclhetnek. Weboldalunkon b\u00e1rmikor el\u00e9rheti \u00e9s kinyomtathatja a legfrissebb adatv\u00e9delmi inform\u00e1ci\u00f3kat.<\/p>\n\n","protected":false},"excerpt":{"rendered":"<p>Digit\u00e1lis \u00e1talakul\u00e1si \u00e9rt\u00e9kel\u00e9s Amikor \u00f6n ezt a weboldalt haszn\u00e1lja, szem\u00e9lyes adatait adatkezel\u0151k\u00e9nt kezelj\u00fck, \u00e9s a meghat\u00e1rozott c\u00e9lok \u00e9s jogi k\u00f6telezetts\u00e9gek teljes\u00edt\u00e9s\u00e9hez sz\u00fcks\u00e9ges ideig t\u00e1roljuk. Az al\u00e1bbi pontok tov\u00e1bbi r\u00e9szletekkel szolg\u00e1lnak a k\u00e9rd\u00e9ses adatokr\u00f3l, az adatkezel\u00e9s m\u00f3dj\u00e1r\u00f3l \u00e9s az \u00f6nt illet\u0151&#8230;<\/p>\n","protected":false},"author":3,"featured_media":0,"parent":0,"menu_order":0,"comment_status":"closed","ping_status":"open","template":"","meta":{"footnotes":""},"coauthors":[2],"class_list":["post-891","page","type-page","status-publish","hentry"],"_links":{"self":[{"href":"https:\/\/websites.fraunhofer.de\/dta\/index.php?rest_route=\/wp\/v2\/pages\/891","targetHints":{"allow":["GET"]}}],"collection":[{"href":"https:\/\/websites.fraunhofer.de\/dta\/index.php?rest_route=\/wp\/v2\/pages"}],"about":[{"href":"https:\/\/websites.fraunhofer.de\/dta\/index.php?rest_route=\/wp\/v2\/types\/page"}],"author":[{"embeddable":true,"href":"https:\/\/websites.fraunhofer.de\/dta\/index.php?rest_route=\/wp\/v2\/users\/3"}],"replies":[{"embeddable":true,"href":"https:\/\/websites.fraunhofer.de\/dta\/index.php?rest_route=%2Fwp%2Fv2%2Fcomments&post=891"}],"version-history":[{"count":8,"href":"https:\/\/websites.fraunhofer.de\/dta\/index.php?rest_route=\/wp\/v2\/pages\/891\/revisions"}],"predecessor-version":[{"id":907,"href":"https:\/\/websites.fraunhofer.de\/dta\/index.php?rest_route=\/wp\/v2\/pages\/891\/revisions\/907"}],"wp:attachment":[{"href":"https:\/\/websites.fraunhofer.de\/dta\/index.php?rest_route=%2Fwp%2Fv2%2Fmedia&parent=891"}],"wp:term":[{"taxonomy":"author","embeddable":true,"href":"https:\/\/websites.fraunhofer.de\/dta\/index.php?rest_route=%2Fwp%2Fv2%2Fcoauthors&post=891"}],"curies":[{"name":"wp","href":"https:\/\/api.w.org\/{rel}","templated":true}]}}