{"id":815,"date":"2020-02-06T15:00:44","date_gmt":"2020-02-06T15:00:44","guid":{"rendered":"https:\/\/websites.fraunhofer.de\/dta\/?page_id=815"},"modified":"2020-03-31T13:51:33","modified_gmt":"2020-03-31T13:51:33","slug":"dimensoes","status":"publish","type":"page","link":"https:\/\/websites.fraunhofer.de\/dta\/?page_id=815&lang=pt","title":{"rendered":"DIMENS\u00d5ES"},"content":{"rendered":"\n<h5>DIMENS\u00d5ES DA DETERMINA\u00c7\u00c3O DE LOCALIZA\u00c7\u00c3O DIGITAL<\/h5>   \n       <p>Descubra em quais \u00e1reas de transforma\u00e7\u00e3o digital sua empresa j\u00e1 est\u00e1 bem posicionada e quais \u00e1reas ainda possuem potencial de otimiza\u00e7\u00e3o. Para isso, voc\u00ea conduzir\u00e1 uma avalia\u00e7\u00e3o espec\u00edfica da empresa com base em v\u00e1rias perguntas nos seguintes sete t\u00f3picos principais:\n<\/p>\n<ul>\n<li>Estrat\u00e9gia Corporativa<\/li>\n<li>Lideran\u00e7a e Cultura Corporativa<\/li>\n<li>Organiza\u00e7\u00e3o e Processos<\/li>\n<li>Colaboradores e Compet\u00eancias<\/li>\n<li>Tecnologia<\/li>\n<li>Produtos e servi\u00e7os<\/li>\n<li>Redes e Cadeias de Suprimentos<\/li>\n<\/ul>\n<row>       \n<figure class=\"wp-block-image\" id=\"imgdimensionen\"><img decoding=\"async\" src=\"https:\/\/websites.fraunhofer.de\/dta\/wp-content\/uploads\/2020\/03\/dta_banner_hu.png\" alt=\"\" class=\"wp-image-185\"><\/figure>\n<div id=\"Dimensionen-info\">     \n\n<\/div>\n\n<\/row>\n\n\n\n<row id=\"Dimensionen-info1\">\n<h5>AVALIA\u00c7\u00c3O<\/h5>\n<p>Depois de ter preenchido o question\u00e1rio, voc\u00ea receber\u00e1 a avalia\u00e7\u00e3o espec\u00edfica da sua empresa on- line. Os resultados ajudar\u00e3o voc\u00ea a entender onde eles est\u00e3o atualmente em sua jornada digital. Isso permite identificar os principais temas que s\u00e3o de particular import\u00e2ncia para a sustentabilidade digital de sua empresa.<\/p>\n<p>A fim de ampliar esse entendimento, voc\u00ea tamb\u00e9m tem a oportunidade de se registrar para benchmarking ap\u00f3s a conclus\u00e3o da avalia\u00e7\u00e3o. Isso lhe d\u00e1 uma vis\u00e3o valiosa de como voc\u00ea se compara com seus concorrentes em sua ind\u00fastria. Uma vez que a pesquisa \u00e9 realizada em escala global, voc\u00ea tamb\u00e9m receber\u00e1 resultados que refletem sua posi\u00e7\u00e3o em uma compara\u00e7\u00e3o internacional.<\/p>\n<\/row>\n","protected":false},"excerpt":{"rendered":"<p>DIMENS\u00d5ES DA DETERMINA\u00c7\u00c3O DE LOCALIZA\u00c7\u00c3O DIGITAL Descubra em quais \u00e1reas de transforma\u00e7\u00e3o digital sua empresa j\u00e1 est\u00e1 bem posicionada e quais \u00e1reas ainda possuem potencial de otimiza\u00e7\u00e3o. Para isso, voc\u00ea conduzir\u00e1 uma avalia\u00e7\u00e3o espec\u00edfica da empresa com base em v\u00e1rias&#8230;<\/p>\n","protected":false},"author":3,"featured_media":0,"parent":0,"menu_order":0,"comment_status":"closed","ping_status":"closed","template":"","meta":{"footnotes":""},"coauthors":[2],"class_list":["post-815","page","type-page","status-publish","hentry"],"_links":{"self":[{"href":"https:\/\/websites.fraunhofer.de\/dta\/index.php?rest_route=\/wp\/v2\/pages\/815","targetHints":{"allow":["GET"]}}],"collection":[{"href":"https:\/\/websites.fraunhofer.de\/dta\/index.php?rest_route=\/wp\/v2\/pages"}],"about":[{"href":"https:\/\/websites.fraunhofer.de\/dta\/index.php?rest_route=\/wp\/v2\/types\/page"}],"author":[{"embeddable":true,"href":"https:\/\/websites.fraunhofer.de\/dta\/index.php?rest_route=\/wp\/v2\/users\/3"}],"replies":[{"embeddable":true,"href":"https:\/\/websites.fraunhofer.de\/dta\/index.php?rest_route=%2Fwp%2Fv2%2Fcomments&post=815"}],"version-history":[{"count":11,"href":"https:\/\/websites.fraunhofer.de\/dta\/index.php?rest_route=\/wp\/v2\/pages\/815\/revisions"}],"predecessor-version":[{"id":980,"href":"https:\/\/websites.fraunhofer.de\/dta\/index.php?rest_route=\/wp\/v2\/pages\/815\/revisions\/980"}],"wp:attachment":[{"href":"https:\/\/websites.fraunhofer.de\/dta\/index.php?rest_route=%2Fwp%2Fv2%2Fmedia&parent=815"}],"wp:term":[{"taxonomy":"author","embeddable":true,"href":"https:\/\/websites.fraunhofer.de\/dta\/index.php?rest_route=%2Fwp%2Fv2%2Fcoauthors&post=815"}],"curies":[{"name":"wp","href":"https:\/\/api.w.org\/{rel}","templated":true}]}}