{"id":77,"date":"2019-11-20T13:21:04","date_gmt":"2019-11-20T13:21:04","guid":{"rendered":"https:\/\/websites.fraunhofer.de\/dta\/?page_id=77"},"modified":"2020-03-26T10:14:55","modified_gmt":"2020-03-26T10:14:55","slug":"kontakt","status":"publish","type":"page","link":"https:\/\/websites.fraunhofer.de\/dta\/?page_id=77","title":{"rendered":"KONTAKT"},"content":{"rendered":"\n<h5>WIR FREUEN UNS \u00dcBER IHRE ANFRAGE!<\/h5>\n\n\n\n<figure class=\"wp-block-image\" id=\"kontakt_image\"><img loading=\"lazy\" decoding=\"async\" width=\"698\" height=\"524\" src=\"https:\/\/websites.fraunhofer.de\/dta\/wp-content\/uploads\/2019\/11\/ptz-698x524.jpg\" alt=\"\" class=\"wp-image-21\" srcset=\"https:\/\/websites.fraunhofer.de\/dta\/wp-content\/uploads\/2019\/11\/ptz-698x524.jpg 698w, https:\/\/websites.fraunhofer.de\/dta\/wp-content\/uploads\/2019\/11\/ptz-400x300.jpg 400w, https:\/\/websites.fraunhofer.de\/dta\/wp-content\/uploads\/2019\/11\/ptz.jpg 700w\" sizes=\"auto, (max-width: 698px) 100vw, 698px\" \/><\/figure>\n\n\n\n<div id=\"kontakt_info\">          \n<h6><strong>Fraunhofer-Institut f\u00fcr Produktionsanlagen und Konstruktionstechnik<\/strong><\/h6> \n\n<p>Pascalstra\u00dfe 8-9<br>\n   10587 Berlin<br>\n   Deutschland<\/p>\n<p>Tel: +49 30 39006-0<br>\n   Fax: +49 30 391 1037<br>\n   dta@ipk.fraunhofer.de<\/p>\n<\/div>\n","protected":false},"excerpt":{"rendered":"<p>WIR FREUEN UNS \u00dcBER IHRE ANFRAGE! Fraunhofer-Institut f\u00fcr Produktionsanlagen und Konstruktionstechnik Pascalstra\u00dfe 8-9 10587 Berlin Deutschland Tel: +49 30 39006-0 Fax: +49 30 391 1037 dta@ipk.fraunhofer.de<\/p>\n","protected":false},"author":3,"featured_media":0,"parent":0,"menu_order":0,"comment_status":"closed","ping_status":"closed","template":"","meta":{"footnotes":""},"coauthors":[2],"class_list":["post-77","page","type-page","status-publish","hentry"],"_links":{"self":[{"href":"https:\/\/websites.fraunhofer.de\/dta\/index.php?rest_route=\/wp\/v2\/pages\/77","targetHints":{"allow":["GET"]}}],"collection":[{"href":"https:\/\/websites.fraunhofer.de\/dta\/index.php?rest_route=\/wp\/v2\/pages"}],"about":[{"href":"https:\/\/websites.fraunhofer.de\/dta\/index.php?rest_route=\/wp\/v2\/types\/page"}],"author":[{"embeddable":true,"href":"https:\/\/websites.fraunhofer.de\/dta\/index.php?rest_route=\/wp\/v2\/users\/3"}],"replies":[{"embeddable":true,"href":"https:\/\/websites.fraunhofer.de\/dta\/index.php?rest_route=%2Fwp%2Fv2%2Fcomments&post=77"}],"version-history":[{"count":6,"href":"https:\/\/websites.fraunhofer.de\/dta\/index.php?rest_route=\/wp\/v2\/pages\/77\/revisions"}],"predecessor-version":[{"id":948,"href":"https:\/\/websites.fraunhofer.de\/dta\/index.php?rest_route=\/wp\/v2\/pages\/77\/revisions\/948"}],"wp:attachment":[{"href":"https:\/\/websites.fraunhofer.de\/dta\/index.php?rest_route=%2Fwp%2Fv2%2Fmedia&parent=77"}],"wp:term":[{"taxonomy":"author","embeddable":true,"href":"https:\/\/websites.fraunhofer.de\/dta\/index.php?rest_route=%2Fwp%2Fv2%2Fcoauthors&post=77"}],"curies":[{"name":"wp","href":"https:\/\/api.w.org\/{rel}","templated":true}]}}