{"id":756,"date":"2020-02-05T15:27:39","date_gmt":"2020-02-05T15:27:39","guid":{"rendered":"https:\/\/websites.fraunhofer.de\/dta\/?page_id=756"},"modified":"2020-03-26T10:15:00","modified_gmt":"2020-03-26T10:15:00","slug":"erintkezes","status":"publish","type":"page","link":"https:\/\/websites.fraunhofer.de\/dta\/?page_id=756&lang=hu","title":{"rendered":"Kapcsolat"},"content":{"rendered":"\n<h5>K\u00d6SZ\u00d6NJ\u00dcK SZ\u00c9PEN AZ \u00c9RDEKL\u0150D\u00c9ST!<\/h5>\n<figure class=\"wp-block-image\" id=\"kontakt_image\"><img loading=\"lazy\" decoding=\"async\" width=\"698\" height=\"524\" src=\"https:\/\/websites.fraunhofer.de\/dta\/wp-content\/uploads\/2019\/11\/ptz-698x524.jpg\" alt=\"\" class=\"wp-image-21\" srcset=\"https:\/\/websites.fraunhofer.de\/dta\/wp-content\/uploads\/2019\/11\/ptz-698x524.jpg 698w, https:\/\/websites.fraunhofer.de\/dta\/wp-content\/uploads\/2019\/11\/ptz-400x300.jpg 400w, https:\/\/websites.fraunhofer.de\/dta\/wp-content\/uploads\/2019\/11\/ptz.jpg 700w\" sizes=\"auto, (max-width: 698px) 100vw, 698px\" \/><\/figure>\n<div id=\"kontakt_info\">          \n<h6><strong>Fraunhofer-Institut f\u00fcr Produktionsanlagen und Konstruktionstechnik<\/strong><\/h6> \n\n<p>Pascalstra\u00dfe 8-9<br>\n   10587 Berlin<br>\n   N\u00e9metorsz\u00e1g<\/p>\n<p>Telefon: +49 30 39006-0<br>\n   Fax: +49 30 391 1037<br>\n   dta@ipk.fraunhofer.de<\/p>\n<\/div>\n","protected":false},"excerpt":{"rendered":"<p>K\u00d6SZ\u00d6NJ\u00dcK SZ\u00c9PEN AZ \u00c9RDEKL\u0150D\u00c9ST! Fraunhofer-Institut f\u00fcr Produktionsanlagen und Konstruktionstechnik Pascalstra\u00dfe 8-9 10587 Berlin N\u00e9metorsz\u00e1g Telefon: +49 30 39006-0 Fax: +49 30 391 1037 dta@ipk.fraunhofer.de<\/p>\n","protected":false},"author":3,"featured_media":0,"parent":0,"menu_order":0,"comment_status":"closed","ping_status":"closed","template":"","meta":{"footnotes":""},"coauthors":[2],"class_list":["post-756","page","type-page","status-publish","hentry"],"_links":{"self":[{"href":"https:\/\/websites.fraunhofer.de\/dta\/index.php?rest_route=\/wp\/v2\/pages\/756","targetHints":{"allow":["GET"]}}],"collection":[{"href":"https:\/\/websites.fraunhofer.de\/dta\/index.php?rest_route=\/wp\/v2\/pages"}],"about":[{"href":"https:\/\/websites.fraunhofer.de\/dta\/index.php?rest_route=\/wp\/v2\/types\/page"}],"author":[{"embeddable":true,"href":"https:\/\/websites.fraunhofer.de\/dta\/index.php?rest_route=\/wp\/v2\/users\/3"}],"replies":[{"embeddable":true,"href":"https:\/\/websites.fraunhofer.de\/dta\/index.php?rest_route=%2Fwp%2Fv2%2Fcomments&post=756"}],"version-history":[{"count":6,"href":"https:\/\/websites.fraunhofer.de\/dta\/index.php?rest_route=\/wp\/v2\/pages\/756\/revisions"}],"predecessor-version":[{"id":949,"href":"https:\/\/websites.fraunhofer.de\/dta\/index.php?rest_route=\/wp\/v2\/pages\/756\/revisions\/949"}],"wp:attachment":[{"href":"https:\/\/websites.fraunhofer.de\/dta\/index.php?rest_route=%2Fwp%2Fv2%2Fmedia&parent=756"}],"wp:term":[{"taxonomy":"author","embeddable":true,"href":"https:\/\/websites.fraunhofer.de\/dta\/index.php?rest_route=%2Fwp%2Fv2%2Fcoauthors&post=756"}],"curies":[{"name":"wp","href":"https:\/\/api.w.org\/{rel}","templated":true}]}}