{"id":751,"date":"2020-02-05T15:20:42","date_gmt":"2020-02-05T15:20:42","guid":{"rendered":"https:\/\/websites.fraunhofer.de\/dta\/?page_id=751"},"modified":"2020-02-05T15:20:42","modified_gmt":"2020-02-05T15:20:42","slug":"ki-all-e-moegoett","status":"publish","type":"page","link":"https:\/\/websites.fraunhofer.de\/dta\/?page_id=751&lang=hu","title":{"rendered":"Ki \u00e1ll e m\u00f6g\u00f6tt?"},"content":{"rendered":"\n<div id=\"WASSTECKTDAHINTER\">     \n<div>\n<div>\n<p>A tanulm\u00e1nyt a Fraunhofer T\u00e1rsas\u00e1g berlini Termel\u00e9si Rendszerek \u00e9s Technol\u00f3giatervez\u00e9si Int\u00e9zete (IPK) k\u00e9sz\u00edtette. Az int\u00e9zet sz\u00e9les k\u00f6rben ny\u00fajt implement\u00e1ci\u00f3s t\u00e1mogat\u00e1st is, \u00edgy c\u00e9lul t\u0171zhette ki a digit\u00e1lis transzform\u00e1ci\u00f3 jelenlegi helyzet\u00e9nek nemzetk\u00f6zi \u00f6sszef\u00fcgg\u00e9sben val\u00f3 megismer\u00e9s\u00e9t is. Partnereik k\u00f6z\u00f6tt szerepelnek a k\u00f6vetkez\u0151 szervezetek, kezdem\u00e9nyez\u00e9sek \u00e9s h\u00e1l\u00f3zatok:<\/p>\n<div>\n<\/div>\n<\/div>  \n<\/div>   \n<\/div>\n\n\n\n<figure class=\"wp-block-image size-large\" id=\"partners\"><img decoding=\"async\" src=\"https:\/\/websites.fraunhofer.de\/dta\/wp-content\/uploads\/2020\/01\/logo-banner-1.png\" alt=\"\"><\/figure>\n","protected":false},"excerpt":{"rendered":"<p>A tanulm\u00e1nyt a Fraunhofer T\u00e1rsas\u00e1g berlini Termel\u00e9si Rendszerek \u00e9s Technol\u00f3giatervez\u00e9si Int\u00e9zete (IPK) k\u00e9sz\u00edtette. Az int\u00e9zet sz\u00e9les k\u00f6rben ny\u00fajt implement\u00e1ci\u00f3s t\u00e1mogat\u00e1st is, \u00edgy c\u00e9lul t\u0171zhette ki a digit\u00e1lis transzform\u00e1ci\u00f3 jelenlegi helyzet\u00e9nek nemzetk\u00f6zi \u00f6sszef\u00fcgg\u00e9sben val\u00f3 megismer\u00e9s\u00e9t is. Partnereik k\u00f6z\u00f6tt szerepelnek a k\u00f6vetkez\u0151&#8230;<\/p>\n","protected":false},"author":3,"featured_media":0,"parent":0,"menu_order":0,"comment_status":"closed","ping_status":"closed","template":"","meta":{"footnotes":""},"coauthors":[2],"class_list":["post-751","page","type-page","status-publish","hentry"],"_links":{"self":[{"href":"https:\/\/websites.fraunhofer.de\/dta\/index.php?rest_route=\/wp\/v2\/pages\/751","targetHints":{"allow":["GET"]}}],"collection":[{"href":"https:\/\/websites.fraunhofer.de\/dta\/index.php?rest_route=\/wp\/v2\/pages"}],"about":[{"href":"https:\/\/websites.fraunhofer.de\/dta\/index.php?rest_route=\/wp\/v2\/types\/page"}],"author":[{"embeddable":true,"href":"https:\/\/websites.fraunhofer.de\/dta\/index.php?rest_route=\/wp\/v2\/users\/3"}],"replies":[{"embeddable":true,"href":"https:\/\/websites.fraunhofer.de\/dta\/index.php?rest_route=%2Fwp%2Fv2%2Fcomments&post=751"}],"version-history":[{"count":1,"href":"https:\/\/websites.fraunhofer.de\/dta\/index.php?rest_route=\/wp\/v2\/pages\/751\/revisions"}],"predecessor-version":[{"id":752,"href":"https:\/\/websites.fraunhofer.de\/dta\/index.php?rest_route=\/wp\/v2\/pages\/751\/revisions\/752"}],"wp:attachment":[{"href":"https:\/\/websites.fraunhofer.de\/dta\/index.php?rest_route=%2Fwp%2Fv2%2Fmedia&parent=751"}],"wp:term":[{"taxonomy":"author","embeddable":true,"href":"https:\/\/websites.fraunhofer.de\/dta\/index.php?rest_route=%2Fwp%2Fv2%2Fcoauthors&post=751"}],"curies":[{"name":"wp","href":"https:\/\/api.w.org\/{rel}","templated":true}]}}