{"id":749,"date":"2020-02-05T15:19:09","date_gmt":"2020-02-05T15:19:09","guid":{"rendered":"https:\/\/websites.fraunhofer.de\/dta\/?page_id=749"},"modified":"2020-03-31T13:49:33","modified_gmt":"2020-03-31T13:49:33","slug":"dimenzioi","status":"publish","type":"page","link":"https:\/\/websites.fraunhofer.de\/dta\/?page_id=749&lang=hu","title":{"rendered":"DIMENZI\u00d3k"},"content":{"rendered":"\n<h5>DIGIT\u00c1LIS POZ\u00cdCI\u00d3JA MEGHAT\u00c1ROZ\u00c1S\u00c1NAK DIMENZI\u00d3I<\/h5>\n      \n       <p>Tudja meg, hogy v\u00e1llalata a digit\u00e1lis \u00e1talakul\u00e1s mely ter\u00fcletein szorul m\u00e9g fejleszt\u00e9sre, illetve mely ter\u00fcleteken kiemelked\u0151 az eddigi teljes\u00edtm\u00e9nye. Ehhez k\u00fcl\u00f6nf\u00e9le k\u00e9rd\u00e9seket fog kapni a k\u00f6vetkez\u0151 h\u00e9t t\u00e9mak\u00f6rben:\n<\/p>\n<ul>\n<li>Strat\u00e9gia<\/li>\n<li>Vezet\u00e9s \u00e9s v\u00e1llalati kult\u00fara<\/li>\n<li>Szervezet \u00e9s folyamatok<\/li>\n<li>Alkalmazottak \u00e9s kompetenci\u00e1k<\/li>\n<li>Technol\u00f3gia<\/li>\n<li>Term\u00e9kek \u00e9s szolg\u00e1ltat\u00e1sok<\/li>\n<li>Ell\u00e1t\u00e1si l\u00e1nc \u00e9s h\u00e1l\u00f3zat<\/li>\n<\/ul>\n<row>       \n<figure class=\"wp-block-image\" id=\"imgdimensionen\"><img decoding=\"async\" src=\"https:\/\/websites.fraunhofer.de\/dta\/wp-content\/uploads\/2020\/03\/dta_banner_por.png\" alt=\"\" class=\"wp-image-185\"><\/figure>\n<div id=\"Dimensionen-info\">     \n\n<\/div>\n\n<\/row>\n\n\n\n<row id=\"Dimensionen-info1\">\n<h5>ELEMZ\u00c9S<\/h5>\n<p>A k\u00e9rd\u0151\u00edv kit\u00f6lt\u00e9se ut\u00e1n online fogja megkapni a v\u00e1llalatspecifikus \u00e9rt\u00e9kel\u00e9s\u00e9t. Az eredm\u00e9nyek \u00e1ltal megtudhatja, hol tart \u00e9ppen a teljes digit\u00e1lis \u00e1talakul\u00e1shoz vezet\u0151 \u00faton. \u00cdgy azonos\u00edtani tudja azokat a f\u0151 pontokat, amelyek k\u00fcl\u00f6n\u00f6sen fontosak az \u00d6n v\u00e1llalata digit\u00e1lis \u00e9letk\u00e9pess\u00e9g\u00e9nek szempontj\u00e1b\u00f3l.<\/p>\n<p>Tov\u00e1bb\u00e1, a k\u00e9p m\u00e9g teljesebb\u00e9 t\u00e9tele \u00e9rdek\u00e9ben lehet\u0151s\u00e9ge ny\u00edlik egy benchmarking szolg\u00e1ltat\u00e1sra regisztr\u00e1lni az \u00e9rt\u00e9kel\u00e9s befejez\u00e9se ut\u00e1n. Ez seg\u00edtheti \u00d6nt az \u00e1gazati versenyt\u00e1rsaihoz val\u00f3 viszony\u00edt\u00e1sban. Tekintve, hogy a felm\u00e9r\u00e9s glob\u00e1lis szinten zajlik, olyan \u00e9rt\u00e9kel\u00e9seket fog kapni, melyek t\u00fckr\u00f6zik az \u00d6n helyzet\u00e9t nemzetk\u00f6zi \u00f6sszehasonl\u00edt\u00e1sban is. <\/p>\n<\/row>\n","protected":false},"excerpt":{"rendered":"<p>DIGIT\u00c1LIS POZ\u00cdCI\u00d3JA MEGHAT\u00c1ROZ\u00c1S\u00c1NAK DIMENZI\u00d3I Tudja meg, hogy v\u00e1llalata a digit\u00e1lis \u00e1talakul\u00e1s mely ter\u00fcletein szorul m\u00e9g fejleszt\u00e9sre, illetve mely ter\u00fcleteken kiemelked\u0151 az eddigi teljes\u00edtm\u00e9nye. Ehhez k\u00fcl\u00f6nf\u00e9le k\u00e9rd\u00e9seket fog kapni a k\u00f6vetkez\u0151 h\u00e9t t\u00e9mak\u00f6rben: Strat\u00e9gia Vezet\u00e9s \u00e9s v\u00e1llalati kult\u00fara Szervezet \u00e9s folyamatok&#8230;<\/p>\n","protected":false},"author":3,"featured_media":0,"parent":0,"menu_order":0,"comment_status":"closed","ping_status":"closed","template":"","meta":{"footnotes":""},"coauthors":[2],"class_list":["post-749","page","type-page","status-publish","hentry"],"_links":{"self":[{"href":"https:\/\/websites.fraunhofer.de\/dta\/index.php?rest_route=\/wp\/v2\/pages\/749","targetHints":{"allow":["GET"]}}],"collection":[{"href":"https:\/\/websites.fraunhofer.de\/dta\/index.php?rest_route=\/wp\/v2\/pages"}],"about":[{"href":"https:\/\/websites.fraunhofer.de\/dta\/index.php?rest_route=\/wp\/v2\/types\/page"}],"author":[{"embeddable":true,"href":"https:\/\/websites.fraunhofer.de\/dta\/index.php?rest_route=\/wp\/v2\/users\/3"}],"replies":[{"embeddable":true,"href":"https:\/\/websites.fraunhofer.de\/dta\/index.php?rest_route=%2Fwp%2Fv2%2Fcomments&post=749"}],"version-history":[{"count":9,"href":"https:\/\/websites.fraunhofer.de\/dta\/index.php?rest_route=\/wp\/v2\/pages\/749\/revisions"}],"predecessor-version":[{"id":977,"href":"https:\/\/websites.fraunhofer.de\/dta\/index.php?rest_route=\/wp\/v2\/pages\/749\/revisions\/977"}],"wp:attachment":[{"href":"https:\/\/websites.fraunhofer.de\/dta\/index.php?rest_route=%2Fwp%2Fv2%2Fmedia&parent=749"}],"wp:term":[{"taxonomy":"author","embeddable":true,"href":"https:\/\/websites.fraunhofer.de\/dta\/index.php?rest_route=%2Fwp%2Fv2%2Fcoauthors&post=749"}],"curies":[{"name":"wp","href":"https:\/\/api.w.org\/{rel}","templated":true}]}}