{"id":1027,"date":"2020-04-19T11:27:08","date_gmt":"2020-04-19T11:27:08","guid":{"rendered":"https:\/\/websites.fraunhofer.de\/dta\/?page_id=1027"},"modified":"2024-05-13T15:14:25","modified_gmt":"2024-05-13T15:14:25","slug":"%e7%83%99%e5%8d%b0","status":"publish","type":"page","link":"https:\/\/websites.fraunhofer.de\/dta\/?page_id=1027&lang=zh","title":{"rendered":"\u9690\u79c1"},"content":{"rendered":"\n<p>\u5b8c\u6210\u8bc4\u4f30\u548c\u53c2\u4e0e\u7814\u7a76\u662f\u514d\u8d39\u7684\u3002\u5728\u8c03\u67e5\u8fc7\u7a0b\u4e2d\uff0c\u5c06\u8981\u6c42\u60a8\u52fe\u9009\u4e00\u4e2a\u6846\uff0c\u4ee5\u4fbf\u540c\u610f\u5904\u7406\u60a8\u7684\u6570\u636e\u3002\u60a8\u901a\u8fc7\u7f51\u7ad9\u63d0\u4f9b\u7684\u4fe1\u606f\u5c06\u533f\u540d\u4fdd\u5bc6\u5730\u5904\u7406\u3002\u60a8\u63d0\u4f9b\u7684\u6570\u636e\u5c06\u5b58\u50a8\u5728\u5fb7\u56fd\u5f17\u52b3\u6069\u970d\u592b\u751f\u7814\u7a76\u6240 (Fraunhofer-Gesellschaft)\u7684\u670d\u52a1\u5668\u4e0a\uff0c\u5e76\u4e13\u95e8\u7528\u4e8e\u7edf\u8ba1\u76ee\u7684\u3002\u7814\u7a76\u7ed3\u679c\u5c06\u7528\u4e8e\u79d1\u5b66\u76ee\u7684\u548c\u51fa\u7248\u62a5\u544a\u3002\u4e3a\u6b64\uff0c\u53c2\u4e0e\u516c\u53f8\u7684\u5e73\u5747\u503c\u4e5f\u4ee5\u533f\u540d\u5f62\u5f0f\u4f7f\u7528\uff08\u4f8b\u5982\u884c\u4e1a\uff0c\u5730\u533a\uff0c\u89c4\u6a21\u7c7b\u522b\u6bd4\u8f83\uff09\u3002\n\u5982\u679c\u60a8\u5bf9\u6570\u636e\u6709\u4efb\u4f55\u95ee\u9898\u6216\u610f\u89c1\uff0c\u8bf7\u8054\u7cfb\u53c2\u4e0e\u7814\u7a76\u7684\u5408\u4f5c\u4f19\u4f34\u3002\u6211\u4eec\u5f88\u4e50\u610f\u652f\u6301\u60a8\uff01\n<\/p>\n\n<p>Fraunhofer-Institut f\u00fcr Produktionsanlagen und Konstruktionstechnik IPK<\/p>\n\n\n<p>Pascalstra\u00dfe 8-9, 10587 Berlin<\/p>\n\n\n<p>has no separate legal status and is a constituent entity of<\/p>\n\n<p>Fraunhofer-Gesellschaft<br>\nzur F\u00f6rderung der angewandten Forschung e.V.<br>\nHansastra\u00dfe 27 c<br>\n80686 Munich, Germany<\/p>\n\n<p><a href=\"https:\/\/www.fraunhofer.de\/\">www.fraunhofer.de<\/a><br>\nE-Mail:&nbsp;info(at)zv.fraunhofer.de<\/p>\n\n<h2>VAT Identification Number in accordance with \u00a727a VAT Tax Act<\/h2>\n\n<p>DE 129515865<\/p>\n\n<h2>Court of jurisdiction<\/h2>\n\n<p>Amtsgericht M\u00fcnchen (district court)<br>\nRegistered nonprofit association<br>\nRegistration no. VR 4461<\/p>\n\n<h2>Responsible editor with regard to media law:<\/h2>\n\n<p>Dr.-Ing. Ronald Orth<br>\nHead of Business Excellence Department<br>\nFraunhofer Institute for Production Systems and Design Technology<br>\nPascalstra\u00dfe 8-9<br>\n10587 Berlin, Germany<br>\nContact Online Editors&nbsp;<a href=\"mailto:ronald.orth@ipk.fraunhofer.de\" rel=\"noopener noreferrer\" target=\"_blank\">Send email<\/a><\/p>\n\n<h2>Executive Board<\/h2>\n\n<p>Prof. Holger Hanselka | President<br>\nProf. Axel M\u00fcller-Groeling | Member of the executive board<br>\nElisabeth Ewen | Member of the executive board<br>\nDr. Sandra Krey | Member of the executive board<\/p>\n\n<h2>Usage Rights<\/h2>\n\n<p>Copyright \u00a9 by<br>\nFraunhofer-Gesellschaft<br>\nHansastra\u00dfe 27 c 80686 M\u00fcnchen<\/p>\n\n<p>All rights reserved.<br>\nAll copyright for this Web site is owned in full by the Fraunhofer-Gesellschaft.<\/p>\n\n<p>Images may be used for editorial purpose only. There is no charge for its use, provided the source reference is given.<\/p>\n\n<p>Graphical alterations to the photo &#8211; except for highlighting the main motif &#8211; are not permitted.<\/p>\n\n<p>It is hereby expressly permitted &#8211; in accordance with the following restrictions &#8211; to copy, print, and distribute these Web pages as well as the attached documents.<\/p>\n\n<p>The Web pages and documents provided herein may only be used for informational purposes. These Web pages and documents may not be used for commercial purposes. Each copy (this also applies to excerpts) must include the above mentioned proof of copyright.<\/p>\n\n<h2>Disclaimer<\/h2>\n\n<p>We cannot assume any liability for the content of external pages. Solely the operators of those linked pages are responsible for their content.<\/p>\n\n<p>The Fraunhofer-Gesellschaft makes every reasonable effort to ensure that the content of this Web site is kept up to date, and that it is accurate and complete. Nevertheless, the possibility of errors cannot be entirely ruled out. The Fraunhofer-Gesellschaft does not give any warranty in respect of the timeliness, accuracy or completeness of material published on this Web site, and disclaim all liability for (material or non-material) loss or damage incurred by third parties arising from the use of content obtained from the Web site.<\/p>\n\n<p>Registered trademarks and proprietary names, and copyrighted text and images, are not generally indicated as such on our Web pages. But the absence of such indications in no way implies that these names, images or text belong to the public domain in the context of trademark or copyright law.<\/p>\n","protected":false},"excerpt":{"rendered":"<p>\u5b8c\u6210\u8bc4\u4f30\u548c\u53c2\u4e0e\u7814\u7a76\u662f\u514d\u8d39\u7684\u3002\u5728\u8c03\u67e5\u8fc7\u7a0b\u4e2d\uff0c\u5c06\u8981\u6c42\u60a8\u52fe\u9009\u4e00\u4e2a\u6846\uff0c\u4ee5\u4fbf\u540c\u610f\u5904\u7406\u60a8\u7684\u6570\u636e\u3002\u60a8\u901a\u8fc7\u7f51\u7ad9\u63d0\u4f9b\u7684\u4fe1\u606f\u5c06\u533f\u540d\u4fdd\u5bc6\u5730\u5904\u7406\u3002\u60a8\u63d0\u4f9b\u7684\u6570\u636e\u5c06\u5b58\u50a8\u5728\u5fb7\u56fd\u5f17\u52b3\u6069\u970d\u592b\u751f\u7814\u7a76\u6240 (Fraunhofer-Gesellschaft)\u7684\u670d\u52a1\u5668\u4e0a\uff0c\u5e76\u4e13\u95e8\u7528\u4e8e\u7edf\u8ba1\u76ee\u7684\u3002\u7814\u7a76\u7ed3\u679c\u5c06\u7528\u4e8e\u79d1\u5b66\u76ee\u7684\u548c\u51fa\u7248\u62a5\u544a\u3002\u4e3a\u6b64\uff0c\u53c2\u4e0e\u516c\u53f8\u7684\u5e73\u5747\u503c\u4e5f\u4ee5\u533f\u540d\u5f62\u5f0f\u4f7f\u7528\uff08\u4f8b\u5982\u884c\u4e1a\uff0c\u5730\u533a\uff0c\u89c4\u6a21\u7c7b\u522b\u6bd4\u8f83\uff09\u3002 \u5982\u679c\u60a8\u5bf9\u6570\u636e\u6709\u4efb\u4f55\u95ee\u9898\u6216\u610f\u89c1\uff0c\u8bf7\u8054\u7cfb\u53c2\u4e0e\u7814\u7a76\u7684\u5408\u4f5c\u4f19\u4f34\u3002\u6211\u4eec\u5f88\u4e50\u610f\u652f\u6301\u60a8\uff01 Fraunhofer-Institut f\u00fcr Produktionsanlagen und Konstruktionstechnik IPK Pascalstra\u00dfe 8-9, 10587 Berlin has no separate legal status and is a constituent entity of Fraunhofer-Gesellschaft zur F\u00f6rderung der angewandten Forschung e.V. Hansastra\u00dfe 27 c 80686 Munich, Germany www.fraunhofer.de E-Mail:&nbsp;info(at)zv.fraunhofer.de VAT&#8230;<\/p>\n","protected":false},"author":3,"featured_media":0,"parent":0,"menu_order":0,"comment_status":"closed","ping_status":"closed","template":"","meta":{"footnotes":""},"coauthors":[2],"class_list":["post-1027","page","type-page","status-publish","hentry"],"_links":{"self":[{"href":"https:\/\/websites.fraunhofer.de\/dta\/index.php?rest_route=\/wp\/v2\/pages\/1027","targetHints":{"allow":["GET"]}}],"collection":[{"href":"https:\/\/websites.fraunhofer.de\/dta\/index.php?rest_route=\/wp\/v2\/pages"}],"about":[{"href":"https:\/\/websites.fraunhofer.de\/dta\/index.php?rest_route=\/wp\/v2\/types\/page"}],"author":[{"embeddable":true,"href":"https:\/\/websites.fraunhofer.de\/dta\/index.php?rest_route=\/wp\/v2\/users\/3"}],"replies":[{"embeddable":true,"href":"https:\/\/websites.fraunhofer.de\/dta\/index.php?rest_route=%2Fwp%2Fv2%2Fcomments&post=1027"}],"version-history":[{"count":7,"href":"https:\/\/websites.fraunhofer.de\/dta\/index.php?rest_route=\/wp\/v2\/pages\/1027\/revisions"}],"predecessor-version":[{"id":1105,"href":"https:\/\/websites.fraunhofer.de\/dta\/index.php?rest_route=\/wp\/v2\/pages\/1027\/revisions\/1105"}],"wp:attachment":[{"href":"https:\/\/websites.fraunhofer.de\/dta\/index.php?rest_route=%2Fwp%2Fv2%2Fmedia&parent=1027"}],"wp:term":[{"taxonomy":"author","embeddable":true,"href":"https:\/\/websites.fraunhofer.de\/dta\/index.php?rest_route=%2Fwp%2Fv2%2Fcoauthors&post=1027"}],"curies":[{"name":"wp","href":"https:\/\/api.w.org\/{rel}","templated":true}]}}