{"id":24782,"date":"2018-07-02T16:46:57","date_gmt":"2018-07-02T14:46:57","guid":{"rendered":"https:\/\/websites.fraunhofer.de\/bsync\/?page_id=24782"},"modified":"2021-06-23T09:17:21","modified_gmt":"2021-06-23T07:17:21","slug":"impressum","status":"publish","type":"page","link":"https:\/\/websites.fraunhofer.de\/bsync\/impressum\/","title":{"rendered":"Impressum"},"content":{"rendered":"<p>[et_pb_section fb_built=&#8220;1&#8243; _builder_version=&#8220;3.0.47&#8243;][et_pb_row _builder_version=&#8220;3.0.48&#8243; background_size=&#8220;initial&#8220; background_position=&#8220;top_left&#8220; background_repeat=&#8220;repeat&#8220;][et_pb_column type=&#8220;1_4&#8243; _builder_version=&#8220;3.0.47&#8243; parallax=&#8220;off&#8220; parallax_method=&#8220;on&#8220;][\/et_pb_column][et_pb_column type=&#8220;1_2&#8243; _builder_version=&#8220;3.0.47&#8243; parallax=&#8220;off&#8220; parallax_method=&#8220;on&#8220;][et_pb_text _builder_version=&#8220;3.9&#8243;]<\/p>\n<h1>Impressum<\/h1>\n<h2>Verantwortlich f\u00fcr den Internet-Auftritt<\/h2>\n<p>Dr. Leif Oppermann<br \/>\nFraunhofer FIT<br \/>\nSchloss Birlinghoven<br \/>\n53757 Sankt Augustin<\/p>\n<h2>Kontakt<\/h2>\n<p>Tel.: 02241 14-3799<br \/>\nMail:\u00a0<a href=\"mailto:leif.oppermann@fit.fraunhofer.de\">leif.oppermann@fit.fraunhofer.de<\/a><\/p>\n<p><a href=\"https:\/\/www.fit.fraunhofer.de\/mars\">https:\/\/www.fit.fraunhofer.de\/mars<\/a><\/p>\n<h2>Copyright<\/h2>\n<p>F\u00fcr diese Internet-Seiten des Fraunhofer FIT liegen Copyright und alle weiteren Rechte bei Fraunhofer FIT. Die Weiterverbreitung, auch in Ausz\u00fcgen ist ohne ausdr\u00fcckliche Zustimmung des Rechteinhabers nicht gestattet.<\/p>\n<p>Impressum <a href=\"https:\/\/www.fit.fraunhofer.de\/de\/impressum.html\">Fraunhofer FIT<\/a><\/p>\n<h2>Haftungsausschluss<\/h2>\n<h3>Inhalt der eigenen Seiten<\/h3>\n<p>Wir haben die Internet-Seiten sorgf\u00e4ltig zusammengestellt. Allerdings \u00fcbernehmen wir keine Gew\u00e4hr oder Haftung f\u00fcr die Aktualit\u00e4t, Vollst\u00e4ndigkeit und Richtigkeit der angebotenen Informationen.<\/p>\n<h3>Links auf externe Web-Seiten<\/h3>\n<p>Diese Internet-Seiten enthalten Links auf die Web-Seiten Dritter. Diese Links auf die Web-Seiten Dritter stellen keine Zustimmung zu deren Inhalt dar. Fraunhofer FIT hat keinen Einfluss auf die aktuelle oder zuk\u00fcnftige Gestaltung dieser Seiten. Wir \u00fcbernehmen daher keine Haftung f\u00fcr die Verf\u00fcgbarkeit oder den Inhalt solcher Web-Seiten und keine Haftung f\u00fcr Sch\u00e4den, die aus der Nutzung solcher Inhalte entstehen.<\/p>\n<p>[\/et_pb_text][\/et_pb_column][et_pb_column type=&#8220;1_4&#8243; _builder_version=&#8220;3.0.47&#8243; parallax=&#8220;off&#8220; parallax_method=&#8220;on&#8220;][\/et_pb_column][\/et_pb_row][\/et_pb_section]<\/p>\n","protected":false},"excerpt":{"rendered":"<p>Impressum Verantwortlich f\u00fcr den Internet-Auftritt Dr. Leif Oppermann Fraunhofer FIT Schloss Birlinghoven 53757 Sankt Augustin Kontakt Tel.: 02241 14-3799 Mail:\u00a0leif.oppermann@fit.fraunhofer.de https:\/\/www.fit.fraunhofer.de\/mars Copyright F\u00fcr diese Internet-Seiten des Fraunhofer FIT liegen Copyright und alle weiteren Rechte bei Fraunhofer FIT. Die Weiterverbreitung, auch in Ausz\u00fcgen ist ohne ausdr\u00fcckliche Zustimmung des Rechteinhabers nicht gestattet. Impressum Fraunhofer FIT Haftungsausschluss Inhalt [&hellip;]<\/p>\n","protected":false},"author":4,"featured_media":0,"parent":0,"menu_order":0,"comment_status":"closed","ping_status":"closed","template":"","meta":{"_et_pb_use_builder":"on","_et_pb_old_content":"","_et_gb_content_width":"","footnotes":""},"class_list":["post-24782","page","type-page","status-publish","hentry"],"_links":{"self":[{"href":"https:\/\/websites.fraunhofer.de\/bsync\/wp-json\/wp\/v2\/pages\/24782","targetHints":{"allow":["GET"]}}],"collection":[{"href":"https:\/\/websites.fraunhofer.de\/bsync\/wp-json\/wp\/v2\/pages"}],"about":[{"href":"https:\/\/websites.fraunhofer.de\/bsync\/wp-json\/wp\/v2\/types\/page"}],"author":[{"embeddable":true,"href":"https:\/\/websites.fraunhofer.de\/bsync\/wp-json\/wp\/v2\/users\/4"}],"replies":[{"embeddable":true,"href":"https:\/\/websites.fraunhofer.de\/bsync\/wp-json\/wp\/v2\/comments?post=24782"}],"version-history":[{"count":10,"href":"https:\/\/websites.fraunhofer.de\/bsync\/wp-json\/wp\/v2\/pages\/24782\/revisions"}],"predecessor-version":[{"id":24857,"href":"https:\/\/websites.fraunhofer.de\/bsync\/wp-json\/wp\/v2\/pages\/24782\/revisions\/24857"}],"wp:attachment":[{"href":"https:\/\/websites.fraunhofer.de\/bsync\/wp-json\/wp\/v2\/media?parent=24782"}],"curies":[{"name":"wp","href":"https:\/\/api.w.org\/{rel}","templated":true}]}}