{"id":3,"date":"2021-01-12T11:05:37","date_gmt":"2021-01-12T10:05:37","guid":{"rendered":"https:\/\/websites.fraunhofer.de\/aroundrobots\/?page_id=3"},"modified":"2021-03-16T11:29:48","modified_gmt":"2021-03-16T10:29:48","slug":"datenschutzerklaerung","status":"publish","type":"page","link":"https:\/\/websites.fraunhofer.de\/aroundrobots\/?page_id=3","title":{"rendered":"Datenschutzerkl\u00e4rung"},"content":{"rendered":"\n<p>Im Rahmen der Nutzung dieser Website werden personenbezogene Daten von Ihnen durch uns als den f\u00fcr die Datenverarbeitung Verantwortlichen verarbeitet und f\u00fcr die Dauer gespeichert, die zur Erf\u00fcllung der festgelegten Zwecke und gesetzlicher Verpflichtungen erforderlich ist. Im Folgenden informieren wir Sie dar\u00fcber, um welche Daten es sich dabei handelt, auf welche Weise sie verarbeitet werden und welche Rechte Ihnen diesbez\u00fcglich zustehen.<\/p>\n\n\n\n<p>Personenbezogene Daten sind gem\u00e4\u00df Art. 4 Nr. 1 Datenschutzgrundverordnung (DSGVO) alle Informationen, die sich auf eine identifizierte oder identifizierbare nat\u00fcrliche Person beziehen.<\/p>\n\n\n\n<h3 class=\"has-cyan-bluish-gray-color has-text-color wp-block-heading\">Name und Kontaktdaten des f\u00fcr die Verarbeitung Verantwortlichen sowie des betrieblichen Datenschutzbeauftragten<\/h3>\n\n\n\n<p>Diese Datenschutzinformation gilt f\u00fcr die Datenverarbeitung auf unserer Website <a rel=\"noreferrer noopener\" href=\"https:\/\/www.aroundrobots.de\/\" target=\"_blank\">https:\/\/www.aroundrobots.de<\/a>&nbsp;oder <a href=\"https:\/\/www.aroundrobots.com\/\" target=\"_blank\" rel=\"noreferrer noopener\">https:\/\/www.aroundrobots.com<\/a> durch den Verantwortlichen:<\/p>\n\n\n\n<p><strong>Fraunhofer-Gesellschaft<br>zur F\u00f6rderung der angewandten Forschung e.V.<\/strong><br>Hansastra\u00dfe 27 c<br>80686 M\u00fcnchen, Deutschland<\/p>\n\n\n\n<p>f\u00fcr ihr&nbsp;<strong>Fraunhofer-Institut f\u00fcr Fabrikbetrieb und -automatisierung IFF<\/strong><br>Sandtorstra\u00dfe 22<br>39106 Magdeburg, Deutschland<br>E-Mail ideen(at)iff.fraunhofer.de<br>Telefon +49 391 4090-0<br>Fax +49 391 4090-596<\/p>\n\n\n\n<p>(im Folgenden \u00bb<strong>Fraunhofer IFF<\/strong>\u00ab)<\/p>\n\n\n\n<p>Der Datenschutzbeauftragte von Fraunhofer ist unter der oben genannten Anschrift, zu H\u00e4nden Datenschutzbeauftragter, bzw. unter datenschutz(at)zv.fraunhofer.de erreichbar.<\/p>\n\n\n\n<p>Sie k\u00f6nnen sich jederzeit bei Fragen zum Datenschutzrecht oder Ihren Betroffenenrechten direkt an unseren Datenschutzbeauftragten wenden.<\/p>\n\n\n\n<h3 class=\"has-cyan-bluish-gray-color has-text-color wp-block-heading\">Verarbeitung personenbezogener Daten und Zwecke der Verarbeitung<\/h3>\n\n\n\n<h4 class=\"has-cyan-bluish-gray-color has-text-color wp-block-heading\"><strong>Beim Besuch der Website<\/strong><\/h4>\n\n\n\n<p>Sie k\u00f6nnen unsere Website&nbsp;<a rel=\"noreferrer noopener\" href=\"https:\/\/www.aroundrobots.de\" target=\"_blank\">https:\/\/www.aroundrobots.de<\/a>&nbsp;oder <a href=\"https:\/\/www.aroundrobots.com\/\" data-type=\"URL\" data-id=\"https:\/\/www.aroundrobots.com\/\" target=\"_blank\" rel=\"noreferrer noopener\">https:\/\/www.aroundrobots.com<\/a> aufrufen, ohne Angaben zu Ihrer Identit\u00e4t preisgeben zu m\u00fcssen. Der auf Ihrem Endger\u00e4t eingesetzte Browser sendet lediglich automatisch Informationen an den Server unserer Website (z.B. Browsertyp und -version, Datum und Uhrzeit des Zugriffs), um einen Verbindungsaufbau der Website zu erm\u00f6glichen. Hierzu geh\u00f6rt auch die IP-Adresse Ihres anfragenden Endger\u00e4tes. Diese wird tempor\u00e4r in einem sogenannten Logfile gespeichert und nach 4 Tagen automatisch gel\u00f6scht.<\/p>\n\n\n\n<p>Die Speicherung der IP-Adresse erfolgt anonymisiert, indem der letzte Zeichenblock entfernt wird.<\/p>\n\n\n\n<p>Die Verarbeitung der IP-Adresse erfolgt zu technischen und administrativen Zwecken des Verbindungsaufbaus und -stabilit\u00e4t, um die Sicherheit und Funktionsf\u00e4higkeit unserer Website zu gew\u00e4hrleisten und etwaige rechtswidrige Angriffe hierauf notfalls verfolgen zu k\u00f6nnen.<\/p>\n\n\n\n<p>Die Rechtsgrundlage f\u00fcr die Verarbeitung der IP-Adresse ist Art. 6 Abs. 1 S. 1 lit. f DSGVO. Unser berechtigtes Interesse folgt aus dem erw\u00e4hnten Sicherheitsinteresse und der Erforderlichkeit einer st\u00f6rungsfreien Bereitstellung unserer Website.<\/p>\n\n\n\n<p>Aus der Verarbeitung der IP-Adresse und anderer Information in dem Logfile k\u00f6nnen wir keine unmittelbaren R\u00fcckschl\u00fcsse auf Ihre Identit\u00e4t ziehen.<\/p>\n\n\n\n<p>Dar\u00fcber hinaus setzen wir beim Besuch unserer Website Cookies sowie Analysedienste ein. N\u00e4here Erl\u00e4uterungen dazu erhalten Sie unter den Ziffer 4 und 5 dieser Datenschutzerkl\u00e4rung.<\/p>\n\n\n\n<h4 class=\"has-cyan-bluish-gray-color has-text-color wp-block-heading\"><strong>Bei Nutzung von Kontaktformularen<\/strong><\/h4>\n\n\n\n<p>Wir bieten Ihnen die M\u00f6glichkeit, mit uns \u00fcber ein auf der Website bereitgestelltes Formular Kontakt aufzunehmen. Dabei erheben wir die folgenden Pflichtangaben:<\/p>\n\n\n\n<ul class=\"wp-block-list\"><li>E-Mail-Adresse<\/li><li>Vor- und Nachname<\/li><li>Ihre Nachricht<\/li><\/ul>\n\n\n\n<p>Ihre Daten ben\u00f6tigen wir, um festzustellen von wem die Anfrage stammt und um diese bearbeiten und beantworten zu k\u00f6nnen.<\/p>\n\n\n\n<p>Die Datenverarbeitung erfolgt auf Ihre Anfrage hin und ist im Rahmen der Beantwortung einer Kontaktanfrage auf unsere berechtigten Interessen gem. Art. 6 Abs. 1 S. 1 lit. f DSGVO gest\u00fctzt.<\/p>\n\n\n\n<p>Die f\u00fcr die Benutzung des Kontaktformulars von uns erhobenen personenbezogenen Daten werden nach Erledigung der von Ihnen gestellten Anfrage automatisch gel\u00f6scht.<\/p>\n\n\n\n<h3 class=\"has-cyan-bluish-gray-color has-text-color wp-block-heading\">Weitergabe von personenbezogenen Daten an Dritte<\/h3>\n\n\n\n<p>Sofern wir personenbezogene Daten, die wir \u00fcber die Website erheben, an Auftragsverarbeiter weitergeben, informieren wir Sie dar\u00fcber in einer Datenschutzinformation bei dem jeweiligen Datenverarbeitungsvorgang unter Nennung des konkreten Empf\u00e4ngers.<\/p>\n\n\n\n<p>Im \u00dcbrigen geben wir Ihre personenbezogenen Daten nur weiter, wenn:<\/p>\n\n\n\n<ul class=\"wp-block-list\"><li>Sie gem. Art. 6 Abs. 1 S. 1 lit. a DSGVO Ihre ausdr\u00fcckliche Einwilligung dazu erteilt haben,<\/li><li>dies gem. Art. 6 Abs. 1 S. 1 lit. b DSGVO f\u00fcr die Erf\u00fcllung eines Vertrages mit Ihnen erforderlich ist (zum Beispiel bei Weitergabe an Versandunternehmen zum Zwecke der Lieferung der von Ihnen bestellten Ware oder bei Weitergabe von Zahlungsdaten an Zahlungsdienstleister bzw. Kreditinstitute, um einen Zahlungsvorgang durchzuf\u00fchren),<\/li><li>f\u00fcr den Fall, dass f\u00fcr die Weitergabe nach Art. 6 Abs. 1 S. 1 lit. c DSGVO eine gesetzliche Verpflichtung besteht.<\/li><\/ul>\n\n\n\n<p>Die weitergegebenen Daten d\u00fcrfen von den Empf\u00e4ngern ausschlie\u00dflich zu den genannten Zwecken verwendet werden.<\/p>\n\n\n\n<h3 class=\"has-cyan-bluish-gray-color has-text-color wp-block-heading\">Cookies<\/h3>\n\n\n\n<p>Wir setzen auf unserer Website Cookies ein. Hierbei handelt es sich um kleine Dateien, die Ihr Browser automatisch erstellt und die auf Ihrem Endger\u00e4t (Laptop, Tablet, Smartphone o.\u00e4.) gespeichert werden, wenn Sie unsere Seite besuchen. Cookies richten auf Ihrem Endger\u00e4t keinen Schaden an, enthalten keine Viren, Trojaner oder sonstige Schadsoftware.<\/p>\n\n\n\n<p>In dem Cookie werden Informationen abgelegt, die sich jeweils im Zusammenhang mit dem spezifisch eingesetzten Endger\u00e4t ergeben. Dies bedeutet jedoch nicht, dass wir dadurch unmittelbar Kenntnis von Ihrer Identit\u00e4t erhalten.<\/p>\n\n\n\n<p>Der Einsatz von Cookies dient einerseits dazu, die Nutzung unseres Angebots f\u00fcr Sie angenehmer zu gestalten. So setzen wir z.B. sogenannte Session-Cookies ein, um eine Sitzungssteuerung zu erm\u00f6glichen oder um Formulareingaben oder Warenk\u00f6rbe w\u00e4hrend der Sitzung zu speichern. Session-Cookies werden sp\u00e4testens mit dem Schlie\u00dfen Ihres Webbrowsers gel\u00f6scht.<\/p>\n\n\n\n<p>Wir setzen Cookies ein, um die Nutzung unserer Website statistisch zu erfassen und zum Zwecke der Optimierung unseres Angebotes f\u00fcr Sie (siehe Ziffer 5). Diese Cookies erm\u00f6glichen es uns, bei einem erneuten Besuch unserer Seite automatisch zu erkennen, dass Sie bereits bei uns waren. Diese Cookies werden nach einer jeweils definierten Zeit automatisch gel\u00f6scht.<\/p>\n\n\n\n<p>Die durch Cookies verarbeiteten Daten sind f\u00fcr die genannten Zwecke zur Wahrung unserer berechtigten Interessen nach Art. 6 Abs. 1 S. 1 lit. f DSGVO erforderlich.<\/p>\n\n\n\n<p>Die meisten Browser akzeptieren Cookies automatisch. Sie k\u00f6nnen Ihren Browser jedoch so konfigurieren, dass keine Cookies auf Ihrem Computer gespeichert werden oder stets ein Hinweis erscheint, bevor ein neues Cookie angelegt wird. Die vollst\u00e4ndige Deaktivierung von Cookies kann jedoch dazu f\u00fchren, dass Sie nicht alle Funktionen unserer Website nutzen k\u00f6nnen.<\/p>\n\n\n\n<h3 class=\"has-cyan-bluish-gray-color has-text-color wp-block-heading\">Social-Media-Plugins<\/h3>\n\n\n\n<p>Wir setzen auf unserer Webseite sogenannte Social-Media-Buttons (auch Social-Media-Plugins) ein. Hierbei handelt es sich um kleine Schaltfl\u00e4chen mittels derer Sie Inhalte unserer Webseite in sozialen Netzwerken unter Ihrem Profil ver\u00f6ffentlichen k\u00f6nnen.<\/p>\n\n\n\n<p>Sofern Sie eine solche Schaltfl\u00e4che aktivieren, wird eine Verbindung zwischen unserer Webseite und dem sozialen Netzwerk hergestellt. Neben den betreffenden Inhalten, erh\u00e4lt der Betreiber des sozialen Netzwerkes weitere zum Teil personenbezogene Informationen. Dazu geh\u00f6rt etwa der Umstand, dass Sie gerade unsere Seite besuchen.<\/p>\n\n\n\n<p>Die Einbindung der Social-Media-Buttons erfolgt unter Einsatz der sogenannten Shariff-L\u00f6sung. Diese L\u00f6sung verhindert, dass bereits eine Verbindung zu einem sozialen Netzwerk aufgebaut wird, nur weil Sie eine Seite mit einem Social-Media-Button aufrufen, ohne diesen zu aktivieren. Das bedeutet, dass erst dann Informationen an das soziale Netzwerk \u00fcbermittelt werden, wenn Sie die Schaltfl\u00e4che aktivieren.<\/p>\n\n\n\n<p>Die folgenden Social-Media-Plugins setzen wir ein:<\/p>\n\n\n\n<h4 class=\"has-cyan-bluish-gray-color has-text-color wp-block-heading\">Facebook Ireland Limited: Teilen auf Facebook<\/h4>\n\n\n\n<p>Teilweise werden Informationen an die Muttergesellschaft Facebook Inc. mit Sitz in den USA \u00fcbermittelt. Diese beachtet die Datenschutzbestimmungen des \u00bbEU-U.S. Privacy Shield\u00ab und ist beim \u00bbEU-U.S. Privacy Shield\u00ab-Programm des U.S.-Handelsministeriums registriert.<\/p>\n\n\n\n<p>Zweck und Umfang der Datenerhebung und die weitere Verarbeitung und Nutzung der Daten durch Facebook sowie Ihre diesbez\u00fcglichen Rechte und Einstellungsm\u00f6glichkeiten zum Schutz Ihrer Privatsph\u00e4re entnehmen Sie bitte den&nbsp;<a href=\"https:\/\/www.facebook.com\/about\/privacy\/\" target=\"_blank\" rel=\"noreferrer noopener\">Datenschutzrichtlinien von Facebook<\/a>.<\/p>\n\n\n\n<h4 class=\"has-cyan-bluish-gray-color has-text-color wp-block-heading\"><strong>Twitter International Company: Teilen auf Twitter<\/strong><\/h4>\n\n\n\n<p>Teilweise werden Informationen an die Muttergesellschaft Twitter Inc. mit Sitz in den USA \u00fcbermittelt. Diese beachtet die Datenschutzbestimmungen des \u00bbEU-U.S. Privacy Shield\u00ab und ist beim \u00bbEU-U.S. Privacy Shield\u00ab-Programm des U.S.-Handelsministeriums registriert.<\/p>\n\n\n\n<p>Weitere Informationen zum Datenschutz bei Twitter finden Sie in den&nbsp;<a rel=\"noreferrer noopener\" href=\"https:\/\/twitter.com\/privacy\" target=\"_blank\">Datenschutzrichtlinien von Twitter<\/a>.<\/p>\n\n\n\n<h4 class=\"has-cyan-bluish-gray-color has-text-color wp-block-heading\"><strong>LinkedIn Corporation: Teilen auf LinkedIn<\/strong><\/h4>\n\n\n\n<p>Teilweise werden Informationen an die Muttergesellschaft LinkedIn Corporation mit Sitz in den USA \u00fcbermittelt. Diese beachtet die Datenschutzbestimmungen des \u00bbEU-U.S. Privacy Shield\u00ab und ist beim \u00bbEU-U.S. Privacy Shield\u00ab-Programm des U.S.-Handelsministeriums registriert.<\/p>\n\n\n\n<p>Weitere Informationen zum Datenschutz bei LinkedIn finden Sie in den&nbsp;<a href=\"https:\/\/www.linkedin.com\/legal\/privacy-policy\" target=\"_blank\" rel=\"noreferrer noopener\">Datenschutzrichtlinien von LinkedIn<\/a>.<\/p>\n\n\n\n<h3 class=\"has-cyan-bluish-gray-color has-text-color wp-block-heading\">YouTube<\/h3>\n\n\n\n<p>Wir setzen auf unseren Internetseiten Komponenten (Videos) des Unternehmens YouTube, LLC 901 Cherry Ave., 94066 San Bruno, CA, USA (Im Folgenden: \u00bbYouTube\u00ab), einem Unternehmen der Google Inc., Amphitheatre Parkway, Mountain View, CA 94043, USA (Im Folgenden: \u00bbGoogle\u00ab), ein. Die Implementierung erfolgt aufgrund von Art. 6 Abs. 1 S. 1 lit. f DSGVO, wobei unser Interesse in der reibungslosen Integration der Videos und der damit ansprechenden Gestaltung unserer Webseite liegt.<\/p>\n\n\n\n<p>Hierbei nutzen wir die von YouTube zur Verf\u00fcgung gestellte Option des \u00bberweiterten Datenschutzmodus\u00ab.<\/p>\n\n\n\n<p>Wenn Sie eine Seite aufrufen, die \u00fcber ein eingebettetes Video verf\u00fcgt, wird eine Verbindung zu den YouTube-Servern hergestellt und dabei der Inhalt durch Mitteilung an Ihren Browser auf der Internetseite dargestellt.<\/p>\n\n\n\n<p>Laut den Angaben von YouTube werden im \u00bberweiterten Datenschutzmodus\u00ab nur dann Ihre Daten \u2013 insbesondere welche unserer Internetseiten Sie besucht haben sowie ger\u00e4tespezifische Informationen inklusive der IP-Adresse \u2013 an den YouTube-Server in den USA \u00fcbermittelt, wenn Sie das Video anschauen.<\/p>\n\n\n\n<p>Sind Sie gleichzeitig bei YouTube eingeloggt, werden diese Informationen Ihrem Mitgliedskonto bei YouTube zugeordnet. Dies k\u00f6nnen Sie verhindern, indem Sie sich vor dem Besuch unserer Website von Ihrem Mitgliedskonto abmelden.<\/p>\n\n\n\n<p>Google beachtet die Datenschutzbestimmungen des \u00bbEU-U.S. Privacy Shield\u00ab und ist beim \u00bbEU-U.S. Privacy Shield\u00ab-Programm des U.S.-Handelsministeriums registriert.<\/p>\n\n\n\n<p>Weitere Informationen zum Datenschutz im Zusammenhang mit YouTube finden Sie in den&nbsp;<a href=\"https:\/\/policies.google.com\/privacy?hl=de&amp;gl=de\" target=\"_blank\" rel=\"noreferrer noopener\">Datenschutzrichtlinien von Google<\/a>.<\/p>\n\n\n\n<h3 class=\"has-cyan-bluish-gray-color has-text-color wp-block-heading\">Betroffenenrechte<\/h3>\n\n\n\n<p>Sie haben das Recht:<\/p>\n\n\n\n<ul class=\"wp-block-list\"><li>gem\u00e4\u00df Art. 7 Abs. 3 DSGVO Ihre einmal erteilte Einwilligung jederzeit gegen\u00fcber uns zu widerrufen. Dies hat zur Folge, dass wir die Datenverarbeitung, die auf dieser Einwilligung beruhte, f\u00fcr die Zukunft nicht mehr fortf\u00fchren d\u00fcrfen;<\/li><li>gem\u00e4\u00df Art. 15 DSGVO Auskunft \u00fcber Ihre von uns verarbeiteten personenbezogenen Daten zu verlangen. Insbesondere k\u00f6nnen Sie Auskunft \u00fcber die Verarbeitungszwecke, die Kategorie der personenbezogenen Daten, die Kategorien von Empf\u00e4ngern, gegen\u00fcber denen Ihre Daten offengelegt wurden oder werden, die geplante Speicherdauer, das Bestehen eines Rechts auf Berichtigung, L\u00f6schung, Einschr\u00e4nkung der Verarbeitung oder Widerspruch, das Bestehen eines Beschwerderechts, die Herkunft ihrer Daten, sofern diese nicht bei uns erhoben wurden, sowie \u00fcber das Bestehen einer automatisierten Entscheidungsfindung einschlie\u00dflich Profiling und ggf. aussagekr\u00e4ftigen Informationen zu deren Einzelheiten verlangen;<\/li><li>gem\u00e4\u00df Art. 16 DSGVO unverz\u00fcglich die Berichtigung unrichtiger oder Vervollst\u00e4ndigung Ihrer bei uns gespeicherten personenbezogenen Daten zu verlangen;<\/li><li>gem\u00e4\u00df Art. 17 DSGVO die L\u00f6schung Ihrer bei uns gespeicherten personenbezogenen Daten zu verlangen, soweit nicht die Verarbeitung zur Aus\u00fcbung des Rechts auf freie Meinungs\u00e4u\u00dferung und Information, zur Erf\u00fcllung einer rechtlichen Verpflichtung, aus Gr\u00fcnden des \u00f6ffentlichen Interesses oder zur Geltendmachung, Aus\u00fcbung oder Verteidigung von Rechtsanspr\u00fcchen erforderlich ist;<\/li><li>gem\u00e4\u00df Art. 18 DSGVO die Einschr\u00e4nkung der Verarbeitung Ihrer personenbezogenen Daten zu verlangen, soweit die Richtigkeit der Daten von Ihnen bestritten wird, die Verarbeitung unrechtm\u00e4\u00dfig ist, Sie aber deren L\u00f6schung ablehnen und wir die Daten nicht mehr ben\u00f6tigen, Sie jedoch diese zur Geltendmachung, Aus\u00fcbung oder Verteidigung von Rechtsanspr\u00fcchen ben\u00f6tigen oder Sie gem\u00e4\u00df Art. 21 DSGVO Widerspruch gegen die Verarbeitung eingelegt haben;<\/li><li>gem\u00e4\u00df Art. 20 DSGVO Ihre personenbezogenen Daten, die Sie uns bereitgestellt haben, in einem strukturierten, g\u00e4ngigen und maschinenlesebaren Format zu erhalten oder die \u00dcbermittlung an einen anderen Verantwortlichen zu verlangen und<\/li><li>gem\u00e4\u00df Art. 77 DSGVO sich bei einer Aufsichtsbeh\u00f6rde zu beschweren. In der Regel k\u00f6nnen Sie sich hierf\u00fcr an die Aufsichtsbeh\u00f6rde ihres \u00fcblichen Aufenthaltsortes oder Arbeitsplatzes oder unseres Vereinssitzes wenden.<\/li><\/ul>\n\n\n\n<h3 class=\"has-cyan-bluish-gray-color has-text-color wp-block-heading\">Information \u00fcber Ihr Widerspruchsrecht nach Art. 21 DSGVO<\/h3>\n\n\n\n<p>Sie haben das Recht, aus Gr\u00fcnden, die sich aus Ihrer besonderen Situation ergeben, jederzeit gegen die Verarbeitung Sie betreffender personenbezogener Daten, die aufgrund von Artikel 6 Absatz 1 Buchstabe e DSGVO (Datenverarbeitung im \u00f6ffentlichen Interesse) und Artikel 6 Absatz 1 Buchstabe f DSGVO (Datenverarbeitung auf der Grundlage einer Interessenabw\u00e4gung) erfolgt, Widerspruch einzulegen; dies gilt auch f\u00fcr ein auf diese Bestimmung gest\u00fctztes Profiling von Artikel 4 Nr. 4 DSGVO.<\/p>\n\n\n\n<p>Legen Sie Widerspruch ein, werden wir Ihre personenbezogenen Daten nicht mehr verarbeiten, es sei denn, wir k\u00f6nnen zwingende schutzw\u00fcrdige Gr\u00fcnde f\u00fcr die Verarbeitung nachweisen, die Ihre Interessen, Rechte und Freiheiten \u00fcberwiegen, oder die Verarbeitung dient der Geltendmachung, Aus\u00fcbung oder Verteidigung von Rechtsanspr\u00fcchen.<\/p>\n\n\n\n<p>Sofern sich Ihr Widerspruch gegen eine Verarbeitung von Daten zum Zwecke der Direktwerbung richtet, so werden wir die Verarbeitung umgehend einstellen. In diesem Fall ist die Angabe einer besonderen Situation nicht erforderlich. Dies gilt auch f\u00fcr das Profiling, soweit es mit solcher Direktwerbung in Verbindung steht.<\/p>\n\n\n\n<h4 class=\"has-cyan-bluish-gray-color has-text-color wp-block-heading\"><strong>Widerspruch einreichen<\/strong><\/h4>\n\n\n\n<p>M\u00f6chten Sie von Ihrem Widerspruchsrecht Gebrauch machen, gen\u00fcgt eine E-Mail an datenschutzkoordination(at)zv.fraunhofer.de.<\/p>\n\n\n\n<h3 class=\"has-cyan-bluish-gray-color has-text-color wp-block-heading\">Datensicherheit<\/h3>\n\n\n\n<p>Alle von Ihnen pers\u00f6nlich \u00fcbermittelten Daten werden mit dem allgemein \u00fcblichen und sicheren Standard TLS (Transport Layer Security) verschl\u00fcsselt \u00fcbertragen. TLS ist ein sicherer und erprobter Standard, der z.B. auch beim Onlinebanking Verwendung findet. Sie erkennen eine sichere TLS-Verbindung unter anderem an dem angeh\u00e4ngten s am http (also https:\/\/\u2026) in der Adressleiste Ihres Browsers oder am Schloss-Symbol im unteren Bereich Ihres Browsers.<\/p>\n\n\n\n<p>Wir bedienen uns im \u00dcbrigen geeigneter technischer und organisatorischer Sicherheitsma\u00dfnahmen, um Ihre Daten gegen zuf\u00e4llige oder vors\u00e4tzliche Manipulationen, teilweisen oder vollst\u00e4ndigen Verlust, Zerst\u00f6rung oder gegen den unbefugten Zugriff Dritter zu sch\u00fctzen. Unsere Sicherheitsma\u00dfnahmen werden entsprechend der technologischen Entwicklung fortlaufend verbessert.<\/p>\n\n\n\n<h3 class=\"has-cyan-bluish-gray-color has-text-color wp-block-heading\">Aktualit\u00e4t und \u00c4nderung dieser Datenschutzinformation<\/h3>\n\n\n\n<p>Diese Datenschutzinformation ist aktuell g\u00fcltig und hat den Stand M\u00e4rz 2019.<\/p>\n\n\n\n<p>Durch die Weiterentwicklung unserer Website und Angebote dar\u00fcber oder aufgrund ge\u00e4nderter gesetzlicher bzw. beh\u00f6rdlicher Vorgaben kann es notwendig werden, diese Datenschutzinformation zu \u00e4ndern. Die jeweils aktuelle Datenschutzinformation kann jederzeit auf unserer Website von Ihnen abgerufen und ausgedruckt werden.<\/p>\n\n\n\n<h3 class=\"has-cyan-bluish-gray-color has-text-color wp-block-heading\">Einwilligungserkl\u00e4rung f\u00fcr Bildaufnahmen<\/h3>\n\n\n\n<p>Wir weisen darauf hin, dass im Rahmen von Veranstaltungen Bildaufnahmen durch uns oder akkreditierte Personen und Dienstleister erstellt werden.<\/p>\n\n\n\n<p>Sie erkl\u00e4ren sich damit einverstanden, dass die dabei entstandenen Fotos zur Ver\u00f6ffentlichung und Verbreitung in den Medien (Presse, Internet, Flyer, Brosch\u00fcren usw.) im Zusammenhang mit den Veranstaltungen ohne zeitliche und \u00f6rtliche mediale Beschr\u00e4nkung durch den Veranstalter verwendet werden k\u00f6nnen. Sie erkl\u00e4ren sich durch Ihre Anmeldung und Teilnahme damit einverstanden, unwiderruflich s\u00e4mtliche ausschlie\u00dflichen, abtretbaren, r\u00e4umlich unbeschr\u00e4nkten und zeitlich unbefristeten Rechte f\u00fcr jegliche Nutzung und Ver\u00f6ffentlichung in unver\u00e4nderter wie auch in bearbeiteter Form durch uns selbst oder durch Dritte, ungeachtet der \u00dcbertragungs-, Tr\u00e4ger- und Speichertechniken an den mit Ihnen im Rahmen von Veranstaltungen angefertigten Bildaufnahmen einzur\u00e4umen. In diesem Zusammenhang verzichten Sie auf ein Honorar f\u00fcr die entstandenen Bildaufnahmen. Die Namensnennung liegt in unserem Ermessen.<\/p>\n\n\n\n<p>Bei Aufnahmen, bei denen der Fokus auf einzelnen Personen liegt, haben Sie jederzeit das Recht und die M\u00f6glichkeit, die Fotografin\/den Fotografen darauf hinzuweisen, dass Sie nicht aufgenommen werden m\u00f6chten.<\/p>\n\n\n\n<h4 class=\"has-cyan-bluish-gray-color has-text-color wp-block-heading\"><strong>Widerspruch einreichen<\/strong><\/h4>\n\n\n\n<p>M\u00f6chten Sie von Ihrem Widerspruchsrecht Gebrauch machen, gen\u00fcgt eine E-Mail an ideen(at)iff.fraunhofer.de.<\/p>\n","protected":false},"excerpt":{"rendered":"<p>Im Rahmen der Nutzung dieser Website werden personenbezogene Daten von Ihnen durch uns als den f\u00fcr die Datenverarbeitung Verantwortlichen verarbeitet und f\u00fcr die Dauer gespeichert, die zur Erf\u00fcllung der festgelegten Zwecke und gesetzlicher Verpflichtungen erforderlich ist. Im Folgenden informieren wir Sie dar\u00fcber, um welche Daten es sich dabei handelt, auf welche Weise sie verarbeitet werden [&hellip;]<\/p>\n","protected":false},"author":1,"featured_media":0,"parent":0,"menu_order":0,"comment_status":"closed","ping_status":"closed","template":"","meta":{"_acf_changed":false,"footnotes":""},"coauthors":[2],"class_list":["post-3","page","type-page","status-publish","czr-hentry"],"acf":[],"_links":{"self":[{"href":"https:\/\/websites.fraunhofer.de\/aroundrobots\/index.php?rest_route=\/wp\/v2\/pages\/3","targetHints":{"allow":["GET"]}}],"collection":[{"href":"https:\/\/websites.fraunhofer.de\/aroundrobots\/index.php?rest_route=\/wp\/v2\/pages"}],"about":[{"href":"https:\/\/websites.fraunhofer.de\/aroundrobots\/index.php?rest_route=\/wp\/v2\/types\/page"}],"author":[{"embeddable":true,"href":"https:\/\/websites.fraunhofer.de\/aroundrobots\/index.php?rest_route=\/wp\/v2\/users\/1"}],"replies":[{"embeddable":true,"href":"https:\/\/websites.fraunhofer.de\/aroundrobots\/index.php?rest_route=%2Fwp%2Fv2%2Fcomments&post=3"}],"version-history":[{"count":4,"href":"https:\/\/websites.fraunhofer.de\/aroundrobots\/index.php?rest_route=\/wp\/v2\/pages\/3\/revisions"}],"predecessor-version":[{"id":149,"href":"https:\/\/websites.fraunhofer.de\/aroundrobots\/index.php?rest_route=\/wp\/v2\/pages\/3\/revisions\/149"}],"wp:attachment":[{"href":"https:\/\/websites.fraunhofer.de\/aroundrobots\/index.php?rest_route=%2Fwp%2Fv2%2Fmedia&parent=3"}],"wp:term":[{"taxonomy":"author","embeddable":true,"href":"https:\/\/websites.fraunhofer.de\/aroundrobots\/index.php?rest_route=%2Fwp%2Fv2%2Fcoauthors&post=3"}],"curies":[{"name":"wp","href":"https:\/\/api.w.org\/{rel}","templated":true}]}}