{"id":7,"date":"2021-04-10T11:58:18","date_gmt":"2021-04-10T09:58:18","guid":{"rendered":"https:\/\/websites.fraunhofer.de\/aquias\/?page_id=7"},"modified":"2021-04-10T13:04:16","modified_gmt":"2021-04-10T11:04:16","slug":"aquias-teilhabe-durch-robotik","status":"publish","type":"page","link":"https:\/\/websites.fraunhofer.de\/aquias\/","title":{"rendered":"AQUIAS"},"content":{"rendered":"<p><img loading=\"lazy\" decoding=\"async\" class=\"alignnone\" src=\"https:\/\/websites.fraunhofer.de\/aquias\/wp-content\/uploads\/2021\/04\/4979-AQUIAS_lo_RGB-mit-Transparenz.png\" alt=\"\" width=\"3130\" height=\"1083\"><\/p>\n<p><img loading=\"lazy\" decoding=\"async\" class=\"alignnone\" src=\"https:\/\/websites.fraunhofer.de\/aquias\/wp-content\/uploads\/2021\/04\/MS2_0561_1-2.jpg\" alt=\"\" width=\"1016\" height=\"327\"><\/p>\n<p><strong>Der Einzug der Roboter in die Produktionshallen deutscher Unternehmen ist bereits in vollem Gange. Die neueste Generation von Sicherheitssensorik in Robotern erm\u00f6glicht eine v\u00f6llig neue Organisation der Produktionsarbeit ohne Schutzzaun. Doch wie kann die Arbeitsteilung zwischen Mensch und Roboter so gestaltet werden, dass Mitarbeiterinnen und Mitarbeiter attraktive Aufgaben erhalten? Das Verbundprojekt&nbsp;AQUIAS (Arbeitsqualit\u00e4t durch individuell angepasste Arbeitsteilung zwischen Servicerobotern und schwer-\/nichtbehinderten Produktionsmitarbeitern) geht diese Fragen im Spannungsfeld zwischen Wirtschaftlichkeit und Teilhabe an attraktiver Arbeit an.<\/strong><\/p>\n<p>Wie die neuen Chancen der barrierefreien Mensch-Roboter-Kooperation speziell f\u00fcr schwerbehinderte Personen genutzt werden k\u00f6nnen, ist ein weiterer Schwerpunkt des Projekts AQUIAS. Die individuelle Unterst\u00fctzung von schwerbehinderten Produktionsmitarbeitern durch mobile Produktionsassistenten verspricht Teilhabe an Arbeit f\u00fcr diese Personengruppe, aber auch Lernpotenzial f\u00fcr die Unterst\u00fctzung normal leistungsf\u00e4higer Mitarbeiter durch Robotik.<\/p>\n<p>&nbsp;<\/p>\n<p><strong>Projektdesign AQUIAS<\/strong><\/p>\n<p>&nbsp;<\/p>\n<p><img loading=\"lazy\" decoding=\"async\" class=\"alignnone wp-image-286 size-full\" src=\"https:\/\/websites.fraunhofer.de\/aquias\/wp-content\/uploads\/2021\/04\/Projektdesign-AQUIAS-2.png\" alt=\"Projektdesign AQUIAS\" width=\"960\" height=\"720\"><\/p>\n<p>&nbsp;<\/p>\n<p>Um breiten Besch\u00e4ftigtengruppen die Teilhabe an attraktiver&nbsp;Arbeit in der Mensch-Roboter-Zusammenarbeit zu erschlie\u00dfen,&nbsp;geht das Projekt AQUIAS einen besonderen Weg: Im ersten der&nbsp;beiden Pilotbereiche wird der mobile Produktionsassistent \u00bbAPASassistant\u00ab der Robert Bosch GmbH in der Integrationsfirma&nbsp;ISAK gGmbH eingesetzt. In diesem Unternehmen arbeiten&nbsp;schwerbehinderte Produktionsmitarbeiter mit sehr individuellen&nbsp;Leistungseinschr\u00e4nkungen in der Montage.<\/p>\n<p>Am 10.05.2017 wurde der Fach\u00f6ffentlichkeit der in der Firma ISAK gGmbH realisierte Arbeitsplatz zur Mensch-Roboter-Kollaboration mit Schwerbehinderten im Rahmen eines Demonstrationstags vorgestellt (f\u00fcr mehr Informationen auf das Foto klicken).<\/p>\n<p><img loading=\"lazy\" decoding=\"async\" class=\"alignnone wp-image-410\" src=\"https:\/\/websites.fraunhofer.de\/aquias\/wp-content\/uploads\/2021\/04\/1-300x200-1.jpg\" alt=\"\" width=\"524\" height=\"349\"><\/p>\n<p>&nbsp;<\/p>\n<p>Im zweiten Pilotbereich testet die Robert Bosch GmbH mit ihrem&nbsp;mobilen Produktionsassistenten \u00bbAPAS assistant\u00ab unterschiedliche&nbsp;Formen der Arbeitsteilung zwischen Mensch und Roboter. So&nbsp;werden \u00dcberg\u00e4nge der Arbeitsorganisation mit den Beteiligten&nbsp;entwickelt und diskutiert. Zielgruppe sind Mitarbeiterinnen und&nbsp;Mitarbeiter ohne Leistungseinschr\u00e4nkungen. Die Erfahrungen aus&nbsp;dem ersten Pilotbereich flie\u00dfen hier ein.<\/p>\n<p>Um die neuen Gestaltungsoptionen der Mensch-Roboter-Zusammenarbeit m\u00f6glichst fr\u00fchzeitig diskutieren zu k\u00f6nnen,&nbsp;entwickeln die Partner im Projekt AQUIAS alternative Szenarien&nbsp;der zuk\u00fcnftigen Arbeitsprozesse. Durch deren Vergleich werden&nbsp;unterschiedliche Formen der Arbeitsteilung zwischen Mensch und&nbsp;Roboter sichtbar und k\u00f6nnen diskutiert werden.<\/p>\n<p>So erm\u00f6glichen die Szenarien R\u00fcckschl\u00fcsse darauf, wie sich die&nbsp;Arbeitsaufgaben des Menschen ver\u00e4ndern, durch neue Aufgaben&nbsp;erg\u00e4nzt werden oder wegfallen. Diese Ver\u00e4nderungen werden&nbsp;nach arbeitswissenschaftlichen Kriterien bewertet, um die Qualit\u00e4t&nbsp;der neugestalteten Arbeit aus Sicht des Menschen zu ermitteln.&nbsp;Die Ergebnisse k\u00f6nnen Unternehmen nutzen, um attraktive&nbsp;Arbeitsaufgaben f\u00fcr die Mensch-Roboter-Zusammenarbeit zu&nbsp;entwickeln.<\/p>\n<p>Das Forschungsprojekt AQUIAS wird mit Mitteln des Bundesministeriums&nbsp;f\u00fcr Bildung und Forschung (BMBF) unter der F\u00f6rdernummer 02L14A110 gef\u00f6rdert.<\/p>\n<p><img loading=\"lazy\" decoding=\"async\" class=\"alignnone\" src=\"https:\/\/websites.fraunhofer.de\/aquias\/wp-content\/uploads\/2021\/04\/BMBF_RGB_Gef_L.jpg\" alt=\"\" width=\"164\" height=\"116\"><img loading=\"lazy\" decoding=\"async\" class=\"wp-image-351 alignnone\" src=\"https:\/\/websites.fraunhofer.de\/aquias\/wp-content\/uploads\/2021\/04\/Arbeitswelten-der-Zukunft_WJLogo_2018_webRZ-2-300x213-1.png\" alt=\"\" width=\"161\" height=\"114\"><\/p>\n","protected":false},"excerpt":{"rendered":"<p>Der Einzug der Roboter in die Produktionshallen deutscher Unternehmen ist bereits in vollem Gange. Die neueste Generation von Sicherheitssensorik in Robotern erm\u00f6glicht eine v\u00f6llig neue Organisation der Produktionsarbeit ohne Schutzzaun. Doch wie kann die Arbeitsteilung zwischen Mensch und Roboter so gestaltet werden, dass Mitarbeiterinnen und Mitarbeiter attraktive Aufgaben erhalten? Das Verbundprojekt&nbsp;AQUIAS (Arbeitsqualit\u00e4t durch individuell angepasste &hellip; <a href=\"https:\/\/websites.fraunhofer.de\/aquias\/\" class=\"read-more\">Weiterlesen <span class=\"screen-reader-text sr-only\">AQUIAS<\/span><\/a><\/p>\n","protected":false},"author":1,"featured_media":0,"parent":0,"menu_order":0,"comment_status":"closed","ping_status":"closed","template":"","meta":{"footnotes":""},"class_list":["post-7","page","type-page","status-publish","hentry"],"_links":{"self":[{"href":"https:\/\/websites.fraunhofer.de\/aquias\/index.php\/wp-json\/wp\/v2\/pages\/7","targetHints":{"allow":["GET"]}}],"collection":[{"href":"https:\/\/websites.fraunhofer.de\/aquias\/index.php\/wp-json\/wp\/v2\/pages"}],"about":[{"href":"https:\/\/websites.fraunhofer.de\/aquias\/index.php\/wp-json\/wp\/v2\/types\/page"}],"author":[{"embeddable":true,"href":"https:\/\/websites.fraunhofer.de\/aquias\/index.php\/wp-json\/wp\/v2\/users\/1"}],"replies":[{"embeddable":true,"href":"https:\/\/websites.fraunhofer.de\/aquias\/index.php\/wp-json\/wp\/v2\/comments?post=7"}],"version-history":[{"count":2,"href":"https:\/\/websites.fraunhofer.de\/aquias\/index.php\/wp-json\/wp\/v2\/pages\/7\/revisions"}],"predecessor-version":[{"id":16,"href":"https:\/\/websites.fraunhofer.de\/aquias\/index.php\/wp-json\/wp\/v2\/pages\/7\/revisions\/16"}],"wp:attachment":[{"href":"https:\/\/websites.fraunhofer.de\/aquias\/index.php\/wp-json\/wp\/v2\/media?parent=7"}],"curies":[{"name":"wp","href":"https:\/\/api.w.org\/{rel}","templated":true}]}}